{"id":11251,"date":"2026-02-16T10:15:23","date_gmt":"2026-02-16T15:15:23","guid":{"rendered":"https:\/\/experienciaslatam.com\/?post_type=product&#038;p=11251"},"modified":"2026-04-22T17:04:16","modified_gmt":"2026-04-22T22:04:16","slug":"estudia-los-secretos-de-la-capoeira-con-un-maestro-en-maravilha-retreat-en-buzios","status":"publish","type":"product","link":"https:\/\/experienciaslatam.com\/es\/experiencias\/estudia-los-secretos-de-la-capoeira-con-un-maestro-en-maravilha-retreat-en-buzios\/","title":{"rendered":"Estudia los secretos de la capoeira con un maestro en Maravilha Retreat, en B\u00fazios"},"content":{"rendered":"<p>Sum\u00e9rgete en los ritmos afrobrasile\u00f1os de la capoeira bajo la gu\u00eda de un maestro de nivel competitivo en R\u00edo. Conocer\u00e1s a tu instructor, el Maestro Marimbondo, y participar\u00e1s en un taller para principiantes que no est\u00e1 disponible para el p\u00fablico general. Despu\u00e9s de aprender movimientos b\u00e1sicos e historia cultural, disfrutar\u00e1s de un almuerzo tradicional de feijoada, acompa\u00f1ado de una cl\u00e1sica caipiri\u00f1a. Adem\u00e1s, recibir\u00e1s un recuerdo especial para conmemorar tu experiencia. Exclusivo para tarjetahabientes Mastercard.<\/p>\n","protected":false},"excerpt":{"rendered":"<p>Sum\u00e9rgete en los ritmos afrobrasile\u00f1os de la capoeira bajo la gu\u00eda de un maestro de nivel competitivo en R\u00edo. Conocer\u00e1s a tu instructor, el Maestro Marimbondo, y participar\u00e1s en un taller para principiantes que no est\u00e1 disponible para el p\u00fablico general. Despu\u00e9s de aprender movimientos b\u00e1sicos e historia cultural, disfrutar\u00e1s de un almuerzo tradicional de [&hellip;]<\/p>\n","protected":false},"featured_media":11255,"template":"","meta":{"_acf_changed":false,"inline_featured_image":false},"product_brand":[],"product_cat":[47],"product_tag":[],"class_list":{"0":"post-11251","1":"product","2":"type-product","3":"status-publish","4":"has-post-thumbnail","6":"product_cat-experiencias","8":"first","9":"instock","10":"virtual","11":"sold-individually","12":"purchasable","13":"product-type-booking"},"acf":[],"_links":{"self":[{"href":"https:\/\/experienciaslatam.com\/es\/wp-json\/wp\/v2\/product\/11251","targetHints":{"allow":["GET"]}}],"collection":[{"href":"https:\/\/experienciaslatam.com\/es\/wp-json\/wp\/v2\/product"}],"about":[{"href":"https:\/\/experienciaslatam.com\/es\/wp-json\/wp\/v2\/types\/product"}],"wp:featuredmedia":[{"embeddable":true,"href":"https:\/\/experienciaslatam.com\/es\/wp-json\/wp\/v2\/media\/11255"}],"wp:attachment":[{"href":"https:\/\/experienciaslatam.com\/es\/wp-json\/wp\/v2\/media?parent=11251"}],"wp:term":[{"taxonomy":"product_brand","embeddable":true,"href":"https:\/\/experienciaslatam.com\/es\/wp-json\/wp\/v2\/product_brand?post=11251"},{"taxonomy":"product_cat","embeddable":true,"href":"https:\/\/experienciaslatam.com\/es\/wp-json\/wp\/v2\/product_cat?post=11251"},{"taxonomy":"product_tag","embeddable":true,"href":"https:\/\/experienciaslatam.com\/es\/wp-json\/wp\/v2\/product_tag?post=11251"}],"curies":[{"name":"wp","href":"https:\/\/api.w.org\/{rel}","templated":true}]}}