{"id":11284,"date":"2026-02-18T09:13:30","date_gmt":"2026-02-18T14:13:30","guid":{"rendered":"https:\/\/experienciaslatam.com\/?post_type=product&#038;p=11284"},"modified":"2026-04-28T10:35:34","modified_gmt":"2026-04-28T15:35:34","slug":"descubre-la-despensa-colombiana-con-nicocina-salvo-patria","status":"publish","type":"product","link":"https:\/\/experienciaslatam.com\/es\/experiencias\/descubre-la-despensa-colombiana-con-nicocina-salvo-patria\/","title":{"rendered":"Descubre la despensa colombiana con Nicocina &#038; Salvo Patria"},"content":{"rendered":"<p>Emb\u00e1rcate en un viaje culinario \u00edntimo por las regiones de Colombia, guiado por el creador Nicocina y el Chef Alejandro Guti\u00e9rrez de Salvo Patria. Cada sesi\u00f3n revela los sabores, historias y memoria cultural detr\u00e1s de la despensa del pa\u00eds, donde cocinar se convierte en un relato y aprender se transforma en conexi\u00f3n. Los invitados exploran una regi\u00f3n distinta a trav\u00e9s de preparaci\u00f3n pr\u00e1ctica, di\u00e1logo con expertos locales y una mesa compartida que celebra el origen, el territorio y la tradici\u00f3n. Una #PricelessExperience profundamente inmersiva, dise\u00f1ada para sentir, saborear y comprender Colombia desde adentro. Exclusivo para tarjetahabientes Mastercard.<\/p>\n","protected":false},"excerpt":{"rendered":"<p>Emb\u00e1rcate en un viaje culinario \u00edntimo por las regiones de Colombia, guiado por el creador Nicocina y el Chef Alejandro Guti\u00e9rrez de Salvo Patria. Cada sesi\u00f3n revela los sabores, historias y memoria cultural detr\u00e1s de la despensa del pa\u00eds, donde cocinar se convierte en un relato y aprender se transforma en conexi\u00f3n. Los invitados exploran [&hellip;]<\/p>\n","protected":false},"featured_media":11292,"template":"","meta":{"_acf_changed":false,"inline_featured_image":false},"product_brand":[],"product_cat":[47],"product_tag":[],"class_list":{"0":"post-11284","1":"product","2":"type-product","3":"status-publish","4":"has-post-thumbnail","6":"product_cat-experiencias","8":"first","9":"outofstock","10":"sold-individually","11":"shipping-taxable","12":"purchasable","13":"product-type-variable"},"acf":[],"_links":{"self":[{"href":"https:\/\/experienciaslatam.com\/es\/wp-json\/wp\/v2\/product\/11284","targetHints":{"allow":["GET"]}}],"collection":[{"href":"https:\/\/experienciaslatam.com\/es\/wp-json\/wp\/v2\/product"}],"about":[{"href":"https:\/\/experienciaslatam.com\/es\/wp-json\/wp\/v2\/types\/product"}],"wp:featuredmedia":[{"embeddable":true,"href":"https:\/\/experienciaslatam.com\/es\/wp-json\/wp\/v2\/media\/11292"}],"wp:attachment":[{"href":"https:\/\/experienciaslatam.com\/es\/wp-json\/wp\/v2\/media?parent=11284"}],"wp:term":[{"taxonomy":"product_brand","embeddable":true,"href":"https:\/\/experienciaslatam.com\/es\/wp-json\/wp\/v2\/product_brand?post=11284"},{"taxonomy":"product_cat","embeddable":true,"href":"https:\/\/experienciaslatam.com\/es\/wp-json\/wp\/v2\/product_cat?post=11284"},{"taxonomy":"product_tag","embeddable":true,"href":"https:\/\/experienciaslatam.com\/es\/wp-json\/wp\/v2\/product_tag?post=11284"}],"curies":[{"name":"wp","href":"https:\/\/api.w.org\/{rel}","templated":true}]}}