{"id":12071,"date":"2026-03-26T13:56:44","date_gmt":"2026-03-26T18:56:44","guid":{"rendered":"https:\/\/experienciaslatam.com\/?post_type=product&#038;p=12071"},"modified":"2026-03-26T15:14:30","modified_gmt":"2026-03-26T20:14:30","slug":"practica-yoga-y-meditacion-de-sonido-con-una-atleta-campeona","status":"publish","type":"product","link":"https:\/\/experienciaslatam.com\/es\/experiencias\/practica-yoga-y-meditacion-de-sonido-con-una-atleta-campeona\/","title":{"rendered":"Practica yoga y meditaci\u00f3n de sonido con una atleta campeona"},"content":{"rendered":"<p>Restaura tu equilibrio a trav\u00e9s del movimiento, el sonido y el poder sanador del oc\u00e9ano en esta experiencia curada en Maravilha Retreat, B\u00fazios. \u00danete a tu anfitriona, la fisicoculturista campeona Mara Miranda, para una sesi\u00f3n de yoga de conexi\u00f3n y una meditaci\u00f3n sanadora con cuencos de sonido. Luego emprender\u00e1s una caminata guiada por senderos costeros. Disfrutar\u00e1s de una bebida de bienestar elaborada con bot\u00e1nicos brasile\u00f1os y te llevar\u00e1s a casa una piedra artesanal de conexi\u00f3n como recuerdo de tu experiencia. Exclusivo para tarjetahabientes Mastercard.<\/p>\n","protected":false},"excerpt":{"rendered":"<p>Restaura tu equilibrio a trav\u00e9s del movimiento, el sonido y el poder sanador del oc\u00e9ano en esta experiencia curada en Maravilha Retreat, B\u00fazios. \u00danete a tu anfitriona, la fisicoculturista campeona Mara Miranda, para una sesi\u00f3n de yoga de conexi\u00f3n y una meditaci\u00f3n sanadora con cuencos de sonido. Luego emprender\u00e1s una caminata guiada por senderos costeros. [&hellip;]<\/p>\n","protected":false},"featured_media":12083,"template":"","meta":{"_acf_changed":false,"inline_featured_image":false},"product_brand":[],"product_cat":[47],"product_tag":[],"class_list":{"0":"post-12071","1":"product","2":"type-product","3":"status-publish","4":"has-post-thumbnail","6":"product_cat-experiencias","8":"first","9":"instock","10":"virtual","11":"sold-individually","12":"purchasable","13":"product-type-booking"},"acf":[],"_links":{"self":[{"href":"https:\/\/experienciaslatam.com\/es\/wp-json\/wp\/v2\/product\/12071","targetHints":{"allow":["GET"]}}],"collection":[{"href":"https:\/\/experienciaslatam.com\/es\/wp-json\/wp\/v2\/product"}],"about":[{"href":"https:\/\/experienciaslatam.com\/es\/wp-json\/wp\/v2\/types\/product"}],"wp:featuredmedia":[{"embeddable":true,"href":"https:\/\/experienciaslatam.com\/es\/wp-json\/wp\/v2\/media\/12083"}],"wp:attachment":[{"href":"https:\/\/experienciaslatam.com\/es\/wp-json\/wp\/v2\/media?parent=12071"}],"wp:term":[{"taxonomy":"product_brand","embeddable":true,"href":"https:\/\/experienciaslatam.com\/es\/wp-json\/wp\/v2\/product_brand?post=12071"},{"taxonomy":"product_cat","embeddable":true,"href":"https:\/\/experienciaslatam.com\/es\/wp-json\/wp\/v2\/product_cat?post=12071"},{"taxonomy":"product_tag","embeddable":true,"href":"https:\/\/experienciaslatam.com\/es\/wp-json\/wp\/v2\/product_tag?post=12071"}],"curies":[{"name":"wp","href":"https:\/\/api.w.org\/{rel}","templated":true}]}}