{"id":12146,"date":"2026-03-31T14:53:17","date_gmt":"2026-03-31T19:53:17","guid":{"rendered":"https:\/\/experienciaslatam.com\/?post_type=product&#038;p=12146"},"modified":"2026-04-23T16:24:43","modified_gmt":"2026-04-23T21:24:43","slug":"disfruta-momentos-unicos-con-whisky-seleccionado-en-la-boutique-del-whisky","status":"publish","type":"product","link":"https:\/\/experienciaslatam.com\/es\/experiencias\/disfruta-momentos-unicos-con-whisky-seleccionado-en-la-boutique-del-whisky\/","title":{"rendered":"Disfruta momentos \u00fanicos con whisky seleccionado en La Boutique del Whisky"},"content":{"rendered":"<p>Ad\u00e9ntrate en el mundo \u00e1mbar del whisky fino durante una cata privada guiada en La Boutique del Whisky, un bar de alta gama en Medell\u00edn dedicado a este sofisticado destilado. Guiada por su fundador, la experiencia te llevar\u00e1 a recorrer tres estilos de whisky cuidadosamente seleccionados, mientras descubres c\u00f3mo la madera, el tiempo y la artesan\u00eda dan forma al car\u00e1cter de cada expresi\u00f3n. Tendr\u00e1s una hora completa para decidir tus favoritos, y adem\u00e1s recibir\u00e1s una botella miniatura y un cuaderno de cata personalizado para llevar a casa. Exclusivo para tarjetahabientes Mastercard.<\/p>\n","protected":false},"excerpt":{"rendered":"<p>Ad\u00e9ntrate en el mundo \u00e1mbar del whisky fino durante una cata privada guiada en La Boutique del Whisky, un bar de alta gama en Medell\u00edn dedicado a este sofisticado destilado. Guiada por su fundador, la experiencia te llevar\u00e1 a recorrer tres estilos de whisky cuidadosamente seleccionados, mientras descubres c\u00f3mo la madera, el tiempo y la [&hellip;]<\/p>\n","protected":false},"featured_media":12159,"template":"","meta":{"_acf_changed":false,"inline_featured_image":false},"product_brand":[],"product_cat":[47],"product_tag":[],"class_list":{"0":"post-12146","1":"product","2":"type-product","3":"status-publish","4":"has-post-thumbnail","6":"product_cat-experiencias","8":"first","9":"instock","10":"virtual","11":"sold-individually","12":"purchasable","13":"product-type-booking"},"acf":[],"_links":{"self":[{"href":"https:\/\/experienciaslatam.com\/es\/wp-json\/wp\/v2\/product\/12146","targetHints":{"allow":["GET"]}}],"collection":[{"href":"https:\/\/experienciaslatam.com\/es\/wp-json\/wp\/v2\/product"}],"about":[{"href":"https:\/\/experienciaslatam.com\/es\/wp-json\/wp\/v2\/types\/product"}],"wp:featuredmedia":[{"embeddable":true,"href":"https:\/\/experienciaslatam.com\/es\/wp-json\/wp\/v2\/media\/12159"}],"wp:attachment":[{"href":"https:\/\/experienciaslatam.com\/es\/wp-json\/wp\/v2\/media?parent=12146"}],"wp:term":[{"taxonomy":"product_brand","embeddable":true,"href":"https:\/\/experienciaslatam.com\/es\/wp-json\/wp\/v2\/product_brand?post=12146"},{"taxonomy":"product_cat","embeddable":true,"href":"https:\/\/experienciaslatam.com\/es\/wp-json\/wp\/v2\/product_cat?post=12146"},{"taxonomy":"product_tag","embeddable":true,"href":"https:\/\/experienciaslatam.com\/es\/wp-json\/wp\/v2\/product_tag?post=12146"}],"curies":[{"name":"wp","href":"https:\/\/api.w.org\/{rel}","templated":true}]}}