{"id":12178,"date":"2026-03-31T16:34:41","date_gmt":"2026-03-31T21:34:41","guid":{"rendered":"https:\/\/experienciaslatam.com\/?post_type=product&#038;p=12178"},"modified":"2026-03-31T22:30:15","modified_gmt":"2026-04-01T03:30:15","slug":"accede-fuera-del-horario-habitual-al-arte-y-los-sabores-argentinos-en-buenos-aires","status":"publish","type":"product","link":"https:\/\/experienciaslatam.com\/es\/experiencias\/accede-fuera-del-horario-habitual-al-arte-y-los-sabores-argentinos-en-buenos-aires\/","title":{"rendered":"Accede fuera del horario habitual al arte y los sabores argentinos en Buenos Aires"},"content":{"rendered":"<p>Disfruta un recorrido guiado fuera del horario regular, conversa con un artista, del\u00e9itate con un brunch gourmet o una picada, y recibe un obsequio. Obt\u00e9n acceso privilegiado fuera del horario habitual a HACHE Gallery para una introducci\u00f3n \u00edntima al arte contempor\u00e1neo argentino y latinoamericano, junto con la gastronom\u00eda local. Disfrutar\u00e1s de una visita guiada liderada por los directores de la galer\u00eda, explorar\u00e1s archivos no abiertos al p\u00fablico y participar\u00e1s en una conversaci\u00f3n privada con un artista destacado. Adem\u00e1s, saborear\u00e1s un brunch argentino gourmet o una picada con delicias tradicionales, acompa\u00f1adas de una cata de vinos cuidadosamente seleccionada. Para cerrar la experiencia, te llevar\u00e1s a casa un obsequio editorial de HACHE Gallery como recuerdo del encuentro. Exclusivo para tarjetahabientes Mastercard.<\/p>\n","protected":false},"excerpt":{"rendered":"<p>Disfruta un recorrido guiado fuera del horario regular, conversa con un artista, del\u00e9itate con un brunch gourmet o una picada, y recibe un obsequio. Obt\u00e9n acceso privilegiado fuera del horario habitual a HACHE Gallery para una introducci\u00f3n \u00edntima al arte contempor\u00e1neo argentino y latinoamericano, junto con la gastronom\u00eda local. Disfrutar\u00e1s de una visita guiada liderada [&hellip;]<\/p>\n","protected":false},"featured_media":12205,"template":"","meta":{"_acf_changed":false,"inline_featured_image":false},"product_brand":[],"product_cat":[47],"product_tag":[],"class_list":{"0":"post-12178","1":"product","2":"type-product","3":"status-publish","4":"has-post-thumbnail","6":"product_cat-experiencias","8":"first","9":"instock","10":"virtual","11":"sold-individually","12":"purchasable","13":"product-type-booking"},"acf":[],"_links":{"self":[{"href":"https:\/\/experienciaslatam.com\/es\/wp-json\/wp\/v2\/product\/12178","targetHints":{"allow":["GET"]}}],"collection":[{"href":"https:\/\/experienciaslatam.com\/es\/wp-json\/wp\/v2\/product"}],"about":[{"href":"https:\/\/experienciaslatam.com\/es\/wp-json\/wp\/v2\/types\/product"}],"wp:featuredmedia":[{"embeddable":true,"href":"https:\/\/experienciaslatam.com\/es\/wp-json\/wp\/v2\/media\/12205"}],"wp:attachment":[{"href":"https:\/\/experienciaslatam.com\/es\/wp-json\/wp\/v2\/media?parent=12178"}],"wp:term":[{"taxonomy":"product_brand","embeddable":true,"href":"https:\/\/experienciaslatam.com\/es\/wp-json\/wp\/v2\/product_brand?post=12178"},{"taxonomy":"product_cat","embeddable":true,"href":"https:\/\/experienciaslatam.com\/es\/wp-json\/wp\/v2\/product_cat?post=12178"},{"taxonomy":"product_tag","embeddable":true,"href":"https:\/\/experienciaslatam.com\/es\/wp-json\/wp\/v2\/product_tag?post=12178"}],"curies":[{"name":"wp","href":"https:\/\/api.w.org\/{rel}","templated":true}]}}