{"id":2365,"date":"2024-10-26T15:29:16","date_gmt":"2024-10-26T20:29:16","guid":{"rendered":"https:\/\/smartlinks-web-pdn-priceless-latam.azurewebsites.net\/sin%20categor\u00eda\/dejate-atrapar-por-los-hipnoticos-ritmos-del-tango-en-buenos-aires\/"},"modified":"2024-11-18T19:31:10","modified_gmt":"2024-11-19T00:31:10","slug":"dejate-atrapar-por-los-hipnoticos-ritmos-del-tango-en-buenos-aires","status":"publish","type":"product","link":"https:\/\/experienciaslatam.com\/es\/experiencias\/dejate-atrapar-por-los-hipnoticos-ritmos-del-tango-en-buenos-aires\/","title":{"rendered":"D\u00e9jate atrapar por los hipn\u00f3ticos ritmos del tango en Buenos Aires"},"content":{"rendered":"<p><span class=\"TextRun SCXW140784507 BCX0\" lang=\"EN-US\" xml:lang=\"EN-US\" data-contrast=\"none\"><span class=\"NormalTextRun SCXW140784507 BCX0\"><span style=\"vertical-align: inherit;\"><span style=\"vertical-align: inherit;\"><span style=\"vertical-align: inherit;\"><span style=\"vertical-align: inherit;\">Prep\u00e1rese para una noche inolvidable de tango en su lugar de origen: Buenos Aires. En el exclusivo <\/span><\/span><\/span><\/span><\/span><span class=\"NormalTextRun SpellingErrorV2Themed SCXW140784507 BCX0\"><span style=\"vertical-align: inherit;\"><span style=\"vertical-align: inherit;\"><span style=\"vertical-align: inherit;\"><span style=\"vertical-align: inherit;\">barrio <\/span><\/span><\/span><\/span><\/span><span class=\"NormalTextRun SCXW140784507 BCX0\"><span style=\"vertical-align: inherit;\"><span style=\"vertical-align: inherit;\"><span style=\"vertical-align: inherit;\"><span style=\"vertical-align: inherit;\"> de Puerto Madero, <\/span><\/span><\/span><\/span><\/span><span class=\"NormalTextRun SCXW140784507 BCX0\"><span style=\"vertical-align: inherit;\"><span style=\"vertical-align: inherit;\"><span style=\"vertical-align: inherit;\"><span style=\"vertical-align: inherit;\">tendr\u00e1s <\/span><\/span><\/span><\/span><\/span> <span class=\"NormalTextRun SCXW140784507 BCX0\"><span style=\"vertical-align: inherit;\"><span style=\"vertical-align: inherit;\"><span style=\"vertical-align: inherit;\"><span style=\"vertical-align: inherit;\"> una lecci\u00f3n privada de tango con un especialista, aprendiendo tus primeros pasos en un entorno seguro y de apoyo. Luego <\/span><\/span><\/span><\/span><\/span><span class=\"NormalTextRun SCXW140784507 BCX0\"><span style=\"vertical-align: inherit;\"><span style=\"vertical-align: inherit;\"><span style=\"vertical-align: inherit;\"><span style=\"vertical-align: inherit;\">si\u00e9ntate <\/span><\/span><\/span><\/span><\/span><span class=\"NormalTextRun SCXW140784507 BCX0\"><span style=\"vertical-align: inherit;\"><span style=\"vertical-align: inherit;\"><span style=\"vertical-align: inherit;\"><span style=\"vertical-align: inherit;\"> en primera fila en Rojo Tango para disfrutar de un espect\u00e1culo con incre\u00edbles bailes y m\u00fasica en vivo, acompa\u00f1ado de una elegante cena de tres platos y vino. Finaliza tu noche con un c\u00f3ctel <\/span><\/span><\/span><\/span><\/span><span class=\"NormalTextRun SpellingErrorV2Themed SCXW140784507 BCX0\"><span style=\"vertical-align: inherit;\"><span style=\"vertical-align: inherit;\"><span style=\"vertical-align: inherit;\"><span style=\"vertical-align: inherit;\">acogedor <\/span><\/span><\/span><\/span><\/span><span class=\"NormalTextRun SCXW140784507 BCX0\"><span style=\"vertical-align: inherit;\"><span style=\"vertical-align: inherit;\"><span style=\"vertical-align: inherit;\"><span style=\"vertical-align: inherit;\"> en el Library Lounge del lugar. Exclusivamente para titulares de tarjetas Mastercard. <\/span><\/span><\/span><\/span><\/span><\/span><\/p>\n","protected":false},"excerpt":{"rendered":"<p>Prep\u00e1rese para una noche inolvidable de tango en su lugar de origen: Buenos Aires. En el exclusivo barrio de Puerto Madero, tendr\u00e1s una lecci\u00f3n privada de tango con un especialista, aprendiendo tus primeros pasos en un entorno seguro y de apoyo. Luego si\u00e9ntate en primera fila en Rojo Tango para disfrutar de un espect\u00e1culo con [&hellip;]<\/p>\n","protected":false},"featured_media":695,"template":"","meta":{"_acf_changed":false,"inline_featured_image":false},"product_brand":[],"product_cat":[47],"product_tag":[],"class_list":{"0":"post-2365","1":"product","2":"type-product","3":"status-publish","4":"has-post-thumbnail","6":"product_cat-experiencias","8":"first","9":"instock","10":"sold-individually","11":"shipping-taxable","12":"purchasable","13":"product-type-booking"},"acf":[],"_links":{"self":[{"href":"https:\/\/experienciaslatam.com\/es\/wp-json\/wp\/v2\/product\/2365","targetHints":{"allow":["GET"]}}],"collection":[{"href":"https:\/\/experienciaslatam.com\/es\/wp-json\/wp\/v2\/product"}],"about":[{"href":"https:\/\/experienciaslatam.com\/es\/wp-json\/wp\/v2\/types\/product"}],"wp:featuredmedia":[{"embeddable":true,"href":"https:\/\/experienciaslatam.com\/es\/wp-json\/wp\/v2\/media\/695"}],"wp:attachment":[{"href":"https:\/\/experienciaslatam.com\/es\/wp-json\/wp\/v2\/media?parent=2365"}],"wp:term":[{"taxonomy":"product_brand","embeddable":true,"href":"https:\/\/experienciaslatam.com\/es\/wp-json\/wp\/v2\/product_brand?post=2365"},{"taxonomy":"product_cat","embeddable":true,"href":"https:\/\/experienciaslatam.com\/es\/wp-json\/wp\/v2\/product_cat?post=2365"},{"taxonomy":"product_tag","embeddable":true,"href":"https:\/\/experienciaslatam.com\/es\/wp-json\/wp\/v2\/product_tag?post=2365"}],"curies":[{"name":"wp","href":"https:\/\/api.w.org\/{rel}","templated":true}]}}