{"id":2525,"date":"2024-11-05T08:56:49","date_gmt":"2024-11-05T13:56:49","guid":{"rendered":"https:\/\/smartlinks-web-pdn-priceless-latam.azurewebsites.net\/?post_type=product&#038;p=2525"},"modified":"2025-03-27T17:40:17","modified_gmt":"2025-03-27T22:40:17","slug":"meet-greet-partido-futbol","status":"publish","type":"product","link":"https:\/\/experienciaslatam.com\/es\/experiencias\/meet-greet-partido-futbol\/","title":{"rendered":"Almuerza con una leyenda del f\u00fatbol antes del partido Final"},"content":{"rendered":"<p><span data-contrast=\"none\">Si\u00e9ntate a almorzar con una leyenda del f\u00fatbol en un lugar de moda en Palermo, Buenos Aires. Escuchar\u00e1s historias in\u00e9ditas y an\u00e9cdotas nunca antes compartidas, con un fot\u00f3grafo profesional capturando el momento. Recibir\u00e1s recuerdos especiales de la CONMEBOL Libertadores antes de tomar un servicio de auto privado al estadio para la Final de la CONMEBOL Libertadores. Ver\u00e1s el partido desde asientos de categor\u00eda 1 de cortes\u00eda, con una tarjeta prepagada de USD 150 para usar en comida, bebidas y productos durante el partido. Exclusivo para tarjetahabientes Mastercard.<\/span><span data-ccp-props=\"{&quot;134233117&quot;:false,&quot;134233118&quot;:false,&quot;335551550&quot;:6,&quot;335551620&quot;:6,&quot;335559738&quot;:240,&quot;335559739&quot;:240}\">\u00a0<\/span><\/p>\n<p><b><span data-contrast=\"auto\">\u00bfQu\u00e9 es priceless?<\/span><\/b><span data-ccp-props=\"{&quot;134233117&quot;:false,&quot;134233118&quot;:false,&quot;201341983&quot;:0,&quot;335551550&quot;:6,&quot;335551620&quot;:6,&quot;335559685&quot;:0,&quot;335559737&quot;:0,&quot;335559738&quot;:240,&quot;335559739&quot;:240,&quot;335559740&quot;:278}\">\u00a0<\/span><\/p>\n<p><span data-contrast=\"none\">Re\u00edr y compartir historias con un jugador de f\u00fatbol de clase mundial antes de dirigirse al estadio para el partido de tu vida.<\/span><\/p>\n","protected":false},"excerpt":{"rendered":"<p>Si\u00e9ntate a almorzar con una leyenda del f\u00fatbol en un lugar de moda en Palermo, Buenos Aires. Escuchar\u00e1s historias in\u00e9ditas y an\u00e9cdotas nunca antes compartidas, con un fot\u00f3grafo profesional capturando el momento. Recibir\u00e1s recuerdos especiales de la CONMEBOL Libertadores antes de tomar un servicio de auto privado al estadio para la Final de la CONMEBOL [&hellip;]<\/p>\n","protected":false},"featured_media":1793,"template":"","meta":{"_acf_changed":false,"inline_featured_image":false},"product_brand":[],"product_cat":[47,55],"product_tag":[],"class_list":{"0":"post-2525","1":"product","2":"type-product","3":"status-publish","4":"has-post-thumbnail","6":"product_cat-experiencias","7":"product_cat-libertadoresla","9":"first","10":"instock","11":"sold-individually","12":"shipping-taxable","13":"purchasable","14":"product-type-variable","15":"has-default-attributes"},"acf":[],"_links":{"self":[{"href":"https:\/\/experienciaslatam.com\/es\/wp-json\/wp\/v2\/product\/2525","targetHints":{"allow":["GET"]}}],"collection":[{"href":"https:\/\/experienciaslatam.com\/es\/wp-json\/wp\/v2\/product"}],"about":[{"href":"https:\/\/experienciaslatam.com\/es\/wp-json\/wp\/v2\/types\/product"}],"wp:featuredmedia":[{"embeddable":true,"href":"https:\/\/experienciaslatam.com\/es\/wp-json\/wp\/v2\/media\/1793"}],"wp:attachment":[{"href":"https:\/\/experienciaslatam.com\/es\/wp-json\/wp\/v2\/media?parent=2525"}],"wp:term":[{"taxonomy":"product_brand","embeddable":true,"href":"https:\/\/experienciaslatam.com\/es\/wp-json\/wp\/v2\/product_brand?post=2525"},{"taxonomy":"product_cat","embeddable":true,"href":"https:\/\/experienciaslatam.com\/es\/wp-json\/wp\/v2\/product_cat?post=2525"},{"taxonomy":"product_tag","embeddable":true,"href":"https:\/\/experienciaslatam.com\/es\/wp-json\/wp\/v2\/product_tag?post=2525"}],"curies":[{"name":"wp","href":"https:\/\/api.w.org\/{rel}","templated":true}]}}