{"id":2770,"date":"2024-11-05T10:00:37","date_gmt":"2024-11-05T15:00:37","guid":{"rendered":"https:\/\/experienciaslatam.com\/?post_type=product&#038;p=2770"},"modified":"2025-05-06T12:10:31","modified_gmt":"2025-05-06T17:10:31","slug":"disfruta-de-la-alta-cocina-chilena-en-el-hogar-de-dos-chefs-de-elite-en-santiago","status":"publish","type":"product","link":"https:\/\/experienciaslatam.com\/es\/experiencias\/disfruta-de-la-alta-cocina-chilena-en-el-hogar-de-dos-chefs-de-elite-en-santiago\/","title":{"rendered":"Disfruta de la alta cocina chilena en el hogar de dos chefs de \u00e9lite, en Santiago"},"content":{"rendered":"<p><span class=\"TextRun SCXW252520025 BCX0\" lang=\"ES-ES\" xml:lang=\"ES-ES\" data-contrast=\"none\"><span class=\"NormalTextRun SCXW252520025 BCX0\">Invita a tus amigos\u00a0<\/span><span class=\"NormalTextRun SCXW252520025 BCX0\">apasionados por la<\/span>\u00a0<span class=\"NormalTextRun SCXW252520025 BCX0\">gastronom\u00eda\u00a0<\/span><span class=\"NormalTextRun SCXW252520025 BCX0\">a una velada de alta cocina chilena en el estudio de cocina\u00a0<\/span><span class=\"NormalTextRun SCXW252520025 BCX0\">en casa\u00a0<\/span><span class=\"NormalTextRun SCXW252520025 BCX0\">de dos chefs\u00a0<\/span><span class=\"NormalTextRun SCXW252520025 BCX0\">de \u00e9lite<\/span><span class=\"NormalTextRun SCXW252520025 BCX0\">. Te unir\u00e1s a los anfitriones Patricio y Jennifer, quienes compartir\u00e1n contigo los secretos ocultos de la gastronom\u00eda chilena mientras sirven un men\u00fa sorpresa que revela la sutileza, equilibrio y elegancia de los ingredientes de alta calidad de la regi\u00f3n. Este viaje culinario \u00fanico incluye paradas en siete \u201cestaciones de comida\u201d, junto con maridajes de vinos. Exclusivo para titulares de tarjetas\u00a0<\/span><span class=\"NormalTextRun SpellingErrorV2Themed SCXW252520025 BCX0\">Mastercard<\/span><span class=\"NormalTextRun SCXW252520025 BCX0\">.<\/span><\/span><\/p>\n<p><span class=\"TextRun Highlight SCXW230010764 BCX0\" lang=\"ES-ES\" xml:lang=\"ES-ES\" data-contrast=\"auto\"><span class=\"NormalTextRun SpellingErrorV2Themed SCXW230010764 BCX0\">Mastercard<\/span><span class=\"NormalTextRun SCXW230010764 BCX0\">, junto con\u00a0<\/span><span class=\"NormalTextRun SpellingErrorV2Themed SCXW230010764 BCX0\">Priceless<\/span>\u00a0<span class=\"NormalTextRun SpellingErrorV2Themed SCXW230010764 BCX0\">Planet<\/span>\u00a0<span class=\"NormalTextRun SpellingErrorV2Themed SCXW230010764 BCX0\">Coallition<\/span><span class=\"NormalTextRun SCXW230010764 BCX0\">, busca restaurar 100 millones de \u00e1rboles para 2030. Por cada experiencia que compres,\u00a0<\/span><span class=\"NormalTextRun SpellingErrorV2Themed SCXW230010764 BCX0\">Mastercard<\/span><span class=\"NormalTextRun SCXW230010764 BCX0\">\u00a0donar\u00e1 un \u00e1rbol a trav\u00e9s de la Coalici\u00f3n\u00a0<\/span><span class=\"NormalTextRun SpellingErrorV2Themed SCXW230010764 BCX0\">Priceless<\/span>\u00a0<span class=\"NormalTextRun SpellingErrorV2Themed SCXW230010764 BCX0\">Planet<\/span><span class=\"NormalTextRun SCXW230010764 BCX0\">. Con tu contribuci\u00f3n, estamos promoviendo la restauraci\u00f3n en 6 continentes.<\/span><\/span><span class=\"EOP SCXW230010764 BCX0\" data-ccp-props=\"{\">\u00a0<\/span><\/p>\n","protected":false},"excerpt":{"rendered":"<p>Invita a tus amigos\u00a0apasionados por la\u00a0gastronom\u00eda\u00a0a una velada de alta cocina chilena en el estudio de cocina\u00a0en casa\u00a0de dos chefs\u00a0de \u00e9lite. Te unir\u00e1s a los anfitriones Patricio y Jennifer, quienes compartir\u00e1n contigo los secretos ocultos de la gastronom\u00eda chilena mientras sirven un men\u00fa sorpresa que revela la sutileza, equilibrio y elegancia de los ingredientes de [&hellip;]<\/p>\n","protected":false},"featured_media":1747,"template":"","meta":{"_acf_changed":false,"inline_featured_image":false},"product_brand":[],"product_cat":[47],"product_tag":[],"class_list":{"0":"post-2770","1":"product","2":"type-product","3":"status-publish","4":"has-post-thumbnail","6":"product_cat-experiencias","8":"first","9":"instock","10":"sold-individually","11":"shipping-taxable","12":"purchasable","13":"product-type-booking"},"acf":[],"_links":{"self":[{"href":"https:\/\/experienciaslatam.com\/es\/wp-json\/wp\/v2\/product\/2770","targetHints":{"allow":["GET"]}}],"collection":[{"href":"https:\/\/experienciaslatam.com\/es\/wp-json\/wp\/v2\/product"}],"about":[{"href":"https:\/\/experienciaslatam.com\/es\/wp-json\/wp\/v2\/types\/product"}],"wp:featuredmedia":[{"embeddable":true,"href":"https:\/\/experienciaslatam.com\/es\/wp-json\/wp\/v2\/media\/1747"}],"wp:attachment":[{"href":"https:\/\/experienciaslatam.com\/es\/wp-json\/wp\/v2\/media?parent=2770"}],"wp:term":[{"taxonomy":"product_brand","embeddable":true,"href":"https:\/\/experienciaslatam.com\/es\/wp-json\/wp\/v2\/product_brand?post=2770"},{"taxonomy":"product_cat","embeddable":true,"href":"https:\/\/experienciaslatam.com\/es\/wp-json\/wp\/v2\/product_cat?post=2770"},{"taxonomy":"product_tag","embeddable":true,"href":"https:\/\/experienciaslatam.com\/es\/wp-json\/wp\/v2\/product_tag?post=2770"}],"curies":[{"name":"wp","href":"https:\/\/api.w.org\/{rel}","templated":true}]}}