{"id":2777,"date":"2024-11-05T14:28:02","date_gmt":"2024-11-05T19:28:02","guid":{"rendered":"https:\/\/experienciaslatam.com\/?post_type=product&#038;p=2777"},"modified":"2025-03-03T15:36:19","modified_gmt":"2025-03-03T20:36:19","slug":"recorre-el-pasado-en-un-tour-a-pie-por-buenos-aires","status":"publish","type":"product","link":"https:\/\/experienciaslatam.com\/es\/experiencias\/recorre-el-pasado-en-un-tour-a-pie-por-buenos-aires\/","title":{"rendered":"Pasea por los siglos en un tour por Buenos Aires"},"content":{"rendered":"<div class=\"elementor-element elementor-element-bb077f1 elementor-widget elementor-widget-theme-post-content\" data-id=\"bb077f1\" data-element_type=\"widget\" data-widget_type=\"theme-post-content.default\">\n<div class=\"elementor-widget-container\">\n<p><span class=\"TextRun SCXW258762899 BCX0\" lang=\"ES-ES\" xml:lang=\"ES-ES\" data-contrast=\"auto\"><span class=\"NormalTextRun SCXW258762899 BCX0\">Descubre Buenos Aires desde la perspectiva interna en un tour a pie inmersivo dirigido por la gu\u00eda local experta Soledad\u00a0<\/span><span class=\"NormalTextRun SpellingErrorV2Themed SCXW258762899 BCX0\">von<\/span>\u00a0<span class=\"NormalTextRun SpellingErrorV2Themed SCXW258762899 BCX0\">Klitzing<\/span><span class=\"NormalTextRun SCXW258762899 BCX0\">. Obtendr\u00e1s una visi\u00f3n de la capital cosmopolita de Argentina mientras te maravillas con lugares emblem\u00e1ticos como la estaci\u00f3n de tren Retiro y el Cementerio de Chacarita, y exploras la exclusiva zona de Belgrano. A lo largo del recorrido, disfruta de las historias de\u00a0<\/span><span class=\"NormalTextRun SpellingErrorV2Themed SCXW258762899 BCX0\">von<\/span>\u00a0<span class=\"NormalTextRun SpellingErrorV2Themed SCXW258762899 BCX0\">Klitzing<\/span><span class=\"NormalTextRun SCXW258762899 BCX0\">\u00a0que profundizar\u00e1n tu comprensi\u00f3n sobre la importancia de cada parada, as\u00ed como sobre la rica cultura e historia de la ciudad. Concluir\u00e1s el tour con refrescos en el hist\u00f3rico caf\u00e9 Las Violetas, uno de los caf\u00e9s m\u00e1s notables de Buenos Aires. Exclusivamente para titulares de tarjetas\u00a0<\/span><span class=\"NormalTextRun SpellingErrorV2Themed SCXW258762899 BCX0\">Mastercard<\/span><span class=\"NormalTextRun SCXW258762899 BCX0\">.<\/span><\/span><\/p>\n<\/div>\n<\/div>\n","protected":false},"excerpt":{"rendered":"<p>Descubre Buenos Aires desde la perspectiva interna en un tour a pie inmersivo dirigido por la gu\u00eda local experta Soledad\u00a0von\u00a0Klitzing. Obtendr\u00e1s una visi\u00f3n de la capital cosmopolita de Argentina mientras te maravillas con lugares emblem\u00e1ticos como la estaci\u00f3n de tren Retiro y el Cementerio de Chacarita, y exploras la exclusiva zona de Belgrano. A lo [&hellip;]<\/p>\n","protected":false},"featured_media":1918,"template":"","meta":{"_acf_changed":false,"inline_featured_image":false},"product_brand":[],"product_cat":[47],"product_tag":[],"class_list":{"0":"post-2777","1":"product","2":"type-product","3":"status-publish","4":"has-post-thumbnail","6":"product_cat-experiencias","8":"first","9":"instock","10":"virtual","11":"sold-individually","12":"purchasable","13":"product-type-booking"},"acf":[],"_links":{"self":[{"href":"https:\/\/experienciaslatam.com\/es\/wp-json\/wp\/v2\/product\/2777","targetHints":{"allow":["GET"]}}],"collection":[{"href":"https:\/\/experienciaslatam.com\/es\/wp-json\/wp\/v2\/product"}],"about":[{"href":"https:\/\/experienciaslatam.com\/es\/wp-json\/wp\/v2\/types\/product"}],"wp:featuredmedia":[{"embeddable":true,"href":"https:\/\/experienciaslatam.com\/es\/wp-json\/wp\/v2\/media\/1918"}],"wp:attachment":[{"href":"https:\/\/experienciaslatam.com\/es\/wp-json\/wp\/v2\/media?parent=2777"}],"wp:term":[{"taxonomy":"product_brand","embeddable":true,"href":"https:\/\/experienciaslatam.com\/es\/wp-json\/wp\/v2\/product_brand?post=2777"},{"taxonomy":"product_cat","embeddable":true,"href":"https:\/\/experienciaslatam.com\/es\/wp-json\/wp\/v2\/product_cat?post=2777"},{"taxonomy":"product_tag","embeddable":true,"href":"https:\/\/experienciaslatam.com\/es\/wp-json\/wp\/v2\/product_tag?post=2777"}],"curies":[{"name":"wp","href":"https:\/\/api.w.org\/{rel}","templated":true}]}}