{"id":2779,"date":"2024-11-05T15:38:27","date_gmt":"2024-11-05T20:38:27","guid":{"rendered":"https:\/\/experienciaslatam.com\/?post_type=product&#038;p=2779"},"modified":"2025-12-23T15:44:52","modified_gmt":"2025-12-23T20:44:52","slug":"adentrate-en-el-mundo-de-los-gauchos-en-un-tour-patrimonial-desde-buenos-aires","status":"publish","type":"product","link":"https:\/\/experienciaslatam.com\/es\/experiencias\/adentrate-en-el-mundo-de-los-gauchos-en-un-tour-patrimonial-desde-buenos-aires\/","title":{"rendered":"Ad\u00e9ntrate en el mundo de los gauchos en un tour patrimonial desde Buenos Aires"},"content":{"rendered":"<div class=\"elementor-element elementor-element-bb077f1 elementor-widget elementor-widget-theme-post-content\" data-id=\"bb077f1\" data-element_type=\"widget\" data-widget_type=\"theme-post-content.default\">\n<div class=\"elementor-widget-container\">\n<p>Sum\u00e9rgete en la cultura gaucha en un tour de un d\u00eda desde Buenos Aires a San Antonio de Areco. Comenzar\u00e1s con una muestra de danza folcl\u00f3rica, m\u00fasica y habilidades gauchas. En la estancia, aprender\u00e1s a preparar el t\u00e9 de hierba mate y disfrutar\u00e1s de champ\u00e1n de cortes\u00eda. Luego, realizar\u00e1s un recorrido por el pueblo de San Antonio de Areco con un gu\u00eda local experto antes de disfrutar un tradicional asado argentino (barbacoa argentina) preparado por gauchos. Adem\u00e1s, recibir\u00e1s una boina como un recuerdo \u00fanico. Exclusivamente para titulares de Mastercard.<\/p>\n<\/div>\n<\/div>\n","protected":false},"excerpt":{"rendered":"<p>Sum\u00e9rgete en la cultura gaucha en un tour de un d\u00eda desde Buenos Aires a San Antonio de Areco. Comenzar\u00e1s con una muestra de danza folcl\u00f3rica, m\u00fasica y habilidades gauchas. En la estancia, aprender\u00e1s a preparar el t\u00e9 de hierba mate y disfrutar\u00e1s de champ\u00e1n de cortes\u00eda. Luego, realizar\u00e1s un recorrido por el pueblo de [&hellip;]<\/p>\n","protected":false},"featured_media":1964,"template":"","meta":{"_acf_changed":false,"inline_featured_image":false},"product_brand":[],"product_cat":[47],"product_tag":[],"class_list":{"0":"post-2779","1":"product","2":"type-product","3":"status-publish","4":"has-post-thumbnail","6":"product_cat-experiencias","8":"first","9":"instock","10":"virtual","11":"sold-individually","12":"purchasable","13":"product-type-booking"},"acf":[],"_links":{"self":[{"href":"https:\/\/experienciaslatam.com\/es\/wp-json\/wp\/v2\/product\/2779","targetHints":{"allow":["GET"]}}],"collection":[{"href":"https:\/\/experienciaslatam.com\/es\/wp-json\/wp\/v2\/product"}],"about":[{"href":"https:\/\/experienciaslatam.com\/es\/wp-json\/wp\/v2\/types\/product"}],"wp:featuredmedia":[{"embeddable":true,"href":"https:\/\/experienciaslatam.com\/es\/wp-json\/wp\/v2\/media\/1964"}],"wp:attachment":[{"href":"https:\/\/experienciaslatam.com\/es\/wp-json\/wp\/v2\/media?parent=2779"}],"wp:term":[{"taxonomy":"product_brand","embeddable":true,"href":"https:\/\/experienciaslatam.com\/es\/wp-json\/wp\/v2\/product_brand?post=2779"},{"taxonomy":"product_cat","embeddable":true,"href":"https:\/\/experienciaslatam.com\/es\/wp-json\/wp\/v2\/product_cat?post=2779"},{"taxonomy":"product_tag","embeddable":true,"href":"https:\/\/experienciaslatam.com\/es\/wp-json\/wp\/v2\/product_tag?post=2779"}],"curies":[{"name":"wp","href":"https:\/\/api.w.org\/{rel}","templated":true}]}}