{"id":2780,"date":"2024-11-05T15:48:14","date_gmt":"2024-11-05T20:48:14","guid":{"rendered":"https:\/\/experienciaslatam.com\/?post_type=product&#038;p=2780"},"modified":"2024-11-18T19:56:15","modified_gmt":"2024-11-19T00:56:15","slug":"conduce-el-auto-de-un-campeon-de-carreras-y-comparte-un-almuerzo-privado-en-buenos-aires","status":"publish","type":"product","link":"https:\/\/experienciaslatam.com\/es\/experiencias\/conduce-el-auto-de-un-campeon-de-carreras-y-comparte-un-almuerzo-privado-en-buenos-aires\/","title":{"rendered":"Conduce el auto de un campe\u00f3n de carreras y comparte un almuerzo privado en Buenos Aires"},"content":{"rendered":"<div class=\"elementor-element elementor-element-bb077f1 elementor-widget elementor-widget-theme-post-content\" data-id=\"bb077f1\" data-element_type=\"widget\" data-widget_type=\"theme-post-content.default\">\n<div class=\"elementor-widget-container\">\n<p><span class=\"TextRun SCXW114810977 BCX0\" lang=\"ES-ES\" xml:lang=\"ES-ES\" data-contrast=\"auto\"><span class=\"NormalTextRun SCXW114810977 BCX0\">Vive una experiencia inolvidable junto al famoso piloto de carreras y helic\u00f3pteros Osvaldo \u201cCocho\u201d L\u00f3pez. Tendr\u00e1s la oportunidad de conocer a este reconocido campe\u00f3n de F\u00f3rmula 2, que ha ganado t\u00edtulos como el TC2000 y ha competido en Le\u00a0<\/span><span class=\"NormalTextRun SpellingErrorV2Themed SCXW114810977 BCX0\">Mans<\/span><span class=\"NormalTextRun SCXW114810977 BCX0\">\u00a0y\u00a0<\/span><span class=\"NormalTextRun SpellingErrorV2Themed SCXW114810977 BCX0\">Daytona<\/span><span class=\"NormalTextRun SCXW114810977 BCX0\">, mientras disfrutas de un emocionante paseo en su auto de carreras. Despu\u00e9s de dar una vuelta en la pista, te llevar\u00e1n a un espacio privado en el Helipuerto del Aut\u00f3dromo, donde podr\u00e1s disfrutar de un delicioso almuerzo preparado por dos talentosos chefs, con una fusi\u00f3n de cocina\u00a0<\/span><span class=\"NormalTextRun SpellingErrorV2Themed SCXW114810977 BCX0\">nikkei<\/span><span class=\"NormalTextRun SCXW114810977 BCX0\">\u00a0y asi\u00e1tica. Durante la comida, tendr\u00e1s la oportunidad de conectar con L\u00f3pez y escuchar sus fascinantes an\u00e9cdotas. Esta experiencia es exclusiva para titulares de\u00a0<\/span><span class=\"NormalTextRun SpellingErrorV2Themed SCXW114810977 BCX0\">Mastercard<\/span><span class=\"NormalTextRun SCXW114810977 BCX0\">.<\/span><\/span><span class=\"EOP SCXW114810977 BCX0\" data-ccp-props=\"{\">\u00a0<\/span><\/p>\n<\/div>\n<\/div>\n","protected":false},"excerpt":{"rendered":"<p>Vive una experiencia inolvidable junto al famoso piloto de carreras y helic\u00f3pteros Osvaldo \u201cCocho\u201d L\u00f3pez. Tendr\u00e1s la oportunidad de conocer a este reconocido campe\u00f3n de F\u00f3rmula 2, que ha ganado t\u00edtulos como el TC2000 y ha competido en Le\u00a0Mans\u00a0y\u00a0Daytona, mientras disfrutas de un emocionante paseo en su auto de carreras. Despu\u00e9s de dar una vuelta [&hellip;]<\/p>\n","protected":false},"featured_media":1998,"template":"","meta":{"_acf_changed":false,"inline_featured_image":false},"product_brand":[],"product_cat":[47],"product_tag":[],"class_list":{"0":"post-2780","1":"product","2":"type-product","3":"status-publish","4":"has-post-thumbnail","6":"product_cat-experiencias","8":"first","9":"instock","10":"virtual","11":"sold-individually","12":"purchasable","13":"product-type-booking"},"acf":[],"_links":{"self":[{"href":"https:\/\/experienciaslatam.com\/es\/wp-json\/wp\/v2\/product\/2780","targetHints":{"allow":["GET"]}}],"collection":[{"href":"https:\/\/experienciaslatam.com\/es\/wp-json\/wp\/v2\/product"}],"about":[{"href":"https:\/\/experienciaslatam.com\/es\/wp-json\/wp\/v2\/types\/product"}],"wp:featuredmedia":[{"embeddable":true,"href":"https:\/\/experienciaslatam.com\/es\/wp-json\/wp\/v2\/media\/1998"}],"wp:attachment":[{"href":"https:\/\/experienciaslatam.com\/es\/wp-json\/wp\/v2\/media?parent=2780"}],"wp:term":[{"taxonomy":"product_brand","embeddable":true,"href":"https:\/\/experienciaslatam.com\/es\/wp-json\/wp\/v2\/product_brand?post=2780"},{"taxonomy":"product_cat","embeddable":true,"href":"https:\/\/experienciaslatam.com\/es\/wp-json\/wp\/v2\/product_cat?post=2780"},{"taxonomy":"product_tag","embeddable":true,"href":"https:\/\/experienciaslatam.com\/es\/wp-json\/wp\/v2\/product_tag?post=2780"}],"curies":[{"name":"wp","href":"https:\/\/api.w.org\/{rel}","templated":true}]}}