{"id":2793,"date":"2024-11-06T09:01:56","date_gmt":"2024-11-06T14:01:56","guid":{"rendered":"https:\/\/experienciaslatam.com\/?post_type=product&#038;p=2793"},"modified":"2025-04-29T14:56:21","modified_gmt":"2025-04-29T19:56:21","slug":"perfecciona-tu-experiencia-en-cafe-con-un-tour-por-una-finca-cafetera-cerca-de-sao-paulo","status":"publish","type":"product","link":"https:\/\/experienciaslatam.com\/es\/experiencias\/perfecciona-tu-experiencia-en-cafe-con-un-tour-por-una-finca-cafetera-cerca-de-sao-paulo\/","title":{"rendered":"Perfecciona tu experiencia en caf\u00e9 con un tour por una finca cafetera cerca de S\u00e3o Paulo"},"content":{"rendered":"<p>Visita la finca cafetera 7 Senhoras cerca de S\u00e3o Paulo y adquiere un conocimiento \u00edntimo de la producci\u00f3n de caf\u00e9, desde el grano hasta la taza. Ser\u00e1s trasladado cortes\u00eda de la casa a la finca en Socorro, donde tu gu\u00eda compartir\u00e1 la historia de la finca y los procesos post-cosecha. Con un experimentado barista, probar\u00e1s diferentes m\u00e9todos de preparaci\u00f3n del caf\u00e9, incluyendo una mezcla personalizada especialmente para ti. Al finalizar, recibir\u00e1s una bolsa de regalo con granos de caf\u00e9 ba\u00f1ados en chocolate y una funda de taza elaborada por artesanos locales de la ciudad de Socorro para conmemorar tu d\u00eda. Exclusivamente para titulares de tarjetas Mastercard.<\/p>\n","protected":false},"excerpt":{"rendered":"<p>Visita la finca cafetera 7 Senhoras cerca de S\u00e3o Paulo y adquiere un conocimiento \u00edntimo de la producci\u00f3n de caf\u00e9, desde el grano hasta la taza. Ser\u00e1s trasladado cortes\u00eda de la casa a la finca en Socorro, donde tu gu\u00eda compartir\u00e1 la historia de la finca y los procesos post-cosecha. Con un experimentado barista, probar\u00e1s [&hellip;]<\/p>\n","protected":false},"featured_media":2151,"template":"","meta":{"_acf_changed":false,"inline_featured_image":false},"product_brand":[],"product_cat":[47],"product_tag":[],"class_list":{"0":"post-2793","1":"product","2":"type-product","3":"status-publish","4":"has-post-thumbnail","6":"product_cat-experiencias","8":"first","9":"instock","10":"sold-individually","11":"shipping-taxable","12":"purchasable","13":"product-type-booking"},"acf":[],"_links":{"self":[{"href":"https:\/\/experienciaslatam.com\/es\/wp-json\/wp\/v2\/product\/2793","targetHints":{"allow":["GET"]}}],"collection":[{"href":"https:\/\/experienciaslatam.com\/es\/wp-json\/wp\/v2\/product"}],"about":[{"href":"https:\/\/experienciaslatam.com\/es\/wp-json\/wp\/v2\/types\/product"}],"wp:featuredmedia":[{"embeddable":true,"href":"https:\/\/experienciaslatam.com\/es\/wp-json\/wp\/v2\/media\/2151"}],"wp:attachment":[{"href":"https:\/\/experienciaslatam.com\/es\/wp-json\/wp\/v2\/media?parent=2793"}],"wp:term":[{"taxonomy":"product_brand","embeddable":true,"href":"https:\/\/experienciaslatam.com\/es\/wp-json\/wp\/v2\/product_brand?post=2793"},{"taxonomy":"product_cat","embeddable":true,"href":"https:\/\/experienciaslatam.com\/es\/wp-json\/wp\/v2\/product_cat?post=2793"},{"taxonomy":"product_tag","embeddable":true,"href":"https:\/\/experienciaslatam.com\/es\/wp-json\/wp\/v2\/product_tag?post=2793"}],"curies":[{"name":"wp","href":"https:\/\/api.w.org\/{rel}","templated":true}]}}