{"id":2794,"date":"2024-11-06T09:46:40","date_gmt":"2024-11-06T14:46:40","guid":{"rendered":"https:\/\/experienciaslatam.com\/?post_type=product&#038;p=2794"},"modified":"2025-04-29T16:37:14","modified_gmt":"2025-04-29T21:37:14","slug":"disfruta-de-un-recorrido-guiado-por-el-epicentro-del-arte-urbano-de-sao-paulo-con-un-artista-de-graffiti","status":"publish","type":"product","link":"https:\/\/experienciaslatam.com\/es\/experiencias\/disfruta-de-un-recorrido-guiado-por-el-epicentro-del-arte-urbano-de-sao-paulo-con-un-artista-de-graffiti\/","title":{"rendered":"Disfruta de un recorrido guiado por el epicentro del arte urbano de S\u00e3o Paulo con un artista de graffiti."},"content":{"rendered":"<p>Sum\u00e9rgete en la vibrante escena del arte urbano de S\u00e3o Paulo con un recorrido guiado exclusivo y un taller. Descubrir\u00e1s el famoso Beco do Batman a trav\u00e9s de uno de sus artistas m\u00e1s destacados antes de dirigirte a la galer\u00eda de arte contempor\u00e1neo A7MA, donde conocer\u00e1s la historia y las t\u00e9cnicas del graffiti en un breve taller. Luego, colaborar\u00e1s con un artista profesional para crear un impresionante mural con todos los suministros necesarios, incluyendo m\u00e1scaras, tijeras, cinta adhesiva y pintura en aerosol. Adem\u00e1s, recibir\u00e1s como regalos una taza personalizada dise\u00f1ada por el artista Tch\u00e9 Ruggi y un marco \u00fanico de 30 cm x 30 cm para conmemorar el d\u00eda. Exclusivo para titulares de tarjetas Mastercard.<\/p>\n","protected":false},"excerpt":{"rendered":"<p>Sum\u00e9rgete en la vibrante escena del arte urbano de S\u00e3o Paulo con un recorrido guiado exclusivo y un taller. Descubrir\u00e1s el famoso Beco do Batman a trav\u00e9s de uno de sus artistas m\u00e1s destacados antes de dirigirte a la galer\u00eda de arte contempor\u00e1neo A7MA, donde conocer\u00e1s la historia y las t\u00e9cnicas del graffiti en un [&hellip;]<\/p>\n","protected":false},"featured_media":2282,"template":"","meta":{"_acf_changed":false,"inline_featured_image":false},"product_brand":[],"product_cat":[47],"product_tag":[],"class_list":{"0":"post-2794","1":"product","2":"type-product","3":"status-publish","4":"has-post-thumbnail","6":"product_cat-experiencias","8":"first","9":"instock","10":"sold-individually","11":"shipping-taxable","12":"purchasable","13":"product-type-booking"},"acf":[],"_links":{"self":[{"href":"https:\/\/experienciaslatam.com\/es\/wp-json\/wp\/v2\/product\/2794","targetHints":{"allow":["GET"]}}],"collection":[{"href":"https:\/\/experienciaslatam.com\/es\/wp-json\/wp\/v2\/product"}],"about":[{"href":"https:\/\/experienciaslatam.com\/es\/wp-json\/wp\/v2\/types\/product"}],"wp:featuredmedia":[{"embeddable":true,"href":"https:\/\/experienciaslatam.com\/es\/wp-json\/wp\/v2\/media\/2282"}],"wp:attachment":[{"href":"https:\/\/experienciaslatam.com\/es\/wp-json\/wp\/v2\/media?parent=2794"}],"wp:term":[{"taxonomy":"product_brand","embeddable":true,"href":"https:\/\/experienciaslatam.com\/es\/wp-json\/wp\/v2\/product_brand?post=2794"},{"taxonomy":"product_cat","embeddable":true,"href":"https:\/\/experienciaslatam.com\/es\/wp-json\/wp\/v2\/product_cat?post=2794"},{"taxonomy":"product_tag","embeddable":true,"href":"https:\/\/experienciaslatam.com\/es\/wp-json\/wp\/v2\/product_tag?post=2794"}],"curies":[{"name":"wp","href":"https:\/\/api.w.org\/{rel}","templated":true}]}}