{"id":2799,"date":"2024-11-06T14:42:21","date_gmt":"2024-11-06T19:42:21","guid":{"rendered":"https:\/\/experienciaslatam.com\/?post_type=product&#038;p=2799"},"modified":"2025-05-06T15:05:40","modified_gmt":"2025-05-06T20:05:40","slug":"unete-a-la-jugadora-numero-uno-de-paddle-de-chile-para-una-clase-exclusiva-y-un-brunch","status":"publish","type":"product","link":"https:\/\/experienciaslatam.com\/es\/experiencias\/unete-a-la-jugadora-numero-uno-de-paddle-de-chile-para-una-clase-exclusiva-y-un-brunch\/","title":{"rendered":"\u00danete a la jugadora n\u00famero uno de paddle de Chile para una clase exclusiva y un brunch"},"content":{"rendered":"<p>Expande tus habilidades en el paddle en una clase exclusiva con la jugadora n\u00famero uno de Chile, Giannina Minieri, seguida de un delicioso brunch. Conocer\u00e1s a la campeona panamericana para una emocionante ma\u00f1ana llena de consejos, ejercicios y entrenamiento guiado adaptado a tus habilidades, desde golpes b\u00e1sicos hasta t\u00e9cnicas de juego en la red, estrategias de ataque y defensa, lectura de juego y posicionamiento en la pista, con situaciones simuladas para que practiques tus nuevos movimientos y recibas retroalimentaci\u00f3n en tiempo real. Despu\u00e9s, compartir\u00e1s historias mientras disfrutas de tostadas de aguacate, pasteles y m\u00e1s. Exclusivamente para titulares de tarjetas Mastercard.<\/p>\n","protected":false},"excerpt":{"rendered":"<p>Expande tus habilidades en el paddle en una clase exclusiva con la jugadora n\u00famero uno de Chile, Giannina Minieri, seguida de un delicioso brunch. Conocer\u00e1s a la campeona panamericana para una emocionante ma\u00f1ana llena de consejos, ejercicios y entrenamiento guiado adaptado a tus habilidades, desde golpes b\u00e1sicos hasta t\u00e9cnicas de juego en la red, estrategias [&hellip;]<\/p>\n","protected":false},"featured_media":2494,"template":"","meta":{"_acf_changed":false,"inline_featured_image":false},"product_brand":[],"product_cat":[47],"product_tag":[],"class_list":{"0":"post-2799","1":"product","2":"type-product","3":"status-publish","4":"has-post-thumbnail","6":"product_cat-experiencias","8":"first","9":"instock","10":"sold-individually","11":"shipping-taxable","12":"purchasable","13":"product-type-booking"},"acf":[],"_links":{"self":[{"href":"https:\/\/experienciaslatam.com\/es\/wp-json\/wp\/v2\/product\/2799","targetHints":{"allow":["GET"]}}],"collection":[{"href":"https:\/\/experienciaslatam.com\/es\/wp-json\/wp\/v2\/product"}],"about":[{"href":"https:\/\/experienciaslatam.com\/es\/wp-json\/wp\/v2\/types\/product"}],"wp:featuredmedia":[{"embeddable":true,"href":"https:\/\/experienciaslatam.com\/es\/wp-json\/wp\/v2\/media\/2494"}],"wp:attachment":[{"href":"https:\/\/experienciaslatam.com\/es\/wp-json\/wp\/v2\/media?parent=2799"}],"wp:term":[{"taxonomy":"product_brand","embeddable":true,"href":"https:\/\/experienciaslatam.com\/es\/wp-json\/wp\/v2\/product_brand?post=2799"},{"taxonomy":"product_cat","embeddable":true,"href":"https:\/\/experienciaslatam.com\/es\/wp-json\/wp\/v2\/product_cat?post=2799"},{"taxonomy":"product_tag","embeddable":true,"href":"https:\/\/experienciaslatam.com\/es\/wp-json\/wp\/v2\/product_tag?post=2799"}],"curies":[{"name":"wp","href":"https:\/\/api.w.org\/{rel}","templated":true}]}}