{"id":3153,"date":"2024-11-14T20:04:47","date_gmt":"2024-11-15T01:04:47","guid":{"rendered":"https:\/\/experienciaslatam.com\/?post_type=product&#038;p=3153"},"modified":"2024-11-15T19:50:43","modified_gmt":"2024-11-16T00:50:43","slug":"la-boca-argentina-tour","status":"publish","type":"product","link":"https:\/\/experienciaslatam.com\/es\/experiencias\/la-boca-argentina-tour\/","title":{"rendered":"Celebra la CONMEBOL Libertadores 2024 con el City Tour Buenos Aires Sur"},"content":{"rendered":"<p><span data-contrast=\"auto\">A\u00f1ade un toque extra de emoci\u00f3n a tu experiencia de la final de la CONMEBOL Libertadores 2024 con el City Tour Buenos Aires Sur el [fecha a confirmar] de noviembre de 2024. Esta aventura por el sur de la ciudad comienza en la Plaza de Mayo, donde visitar\u00e1s la imponente Catedral Metropolitana y podr\u00e1s tomarte una foto frente a la Casa Rosada. Luego, te dirigir\u00e1s al encantador barrio de San Telmo, donde recorrer\u00e1s su vibrante mercado. Finalmente, subir\u00e1s a un autob\u00fas vintage que te llevar\u00e1 hasta La Boca, donde disfrutar\u00e1s de un almuerzo en El Gran Paraiso, un restaurante al aire libre muy popular entre los locales. Despu\u00e9s de la comida, podr\u00e1s seguir explorando el barrio de Puerto Madero o visitar el Museo CONMEBOL. La experiencia incluye adem\u00e1s un regalo exclusivo de CONMEBOL para llevar a casa. Exclusivo para titulares de tarjeta Mastercard.<\/span><span data-ccp-props=\"{&quot;134233117&quot;:false,&quot;134233118&quot;:false,&quot;335551550&quot;:6,&quot;335551620&quot;:6,&quot;335559738&quot;:240,&quot;335559739&quot;:240}\">\u00a0<\/span><\/p>\n<p><b><span data-contrast=\"auto\">Lo que es invaluable<\/span><\/b><span data-contrast=\"auto\">:<\/span><span data-ccp-props=\"{&quot;134233117&quot;:false,&quot;134233118&quot;:false,&quot;335551550&quot;:6,&quot;335551620&quot;:6,&quot;335559738&quot;:240,&quot;335559739&quot;:240}\">\u00a0<\/span><\/p>\n<p><span data-contrast=\"auto\">Recorrer el barrio m\u00e1s antiguo de Buenos Aires con un amigo, para luego relajarte con un almuerzo en un restaurante al aire libre perfecto para fotos.<\/span><span data-ccp-props=\"{&quot;134233117&quot;:false,&quot;134233118&quot;:false,&quot;335551550&quot;:6,&quot;335551620&quot;:6,&quot;335559738&quot;:240,&quot;335559739&quot;:240}\">\u00a0<\/span><\/p>\n","protected":false},"excerpt":{"rendered":"<p>A\u00f1ade un toque extra de emoci\u00f3n a tu experiencia de la final de la CONMEBOL Libertadores 2024 con el City Tour Buenos Aires Sur el [fecha a confirmar] de noviembre de 2024. Esta aventura por el sur de la ciudad comienza en la Plaza de Mayo, donde visitar\u00e1s la imponente Catedral Metropolitana y podr\u00e1s tomarte [&hellip;]<\/p>\n","protected":false},"featured_media":3159,"template":"","meta":{"_acf_changed":false,"inline_featured_image":false},"product_brand":[],"product_cat":[47,55],"product_tag":[],"class_list":{"0":"post-3153","1":"product","2":"type-product","3":"status-publish","4":"has-post-thumbnail","6":"product_cat-experiencias","7":"product_cat-libertadoresla","9":"first","10":"instock","11":"sold-individually","12":"shipping-taxable","13":"purchasable","14":"product-type-variable","15":"has-default-attributes"},"acf":[],"_links":{"self":[{"href":"https:\/\/experienciaslatam.com\/es\/wp-json\/wp\/v2\/product\/3153","targetHints":{"allow":["GET"]}}],"collection":[{"href":"https:\/\/experienciaslatam.com\/es\/wp-json\/wp\/v2\/product"}],"about":[{"href":"https:\/\/experienciaslatam.com\/es\/wp-json\/wp\/v2\/types\/product"}],"wp:featuredmedia":[{"embeddable":true,"href":"https:\/\/experienciaslatam.com\/es\/wp-json\/wp\/v2\/media\/3159"}],"wp:attachment":[{"href":"https:\/\/experienciaslatam.com\/es\/wp-json\/wp\/v2\/media?parent=3153"}],"wp:term":[{"taxonomy":"product_brand","embeddable":true,"href":"https:\/\/experienciaslatam.com\/es\/wp-json\/wp\/v2\/product_brand?post=3153"},{"taxonomy":"product_cat","embeddable":true,"href":"https:\/\/experienciaslatam.com\/es\/wp-json\/wp\/v2\/product_cat?post=3153"},{"taxonomy":"product_tag","embeddable":true,"href":"https:\/\/experienciaslatam.com\/es\/wp-json\/wp\/v2\/product_tag?post=3153"}],"curies":[{"name":"wp","href":"https:\/\/api.w.org\/{rel}","templated":true}]}}