{"id":3747,"date":"2024-11-22T23:16:15","date_gmt":"2024-11-23T04:16:15","guid":{"rendered":"https:\/\/experienciaslatam.com\/?post_type=product&#038;p=3747"},"modified":"2024-11-28T09:53:34","modified_gmt":"2024-11-28T14:53:34","slug":"revitalizate-con-yoga-matutino-en-uno-de-los-espacios-mas-tranquilos-de-bogota","status":"publish","type":"product","link":"https:\/\/experienciaslatam.com\/es\/experiencias\/revitalizate-con-yoga-matutino-en-uno-de-los-espacios-mas-tranquilos-de-bogota\/","title":{"rendered":"Revital\u00edzate con yoga matutino en uno de los espacios m\u00e1s tranquilos de Bogot\u00e1"},"content":{"rendered":"<p><span class=\"TextRun SCXW193335811 BCX0\" lang=\"ES-CO\" xml:lang=\"ES-CO\" data-contrast=\"auto\"><span class=\"NormalTextRun SCXW193335811 BCX0\">Comienza el d\u00eda con una sesi\u00f3n privada de yoga en Taller Vivo, un enclave dentro de la impresionante residencia de la reconocida coleccionista de arte y curadora Adriana Gallego, que exhibe obras \u00fanicas de Colombia. Tu instructor te guiar\u00e1 a trav\u00e9s de movimientos suaves, t\u00e9cnicas de respiraci\u00f3n y ejercicios de c\u00e1nticos contra un impactante fondo de monta\u00f1as. Despu\u00e9s, conectar\u00e1s con creativos durante un desayuno nutritivo en una mesa decorada por <\/span><span class=\"NormalTextRun ContextualSpellingAndGrammarErrorV2Themed SCXW193335811 BCX0\">Gallego<\/span><span class=\"NormalTextRun SCXW193335811 BCX0\">, seguido de una exploraci\u00f3n de la colecci\u00f3n de arte en el lugar, el invernadero y el taller de Andr\u00e9s Caro. Exclusivo para los tarjetahabientes de <\/span><span class=\"NormalTextRun SpellingErrorV2Themed SCXW193335811 BCX0\">Mastercard<\/span><span class=\"NormalTextRun SCXW193335811 BCX0\">.<\/span><\/span><span class=\"EOP SCXW193335811 BCX0\" data-ccp-props=\"{&quot;134233117&quot;:true,&quot;134233118&quot;:true,&quot;201341983&quot;:0,&quot;335551550&quot;:6,&quot;335551620&quot;:6,&quot;335559740&quot;:240}\">\u00a0<\/span><\/p>\n","protected":false},"excerpt":{"rendered":"<p>Comienza el d\u00eda con una sesi\u00f3n privada de yoga en Taller Vivo, un enclave dentro de la impresionante residencia de la reconocida coleccionista de arte y curadora Adriana Gallego, que exhibe obras \u00fanicas de Colombia. Tu instructor te guiar\u00e1 a trav\u00e9s de movimientos suaves, t\u00e9cnicas de respiraci\u00f3n y ejercicios de c\u00e1nticos contra un impactante fondo [&hellip;]<\/p>\n","protected":false},"featured_media":3750,"template":"","meta":{"_acf_changed":false,"inline_featured_image":false},"product_brand":[],"product_cat":[47],"product_tag":[],"class_list":{"0":"post-3747","1":"product","2":"type-product","3":"status-publish","4":"has-post-thumbnail","6":"product_cat-experiencias","8":"first","9":"instock","10":"sold-individually","11":"shipping-taxable","12":"purchasable","13":"product-type-booking"},"acf":[],"_links":{"self":[{"href":"https:\/\/experienciaslatam.com\/es\/wp-json\/wp\/v2\/product\/3747","targetHints":{"allow":["GET"]}}],"collection":[{"href":"https:\/\/experienciaslatam.com\/es\/wp-json\/wp\/v2\/product"}],"about":[{"href":"https:\/\/experienciaslatam.com\/es\/wp-json\/wp\/v2\/types\/product"}],"wp:featuredmedia":[{"embeddable":true,"href":"https:\/\/experienciaslatam.com\/es\/wp-json\/wp\/v2\/media\/3750"}],"wp:attachment":[{"href":"https:\/\/experienciaslatam.com\/es\/wp-json\/wp\/v2\/media?parent=3747"}],"wp:term":[{"taxonomy":"product_brand","embeddable":true,"href":"https:\/\/experienciaslatam.com\/es\/wp-json\/wp\/v2\/product_brand?post=3747"},{"taxonomy":"product_cat","embeddable":true,"href":"https:\/\/experienciaslatam.com\/es\/wp-json\/wp\/v2\/product_cat?post=3747"},{"taxonomy":"product_tag","embeddable":true,"href":"https:\/\/experienciaslatam.com\/es\/wp-json\/wp\/v2\/product_tag?post=3747"}],"curies":[{"name":"wp","href":"https:\/\/api.w.org\/{rel}","templated":true}]}}