{"id":3905,"date":"2024-11-26T18:37:14","date_gmt":"2024-11-26T23:37:14","guid":{"rendered":"https:\/\/experienciaslatam.com\/?post_type=product&#038;p=3905"},"modified":"2026-01-07T11:59:52","modified_gmt":"2026-01-07T16:59:52","slug":"explora-las-populares-galerias-de-arte-de-bogota-con-acceso-exclusivo-despues-del-horario-habitual","status":"publish","type":"product","link":"https:\/\/experienciaslatam.com\/es\/experiencias\/explora-las-populares-galerias-de-arte-de-bogota-con-acceso-exclusivo-despues-del-horario-habitual\/","title":{"rendered":"Explora las populares galer\u00edas de arte de Bogot\u00e1 con acceso exclusivo despu\u00e9s del horario habitual."},"content":{"rendered":"<p><span data-contrast=\"none\">Sum\u00e9rgete en la escena art\u00edstica de Bogot\u00e1 con acceso exclusivo a tres galer\u00edas aclamadas, un conductor privado y una gu\u00eda experta. Te unir\u00e1s a tu gu\u00eda, la curadora Angelina Guerrero, en un viaje \u00fanico que comienza en Espacio Continuo, donde conversar\u00e1s con la estimada directora Katy Hern\u00e1ndez. Luego, ser\u00e1s transportado en un Mercedes Viano a Casas Riegner, donde la directora Ana Dur\u00e1n y la curadora Paula Bossa compartir\u00e1n sus perspectivas art\u00edsticas. M\u00e1s tarde, en la galer\u00eda La Cometa, el director Esteban Jaramillo explicar\u00e1 el ethos del espacio y disfrutar\u00e1s de un aperitivo elaborado por un chef y una recepci\u00f3n de c\u00f3cteles. Exclusivamente para titulares de tarjetas Mastercard.<\/span><\/p>\n<p><span data-contrast=\"none\">Haz nuevas conexiones con creativos de Bogot\u00e1 durante una exclusiva tarde de exploraci\u00f3n art\u00edstica.<\/span><span data-ccp-props=\"{&quot;201341983&quot;:0,&quot;335551550&quot;:6,&quot;335551620&quot;:6,&quot;335557856&quot;:16777215,&quot;335559739&quot;:0,&quot;335559740&quot;:240}\">\u00a0<\/span><\/p>\n","protected":false},"excerpt":{"rendered":"<p>Sum\u00e9rgete en la escena art\u00edstica de Bogot\u00e1 con acceso exclusivo a tres galer\u00edas aclamadas, un conductor privado y una gu\u00eda experta. Te unir\u00e1s a tu gu\u00eda, la curadora Angelina Guerrero, en un viaje \u00fanico que comienza en Espacio Continuo, donde conversar\u00e1s con la estimada directora Katy Hern\u00e1ndez. Luego, ser\u00e1s transportado en un Mercedes Viano a [&hellip;]<\/p>\n","protected":false},"featured_media":3909,"template":"","meta":{"_acf_changed":false,"inline_featured_image":false},"product_brand":[],"product_cat":[47],"product_tag":[],"class_list":{"0":"post-3905","1":"product","2":"type-product","3":"status-publish","4":"has-post-thumbnail","6":"product_cat-experiencias","8":"first","9":"instock","10":"sold-individually","11":"shipping-taxable","12":"purchasable","13":"product-type-booking"},"acf":[],"_links":{"self":[{"href":"https:\/\/experienciaslatam.com\/es\/wp-json\/wp\/v2\/product\/3905","targetHints":{"allow":["GET"]}}],"collection":[{"href":"https:\/\/experienciaslatam.com\/es\/wp-json\/wp\/v2\/product"}],"about":[{"href":"https:\/\/experienciaslatam.com\/es\/wp-json\/wp\/v2\/types\/product"}],"wp:featuredmedia":[{"embeddable":true,"href":"https:\/\/experienciaslatam.com\/es\/wp-json\/wp\/v2\/media\/3909"}],"wp:attachment":[{"href":"https:\/\/experienciaslatam.com\/es\/wp-json\/wp\/v2\/media?parent=3905"}],"wp:term":[{"taxonomy":"product_brand","embeddable":true,"href":"https:\/\/experienciaslatam.com\/es\/wp-json\/wp\/v2\/product_brand?post=3905"},{"taxonomy":"product_cat","embeddable":true,"href":"https:\/\/experienciaslatam.com\/es\/wp-json\/wp\/v2\/product_cat?post=3905"},{"taxonomy":"product_tag","embeddable":true,"href":"https:\/\/experienciaslatam.com\/es\/wp-json\/wp\/v2\/product_tag?post=3905"}],"curies":[{"name":"wp","href":"https:\/\/api.w.org\/{rel}","templated":true}]}}