{"id":3935,"date":"2024-11-26T19:08:45","date_gmt":"2024-11-27T00:08:45","guid":{"rendered":"https:\/\/experienciaslatam.com\/?post_type=product&#038;p=3935"},"modified":"2026-01-07T14:49:32","modified_gmt":"2026-01-07T19:49:32","slug":"pasea-por-los-siglos-en-un-tour-por-bogota","status":"publish","type":"product","link":"https:\/\/experienciaslatam.com\/es\/experiencias\/pasea-por-los-siglos-en-un-tour-por-bogota\/","title":{"rendered":"Pasea por los siglos en un tour por Bogot\u00e1"},"content":{"rendered":"<p><span class=\"TextRun SCXW133552273 BCX0\" lang=\"ES-CO\" xml:lang=\"ES-CO\" data-contrast=\"auto\"><span class=\"NormalTextRun SCXW133552273 BCX0\">\u00danete a Angelina Guerrero, historiadora de arte y residente de Bogot\u00e1, en un recorrido curado por La Candelaria. Comenzar\u00e1s en un hermoso jard\u00edn privado, caminar\u00e1s por calles empedradas entre arquitectura colonial y har\u00e1s una pausa para tomar caf\u00e9 en un ic\u00f3nico caf\u00e9 lleno de historia local. En el camino, descubrir\u00e1s lugares ocultos que revelan historias de comunidades ind\u00edgenas, colonialismo e independencia. Luego, concluir\u00e1s tu recorrido en Prudencia para disfrutar de un exquisito almuerzo de siete platos y conocer al chef y propietario. Exclusivamente para titulares de tarjetas <\/span><span class=\"NormalTextRun SpellingErrorV2Themed SCXW133552273 BCX0\">Mastercard<\/span><span class=\"NormalTextRun SCXW133552273 BCX0\">.<\/span><\/span><span class=\"EOP SCXW133552273 BCX0\" data-ccp-props=\"{&quot;335551550&quot;:6,&quot;335551620&quot;:6}\">\u00a0<\/span><\/p>\n","protected":false},"excerpt":{"rendered":"<p>\u00danete a Angelina Guerrero, historiadora de arte y residente de Bogot\u00e1, en un recorrido curado por La Candelaria. Comenzar\u00e1s en un hermoso jard\u00edn privado, caminar\u00e1s por calles empedradas entre arquitectura colonial y har\u00e1s una pausa para tomar caf\u00e9 en un ic\u00f3nico caf\u00e9 lleno de historia local. En el camino, descubrir\u00e1s lugares ocultos que revelan historias [&hellip;]<\/p>\n","protected":false},"featured_media":3939,"template":"","meta":{"_acf_changed":false,"inline_featured_image":false},"product_brand":[],"product_cat":[47],"product_tag":[],"class_list":{"0":"post-3935","1":"product","2":"type-product","3":"status-publish","4":"has-post-thumbnail","6":"product_cat-experiencias","8":"first","9":"instock","10":"sold-individually","11":"shipping-taxable","12":"purchasable","13":"product-type-booking"},"acf":[],"_links":{"self":[{"href":"https:\/\/experienciaslatam.com\/es\/wp-json\/wp\/v2\/product\/3935","targetHints":{"allow":["GET"]}}],"collection":[{"href":"https:\/\/experienciaslatam.com\/es\/wp-json\/wp\/v2\/product"}],"about":[{"href":"https:\/\/experienciaslatam.com\/es\/wp-json\/wp\/v2\/types\/product"}],"wp:featuredmedia":[{"embeddable":true,"href":"https:\/\/experienciaslatam.com\/es\/wp-json\/wp\/v2\/media\/3939"}],"wp:attachment":[{"href":"https:\/\/experienciaslatam.com\/es\/wp-json\/wp\/v2\/media?parent=3935"}],"wp:term":[{"taxonomy":"product_brand","embeddable":true,"href":"https:\/\/experienciaslatam.com\/es\/wp-json\/wp\/v2\/product_brand?post=3935"},{"taxonomy":"product_cat","embeddable":true,"href":"https:\/\/experienciaslatam.com\/es\/wp-json\/wp\/v2\/product_cat?post=3935"},{"taxonomy":"product_tag","embeddable":true,"href":"https:\/\/experienciaslatam.com\/es\/wp-json\/wp\/v2\/product_tag?post=3935"}],"curies":[{"name":"wp","href":"https:\/\/api.w.org\/{rel}","templated":true}]}}