{"id":3965,"date":"2024-11-26T21:23:41","date_gmt":"2024-11-27T02:23:41","guid":{"rendered":"https:\/\/experienciaslatam.com\/?post_type=product&#038;p=3965"},"modified":"2025-01-31T15:02:13","modified_gmt":"2025-01-31T20:02:13","slug":"deja-tu-huella-en-las-paredes-llenas-de-grafiti-de-la-comuna-13","status":"publish","type":"product","link":"https:\/\/experienciaslatam.com\/es\/experiencias\/deja-tu-huella-en-las-paredes-llenas-de-grafiti-de-la-comuna-13\/","title":{"rendered":"Deja tu huella en las paredes llenas de grafiti de la Comuna 13"},"content":{"rendered":"<p><span class=\"TextRun SCXW199888281 BCX0\" lang=\"ES-CO\" xml:lang=\"ES-CO\" data-contrast=\"auto\"><span class=\"NormalTextRun SCXW199888281 BCX0\">Sum\u00e9rgete en el vibrante coraz\u00f3n de Medell\u00edn con una experiencia de arte grafiti en la Comuna 13, un barrio famoso por sus coloridas muestras de arte callejero. Conocer\u00e1s a artistas locales que compartir\u00e1n historias fascinantes sobre la historia del \u00e1rea y luego dar\u00e1s vida a tu propia visi\u00f3n como parte de un proyecto colaborativo en una de las paredes designadas de la comunidad. Como recuerdo de tu viaje, te llevar\u00e1s una postal que capturar\u00e1 la esencia de tu experiencia, creada por ti o por uno de los artistas que has conocido.<\/span><\/span><span class=\"EOP SCXW199888281 BCX0\" data-ccp-props=\"{&quot;134233117&quot;:false,&quot;134233118&quot;:false,&quot;201341983&quot;:0,&quot;335551550&quot;:6,&quot;335551620&quot;:6,&quot;335559738&quot;:240,&quot;335559739&quot;:240,&quot;335559740&quot;:240}\">\u00a0<\/span><\/p>\n","protected":false},"excerpt":{"rendered":"<p>Sum\u00e9rgete en el vibrante coraz\u00f3n de Medell\u00edn con una experiencia de arte grafiti en la Comuna 13, un barrio famoso por sus coloridas muestras de arte callejero. Conocer\u00e1s a artistas locales que compartir\u00e1n historias fascinantes sobre la historia del \u00e1rea y luego dar\u00e1s vida a tu propia visi\u00f3n como parte de un proyecto colaborativo en [&hellip;]<\/p>\n","protected":false},"featured_media":3969,"template":"","meta":{"_acf_changed":false,"inline_featured_image":false},"product_brand":[],"product_cat":[47],"product_tag":[],"class_list":{"0":"post-3965","1":"product","2":"type-product","3":"status-publish","4":"has-post-thumbnail","6":"product_cat-experiencias","8":"first","9":"instock","10":"sold-individually","11":"shipping-taxable","12":"purchasable","13":"product-type-booking"},"acf":[],"_links":{"self":[{"href":"https:\/\/experienciaslatam.com\/es\/wp-json\/wp\/v2\/product\/3965","targetHints":{"allow":["GET"]}}],"collection":[{"href":"https:\/\/experienciaslatam.com\/es\/wp-json\/wp\/v2\/product"}],"about":[{"href":"https:\/\/experienciaslatam.com\/es\/wp-json\/wp\/v2\/types\/product"}],"wp:featuredmedia":[{"embeddable":true,"href":"https:\/\/experienciaslatam.com\/es\/wp-json\/wp\/v2\/media\/3969"}],"wp:attachment":[{"href":"https:\/\/experienciaslatam.com\/es\/wp-json\/wp\/v2\/media?parent=3965"}],"wp:term":[{"taxonomy":"product_brand","embeddable":true,"href":"https:\/\/experienciaslatam.com\/es\/wp-json\/wp\/v2\/product_brand?post=3965"},{"taxonomy":"product_cat","embeddable":true,"href":"https:\/\/experienciaslatam.com\/es\/wp-json\/wp\/v2\/product_cat?post=3965"},{"taxonomy":"product_tag","embeddable":true,"href":"https:\/\/experienciaslatam.com\/es\/wp-json\/wp\/v2\/product_tag?post=3965"}],"curies":[{"name":"wp","href":"https:\/\/api.w.org\/{rel}","templated":true}]}}