{"id":4002,"date":"2024-11-27T10:45:49","date_gmt":"2024-11-27T15:45:49","guid":{"rendered":"https:\/\/experienciaslatam.com\/?post_type=product&#038;p=4002"},"modified":"2024-11-27T11:19:18","modified_gmt":"2024-11-27T16:19:18","slug":"disfruta-de-seis-platos-de-cocina-colombiana-en-una-clase-magistral-en-medellin","status":"publish","type":"product","link":"https:\/\/experienciaslatam.com\/es\/experiencias\/disfruta-de-seis-platos-de-cocina-colombiana-en-una-clase-magistral-en-medellin\/","title":{"rendered":"Disfruta de seis platos de cocina colombiana en una clase magistral en Medell\u00edn"},"content":{"rendered":"<p><span class=\"TextRun SCXW230725486 BCX0\" lang=\"EN-US\" xml:lang=\"EN-US\" data-contrast=\"none\"><span class=\"NormalTextRun SpellingErrorV2Themed SCXW230725486 BCX0\">D\u00e9jate<\/span> <span class=\"NormalTextRun SpellingErrorV2Themed SCXW230725486 BCX0\">llevar<\/span> <span class=\"NormalTextRun SpellingErrorV2Themed SCXW230725486 BCX0\">por<\/span> <span class=\"NormalTextRun SpellingErrorV2Themed SCXW230725486 BCX0\">una<\/span> <span class=\"NormalTextRun SpellingErrorV2Themed SCXW230725486 BCX0\">noche<\/span><span class=\"NormalTextRun SCXW230725486 BCX0\"> de <\/span><span class=\"NormalTextRun SpellingErrorV2Themed SCXW230725486 BCX0\">exquisitos<\/span> <span class=\"NormalTextRun SpellingErrorV2Themed SCXW230725486 BCX0\">platos<\/span> <span class=\"NormalTextRun SpellingErrorV2Themed SCXW230725486 BCX0\">colombianos<\/span><span class=\"NormalTextRun SCXW230725486 BCX0\"> y <\/span><span class=\"NormalTextRun SpellingErrorV2Themed SCXW230725486 BCX0\">cocina<\/span> <span class=\"NormalTextRun SpellingErrorV2Themed SCXW230725486 BCX0\">interactiva<\/span> <span class=\"NormalTextRun SpellingErrorV2Themed SCXW230725486 BCX0\">en<\/span><span class=\"NormalTextRun SCXW230725486 BCX0\"> Test Kitchen Lab <\/span><span class=\"NormalTextRun SpellingErrorV2Themed SCXW230725486 BCX0\">en<\/span><span class=\"NormalTextRun SCXW230725486 BCX0\"> Medell\u00edn. <\/span><span class=\"NormalTextRun SpellingErrorV2Themed SCXW230725486 BCX0\">Elevar\u00e1s<\/span> <span class=\"NormalTextRun SpellingErrorV2Themed SCXW230725486 BCX0\">tus<\/span> <span class=\"NormalTextRun SpellingErrorV2Themed SCXW230725486 BCX0\">habilidades<\/span> <span class=\"NormalTextRun SpellingErrorV2Themed SCXW230725486 BCX0\">culinarias<\/span> <span class=\"NormalTextRun SpellingErrorV2Themed SCXW230725486 BCX0\">en<\/span> <span class=\"NormalTextRun SpellingErrorV2Themed SCXW230725486 BCX0\">una<\/span> <span class=\"NormalTextRun SpellingErrorV2Themed SCXW230725486 BCX0\">clase<\/span><span class=\"NormalTextRun SCXW230725486 BCX0\"> magistral <\/span><span class=\"NormalTextRun SpellingErrorV2Themed SCXW230725486 BCX0\">\u00edntima<\/span><span class=\"NormalTextRun SCXW230725486 BCX0\">, <\/span><span class=\"NormalTextRun SpellingErrorV2Themed SCXW230725486 BCX0\">aprendiendo<\/span><span class=\"NormalTextRun SCXW230725486 BCX0\"> de <\/span><span class=\"NormalTextRun SpellingErrorV2Themed SCXW230725486 BCX0\">primera<\/span><span class=\"NormalTextRun SCXW230725486 BCX0\"> mano <\/span><span class=\"NormalTextRun SpellingErrorV2Themed SCXW230725486 BCX0\">c\u00f3mo<\/span> <span class=\"NormalTextRun SpellingErrorV2Themed SCXW230725486 BCX0\">los<\/span> <span class=\"NormalTextRun SpellingErrorV2Themed SCXW230725486 BCX0\">ingredientes<\/span><span class=\"NormalTextRun SCXW230725486 BCX0\"> locales <\/span><span class=\"NormalTextRun SpellingErrorV2Themed SCXW230725486 BCX0\">pueden<\/span> <span class=\"NormalTextRun SpellingErrorV2Themed SCXW230725486 BCX0\">transformarse<\/span> <span class=\"NormalTextRun SpellingErrorV2Themed SCXW230725486 BCX0\">en<\/span> <span class=\"NormalTextRun SpellingErrorV2Themed SCXW230725486 BCX0\">alta<\/span> <span class=\"NormalTextRun SpellingErrorV2Themed SCXW230725486 BCX0\">cocina<\/span><span class=\"NormalTextRun SCXW230725486 BCX0\">. <\/span><span class=\"NormalTextRun SpellingErrorV2Themed SCXW230725486 BCX0\">Despu\u00e9s<\/span><span class=\"NormalTextRun SCXW230725486 BCX0\">, <\/span><span class=\"NormalTextRun SpellingErrorV2Themed SCXW230725486 BCX0\">te<\/span> <span class=\"NormalTextRun SpellingErrorV2Themed SCXW230725486 BCX0\">deleitar\u00e1s<\/span><span class=\"NormalTextRun SCXW230725486 BCX0\"> con un <\/span><span class=\"NormalTextRun SpellingErrorV2Themed SCXW230725486 BCX0\">exclusivo<\/span> <span class=\"NormalTextRun SpellingErrorV2Themed SCXW230725486 BCX0\">men\u00fa<\/span><span class=\"NormalTextRun SCXW230725486 BCX0\"> de <\/span><span class=\"NormalTextRun SpellingErrorV2Themed SCXW230725486 BCX0\">degustaci\u00f3n<\/span><span class=\"NormalTextRun SCXW230725486 BCX0\"> de seis <\/span><span class=\"NormalTextRun SpellingErrorV2Themed SCXW230725486 BCX0\">platos<\/span> <span class=\"NormalTextRun SpellingErrorV2Themed SCXW230725486 BCX0\">creado<\/span> <span class=\"NormalTextRun SpellingErrorV2Themed SCXW230725486 BCX0\">especialmente<\/span><span class=\"NormalTextRun SCXW230725486 BCX0\"> para <\/span><span class=\"NormalTextRun SpellingErrorV2Themed SCXW230725486 BCX0\">esta<\/span> <span class=\"NormalTextRun SpellingErrorV2Themed SCXW230725486 BCX0\">experiencia<\/span><span class=\"NormalTextRun SCXW230725486 BCX0\">, <\/span><span class=\"NormalTextRun SpellingErrorV2Themed SCXW230725486 BCX0\">maridado<\/span> <span class=\"NormalTextRun SpellingErrorV2Themed SCXW230725486 BCX0\">meticulosamente<\/span><span class=\"NormalTextRun SCXW230725486 BCX0\"> con <\/span><span class=\"NormalTextRun SpellingErrorV2Themed SCXW230725486 BCX0\">c\u00f3cteles<\/span> <span class=\"NormalTextRun SpellingErrorV2Themed SCXW230725486 BCX0\">artesanales<\/span> <span class=\"NormalTextRun SpellingErrorV2Themed SCXW230725486 BCX0\">exclusivos<\/span><span class=\"NormalTextRun SCXW230725486 BCX0\">. Los <\/span><span class=\"NormalTextRun SpellingErrorV2Themed SCXW230725486 BCX0\">creadores<\/span> <span class=\"NormalTextRun SpellingErrorV2Themed SCXW230725486 BCX0\">visionarios<\/span><span class=\"NormalTextRun SCXW230725486 BCX0\"> Juan y David y <\/span><span class=\"NormalTextRun SpellingErrorV2Themed SCXW230725486 BCX0\">el<\/span><span class=\"NormalTextRun SCXW230725486 BCX0\"> \u00ab<\/span><span class=\"NormalTextRun SpellingErrorV2Themed SCXW230725486 BCX0\">investigador<\/span><span class=\"NormalTextRun SCXW230725486 BCX0\"> de tierra\u00bb Juan Miguel <\/span><span class=\"NormalTextRun SpellingErrorV2Themed SCXW230725486 BCX0\">compartir\u00e1n<\/span><span class=\"NormalTextRun SCXW230725486 BCX0\"> la <\/span><span class=\"NormalTextRun SpellingErrorV2Themed SCXW230725486 BCX0\">historia<\/span> <span class=\"NormalTextRun SpellingErrorV2Themed SCXW230725486 BCX0\">detr\u00e1s<\/span><span class=\"NormalTextRun SCXW230725486 BCX0\"> de <\/span><span class=\"NormalTextRun SpellingErrorV2Themed SCXW230725486 BCX0\">cada<\/span> <span class=\"NormalTextRun SpellingErrorV2Themed SCXW230725486 BCX0\">plato<\/span><span class=\"NormalTextRun SCXW230725486 BCX0\">. <\/span><span class=\"NormalTextRun SpellingErrorV2Themed SCXW230725486 BCX0\">Exclusivo<\/span><span class=\"NormalTextRun SCXW230725486 BCX0\"> para <\/span><span class=\"NormalTextRun SpellingErrorV2Themed SCXW230725486 BCX0\">titulares<\/span><span class=\"NormalTextRun SCXW230725486 BCX0\"> de <\/span><span class=\"NormalTextRun SpellingErrorV2Themed SCXW230725486 BCX0\">tarjetas<\/span><span class=\"NormalTextRun SCXW230725486 BCX0\"> Mastercard.<\/span><\/span><span class=\"EOP SCXW230725486 BCX0\" data-ccp-props=\"{&quot;335551550&quot;:6,&quot;335551620&quot;:6}\">\u00a0<\/span><\/p>\n","protected":false},"excerpt":{"rendered":"<p>D\u00e9jate llevar por una noche de exquisitos platos colombianos y cocina interactiva en Test Kitchen Lab en Medell\u00edn. Elevar\u00e1s tus habilidades culinarias en una clase magistral \u00edntima, aprendiendo de primera mano c\u00f3mo los ingredientes locales pueden transformarse en alta cocina. Despu\u00e9s, te deleitar\u00e1s con un exclusivo men\u00fa de degustaci\u00f3n de seis platos creado especialmente para [&hellip;]<\/p>\n","protected":false},"featured_media":4015,"template":"","meta":{"_acf_changed":false,"inline_featured_image":false},"product_brand":[],"product_cat":[47],"product_tag":[],"class_list":{"0":"post-4002","1":"product","2":"type-product","3":"status-publish","4":"has-post-thumbnail","6":"product_cat-experiencias","8":"first","9":"instock","10":"virtual","11":"sold-individually","12":"purchasable","13":"product-type-booking"},"acf":[],"_links":{"self":[{"href":"https:\/\/experienciaslatam.com\/es\/wp-json\/wp\/v2\/product\/4002","targetHints":{"allow":["GET"]}}],"collection":[{"href":"https:\/\/experienciaslatam.com\/es\/wp-json\/wp\/v2\/product"}],"about":[{"href":"https:\/\/experienciaslatam.com\/es\/wp-json\/wp\/v2\/types\/product"}],"wp:featuredmedia":[{"embeddable":true,"href":"https:\/\/experienciaslatam.com\/es\/wp-json\/wp\/v2\/media\/4015"}],"wp:attachment":[{"href":"https:\/\/experienciaslatam.com\/es\/wp-json\/wp\/v2\/media?parent=4002"}],"wp:term":[{"taxonomy":"product_brand","embeddable":true,"href":"https:\/\/experienciaslatam.com\/es\/wp-json\/wp\/v2\/product_brand?post=4002"},{"taxonomy":"product_cat","embeddable":true,"href":"https:\/\/experienciaslatam.com\/es\/wp-json\/wp\/v2\/product_cat?post=4002"},{"taxonomy":"product_tag","embeddable":true,"href":"https:\/\/experienciaslatam.com\/es\/wp-json\/wp\/v2\/product_tag?post=4002"}],"curies":[{"name":"wp","href":"https:\/\/api.w.org\/{rel}","templated":true}]}}