{"id":4101,"date":"2024-11-28T14:38:33","date_gmt":"2024-11-28T19:38:33","guid":{"rendered":"https:\/\/experienciaslatam.com\/?post_type=product&#038;p=4101"},"modified":"2025-04-29T17:39:11","modified_gmt":"2025-04-29T22:39:11","slug":"crea-una-taza-y-un-plato-de-ceramica-en-un-taller-exclusivo-en-rio-de-janeiro","status":"publish","type":"product","link":"https:\/\/experienciaslatam.com\/es\/experiencias\/crea-una-taza-y-un-plato-de-ceramica-en-un-taller-exclusivo-en-rio-de-janeiro\/","title":{"rendered":"Crea una taza y un plato de cer\u00e1mica en un taller exclusivo en R\u00edo de Janeiro"},"content":{"rendered":"<p><span class=\"TextRun SCXW120703866 BCX0\" lang=\"EN-US\" xml:lang=\"EN-US\" data-contrast=\"auto\"><span class=\"NormalTextRun SpellingErrorV2Themed SCXW120703866 BCX0\">\u00danete<\/span><span class=\"NormalTextRun SCXW120703866 BCX0\"> a la <\/span><span class=\"NormalTextRun SpellingErrorV2Themed SCXW120703866 BCX0\">reconocida<\/span> <span class=\"NormalTextRun SpellingErrorV2Themed SCXW120703866 BCX0\">artista<\/span><span class=\"NormalTextRun SCXW120703866 BCX0\"> F\u00e1bia Schnoor <\/span><span class=\"NormalTextRun SpellingErrorV2Themed SCXW120703866 BCX0\">en<\/span><span class=\"NormalTextRun SCXW120703866 BCX0\"> un taller <\/span><span class=\"NormalTextRun SpellingErrorV2Themed SCXW120703866 BCX0\">interactivo<\/span><span class=\"NormalTextRun SCXW120703866 BCX0\"> de <\/span><span class=\"NormalTextRun SpellingErrorV2Themed SCXW120703866 BCX0\">cer\u00e1mica<\/span> <span class=\"NormalTextRun SpellingErrorV2Themed SCXW120703866 BCX0\">en<\/span><span class=\"NormalTextRun SCXW120703866 BCX0\"> Casa 29 y <\/span><span class=\"NormalTextRun SpellingErrorV2Themed SCXW120703866 BCX0\">crea<\/span><span class=\"NormalTextRun SCXW120703866 BCX0\"> un <\/span><span class=\"NormalTextRun SpellingErrorV2Themed SCXW120703866 BCX0\">juego<\/span><span class=\"NormalTextRun SCXW120703866 BCX0\"> de <\/span><span class=\"NormalTextRun SpellingErrorV2Themed SCXW120703866 BCX0\">desayuno<\/span> <span class=\"NormalTextRun SpellingErrorV2Themed SCXW120703866 BCX0\">personalizado<\/span><span class=\"NormalTextRun SCXW120703866 BCX0\">. <\/span><span class=\"NormalTextRun SpellingErrorV2Themed SCXW120703866 BCX0\">Descubre<\/span> <span class=\"NormalTextRun SpellingErrorV2Themed SCXW120703866 BCX0\">los<\/span> <span class=\"NormalTextRun SpellingErrorV2Themed SCXW120703866 BCX0\">materiales<\/span> <span class=\"NormalTextRun SpellingErrorV2Themed SCXW120703866 BCX0\">en<\/span> <span class=\"NormalTextRun SpellingErrorV2Themed SCXW120703866 BCX0\">bruto<\/span><span class=\"NormalTextRun SCXW120703866 BCX0\"> y <\/span><span class=\"NormalTextRun SpellingErrorV2Themed SCXW120703866 BCX0\">el<\/span> <span class=\"NormalTextRun SpellingErrorV2Themed SCXW120703866 BCX0\">contexto<\/span><span class=\"NormalTextRun SCXW120703866 BCX0\"> cultural e <\/span><span class=\"NormalTextRun SpellingErrorV2Themed SCXW120703866 BCX0\">hist\u00f3rico<\/span><span class=\"NormalTextRun SCXW120703866 BCX0\"> de la <\/span><span class=\"NormalTextRun SpellingErrorV2Themed SCXW120703866 BCX0\">producci\u00f3n<\/span><span class=\"NormalTextRun SCXW120703866 BCX0\"> de <\/span><span class=\"NormalTextRun SpellingErrorV2Themed SCXW120703866 BCX0\">cer\u00e1mica<\/span> <span class=\"NormalTextRun SpellingErrorV2Themed SCXW120703866 BCX0\">mientras<\/span> <span class=\"NormalTextRun SpellingErrorV2Themed SCXW120703866 BCX0\">transformas<\/span> <span class=\"NormalTextRun SpellingErrorV2Themed SCXW120703866 BCX0\">el<\/span><span class=\"NormalTextRun SCXW120703866 BCX0\"> barro <\/span><span class=\"NormalTextRun SpellingErrorV2Themed SCXW120703866 BCX0\">en<\/span> <span class=\"NormalTextRun SpellingErrorV2Themed SCXW120703866 BCX0\">arte<\/span> <span class=\"NormalTextRun SpellingErrorV2Themed SCXW120703866 BCX0\">funcional<\/span><span class=\"NormalTextRun SCXW120703866 BCX0\">. Con la <\/span><span class=\"NormalTextRun SpellingErrorV2Themed SCXW120703866 BCX0\">fundadora<\/span><span class=\"NormalTextRun SCXW120703866 BCX0\"> de <\/span><\/span><span class=\"TextRun SCXW120703866 BCX0\" lang=\"EN-US\" xml:lang=\"EN-US\" data-contrast=\"auto\"><span class=\"NormalTextRun SpellingErrorV2Themed SCXW120703866 BCX0\">Projeto<\/span><span class=\"NormalTextRun SCXW120703866 BCX0\"> Um <\/span><span class=\"NormalTextRun SpellingErrorV2Themed SCXW120703866 BCX0\">S\u00e9culo<\/span><\/span><span class=\"TextRun SCXW120703866 BCX0\" lang=\"EN-US\" xml:lang=\"EN-US\" data-contrast=\"auto\"><span class=\"NormalTextRun SCXW120703866 BCX0\"> y <\/span><span class=\"NormalTextRun SpellingErrorV2Themed SCXW120703866 BCX0\">mentora<\/span><span class=\"NormalTextRun SCXW120703866 BCX0\"> de <\/span><\/span><span class=\"TextRun SCXW120703866 BCX0\" lang=\"EN-US\" xml:lang=\"EN-US\" data-contrast=\"auto\"><span class=\"NormalTextRun SCXW120703866 BCX0\">Arte do <\/span><span class=\"NormalTextRun SpellingErrorV2Themed SCXW120703866 BCX0\">Amanh\u00e3<\/span><\/span><span class=\"TextRun SCXW120703866 BCX0\" lang=\"EN-US\" xml:lang=\"EN-US\" data-contrast=\"auto\"> <span class=\"NormalTextRun SpellingErrorV2Themed SCXW120703866 BCX0\">en<\/span> <span class=\"NormalTextRun SpellingErrorV2Themed SCXW120703866 BCX0\">el<\/span><span class=\"NormalTextRun SCXW120703866 BCX0\"> Museo del <\/span><span class=\"NormalTextRun SpellingErrorV2Themed SCXW120703866 BCX0\">Ma\u00f1ana<\/span> <span class=\"NormalTextRun SpellingErrorV2Themed SCXW120703866 BCX0\">como<\/span> <span class=\"NormalTextRun SpellingErrorV2Themed SCXW120703866 BCX0\">gu\u00eda<\/span><span class=\"NormalTextRun SCXW120703866 BCX0\">, <\/span><span class=\"NormalTextRun SpellingErrorV2Themed SCXW120703866 BCX0\">rel\u00e1jate<\/span> <span class=\"NormalTextRun SpellingErrorV2Themed SCXW120703866 BCX0\">en<\/span><span class=\"NormalTextRun SCXW120703866 BCX0\"> la <\/span><span class=\"NormalTextRun SpellingErrorV2Themed SCXW120703866 BCX0\">atm\u00f3sfera<\/span> <span class=\"NormalTextRun SpellingErrorV2Themed SCXW120703866 BCX0\">meditativa<\/span><span class=\"NormalTextRun SCXW120703866 BCX0\"> de la <\/span><span class=\"NormalTextRun SpellingErrorV2Themed SCXW120703866 BCX0\">creatividad<\/span> <span class=\"NormalTextRun SpellingErrorV2Themed SCXW120703866 BCX0\">consciente<\/span> <span class=\"NormalTextRun SpellingErrorV2Themed SCXW120703866 BCX0\">mientras<\/span> <span class=\"NormalTextRun SpellingErrorV2Themed SCXW120703866 BCX0\">dise\u00f1as<\/span><span class=\"NormalTextRun SCXW120703866 BCX0\"> un <\/span><span class=\"NormalTextRun SpellingErrorV2Themed SCXW120703866 BCX0\">plato<\/span><span class=\"NormalTextRun SCXW120703866 BCX0\"> y <\/span><span class=\"NormalTextRun SpellingErrorV2Themed SCXW120703866 BCX0\">una<\/span> <span class=\"NormalTextRun SpellingErrorV2Themed SCXW120703866 BCX0\">taza<\/span> <span class=\"NormalTextRun SpellingErrorV2Themed SCXW120703866 BCX0\">\u00fanicos<\/span><span class=\"NormalTextRun SCXW120703866 BCX0\"> que <\/span><span class=\"NormalTextRun SpellingErrorV2Themed SCXW120703866 BCX0\">reflejan<\/span> <span class=\"NormalTextRun SpellingErrorV2Themed SCXW120703866 BCX0\">tu<\/span> <span class=\"NormalTextRun SpellingErrorV2Themed SCXW120703866 BCX0\">estilo<\/span> <span class=\"NormalTextRun SpellingErrorV2Themed SCXW120703866 BCX0\">caracter\u00edstico<\/span><span class=\"NormalTextRun SCXW120703866 BCX0\">. <\/span><span class=\"NormalTextRun SpellingErrorV2Themed SCXW120703866 BCX0\">Exclusivo<\/span><span class=\"NormalTextRun SCXW120703866 BCX0\"> para <\/span><span class=\"NormalTextRun SpellingErrorV2Themed SCXW120703866 BCX0\">tarjetahabientes<\/span><span class=\"NormalTextRun SCXW120703866 BCX0\"> Mastercard.<\/span><\/span><span class=\"EOP SCXW120703866 BCX0\" data-ccp-props=\"{&quot;134233117&quot;:false,&quot;134233118&quot;:false,&quot;335551550&quot;:6,&quot;335551620&quot;:6,&quot;335559738&quot;:240,&quot;335559739&quot;:240}\">\u00a0<\/span><\/p>\n","protected":false},"excerpt":{"rendered":"<p>\u00danete a la reconocida artista F\u00e1bia Schnoor en un taller interactivo de cer\u00e1mica en Casa 29 y crea un juego de desayuno personalizado. Descubre los materiales en bruto y el contexto cultural e hist\u00f3rico de la producci\u00f3n de cer\u00e1mica mientras transformas el barro en arte funcional. Con la fundadora de Projeto Um S\u00e9culo y mentora [&hellip;]<\/p>\n","protected":false},"featured_media":4108,"template":"","meta":{"_acf_changed":false,"inline_featured_image":false},"product_brand":[],"product_cat":[47],"product_tag":[],"class_list":{"0":"post-4101","1":"product","2":"type-product","3":"status-publish","4":"has-post-thumbnail","6":"product_cat-experiencias","8":"first","9":"instock","10":"sold-individually","11":"shipping-taxable","12":"purchasable","13":"product-type-booking"},"acf":[],"_links":{"self":[{"href":"https:\/\/experienciaslatam.com\/es\/wp-json\/wp\/v2\/product\/4101","targetHints":{"allow":["GET"]}}],"collection":[{"href":"https:\/\/experienciaslatam.com\/es\/wp-json\/wp\/v2\/product"}],"about":[{"href":"https:\/\/experienciaslatam.com\/es\/wp-json\/wp\/v2\/types\/product"}],"wp:featuredmedia":[{"embeddable":true,"href":"https:\/\/experienciaslatam.com\/es\/wp-json\/wp\/v2\/media\/4108"}],"wp:attachment":[{"href":"https:\/\/experienciaslatam.com\/es\/wp-json\/wp\/v2\/media?parent=4101"}],"wp:term":[{"taxonomy":"product_brand","embeddable":true,"href":"https:\/\/experienciaslatam.com\/es\/wp-json\/wp\/v2\/product_brand?post=4101"},{"taxonomy":"product_cat","embeddable":true,"href":"https:\/\/experienciaslatam.com\/es\/wp-json\/wp\/v2\/product_cat?post=4101"},{"taxonomy":"product_tag","embeddable":true,"href":"https:\/\/experienciaslatam.com\/es\/wp-json\/wp\/v2\/product_tag?post=4101"}],"curies":[{"name":"wp","href":"https:\/\/api.w.org\/{rel}","templated":true}]}}