{"id":4195,"date":"2024-11-29T15:29:19","date_gmt":"2024-11-29T20:29:19","guid":{"rendered":"https:\/\/experienciaslatam.com\/?post_type=product&#038;p=4195"},"modified":"2025-05-05T17:47:57","modified_gmt":"2025-05-05T22:47:57","slug":"aprende-sobre-la-elaboracion-sostenible-del-vino-en-un-tour-exclusivo-con-clase-de-cocina","status":"publish","type":"product","link":"https:\/\/experienciaslatam.com\/es\/experiencias\/aprende-sobre-la-elaboracion-sostenible-del-vino-en-un-tour-exclusivo-con-clase-de-cocina\/","title":{"rendered":"Aprende sobre la elaboraci\u00f3n sostenible del vino en un tour exclusivo con clase de cocina"},"content":{"rendered":"<p><span data-contrast=\"none\">Sum\u00e9rgete en la prestigiosa regi\u00f3n vin\u00edcola del Valle de Casablanca en Chile con un exclusivo tour privado por Kingston Family Vineyards que incluye una clase de cocina, almuerzo y degustaciones. Disfrutar\u00e1s del impresionante entorno de este vi\u00f1edo multipremiado, donde preparar\u00e1s platos cl\u00e1sicos chilenos con un chef profesional en una clase pr\u00e1ctica en el sal\u00f3n de degustaci\u00f3n. Despu\u00e9s, disfrutar\u00e1s de un almuerzo delicioso con vistas impresionantes del valle y una degustaci\u00f3n de cinco vinos de Kingston Family, incluyendo el codiciado carm\u00e9n\u00e8re y otros favoritos locales. Adem\u00e1s, obtendr\u00e1s informaci\u00f3n sobre pr\u00e1cticas responsables de elaboraci\u00f3n de vinos centradas en la sostenibilidad durante un tour por el vi\u00f1edo para concluir tu visita. Exclusivo para titulares de tarjetas Mastercard.<\/span><span data-ccp-props=\"{&quot;134233117&quot;:false,&quot;134233118&quot;:false,&quot;201341983&quot;:0,&quot;335551550&quot;:6,&quot;335551620&quot;:6,&quot;335559685&quot;:0,&quot;335559737&quot;:0,&quot;335559738&quot;:0,&quot;335559739&quot;:160,&quot;335559740&quot;:279}\">\u00a0<\/span><\/p>\n<p><span data-contrast=\"none\">Mastercard, junto con Priceless Planet Coalition, busca restaurar 100 millones de \u00e1rboles para 2030. Por cada experiencia que compres, Mastercard donar\u00e1 un \u00e1rbol a trav\u00e9s de Priceless Planet Coalition. Con tu contribuci\u00f3n, estamos promoviendo la restauraci\u00f3n en 6 continentes.<\/span><span data-ccp-props=\"{&quot;134233117&quot;:false,&quot;134233118&quot;:false,&quot;201341983&quot;:0,&quot;335551550&quot;:6,&quot;335551620&quot;:6,&quot;335559685&quot;:0,&quot;335559737&quot;:0,&quot;335559738&quot;:0,&quot;335559739&quot;:160,&quot;335559740&quot;:279}\">\u00a0<\/span><\/p>\n","protected":false},"excerpt":{"rendered":"<p>Sum\u00e9rgete en la prestigiosa regi\u00f3n vin\u00edcola del Valle de Casablanca en Chile con un exclusivo tour privado por Kingston Family Vineyards que incluye una clase de cocina, almuerzo y degustaciones. Disfrutar\u00e1s del impresionante entorno de este vi\u00f1edo multipremiado, donde preparar\u00e1s platos cl\u00e1sicos chilenos con un chef profesional en una clase pr\u00e1ctica en el sal\u00f3n de [&hellip;]<\/p>\n","protected":false},"featured_media":4199,"template":"","meta":{"_acf_changed":false,"inline_featured_image":false},"product_brand":[],"product_cat":[47],"product_tag":[],"class_list":{"0":"post-4195","1":"product","2":"type-product","3":"status-publish","4":"has-post-thumbnail","6":"product_cat-experiencias","8":"first","9":"instock","10":"virtual","11":"sold-individually","12":"purchasable","13":"product-type-booking"},"acf":[],"_links":{"self":[{"href":"https:\/\/experienciaslatam.com\/es\/wp-json\/wp\/v2\/product\/4195","targetHints":{"allow":["GET"]}}],"collection":[{"href":"https:\/\/experienciaslatam.com\/es\/wp-json\/wp\/v2\/product"}],"about":[{"href":"https:\/\/experienciaslatam.com\/es\/wp-json\/wp\/v2\/types\/product"}],"wp:featuredmedia":[{"embeddable":true,"href":"https:\/\/experienciaslatam.com\/es\/wp-json\/wp\/v2\/media\/4199"}],"wp:attachment":[{"href":"https:\/\/experienciaslatam.com\/es\/wp-json\/wp\/v2\/media?parent=4195"}],"wp:term":[{"taxonomy":"product_brand","embeddable":true,"href":"https:\/\/experienciaslatam.com\/es\/wp-json\/wp\/v2\/product_brand?post=4195"},{"taxonomy":"product_cat","embeddable":true,"href":"https:\/\/experienciaslatam.com\/es\/wp-json\/wp\/v2\/product_cat?post=4195"},{"taxonomy":"product_tag","embeddable":true,"href":"https:\/\/experienciaslatam.com\/es\/wp-json\/wp\/v2\/product_tag?post=4195"}],"curies":[{"name":"wp","href":"https:\/\/api.w.org\/{rel}","templated":true}]}}