{"id":4255,"date":"2024-11-29T17:49:41","date_gmt":"2024-11-29T22:49:41","guid":{"rendered":"https:\/\/experienciaslatam.com\/?post_type=product&#038;p=4255"},"modified":"2025-05-06T11:28:17","modified_gmt":"2025-05-06T16:28:17","slug":"avista-majestuosos-condores-andinos-junto-a-un-guia-experto-en-chile","status":"publish","type":"product","link":"https:\/\/experienciaslatam.com\/es\/experiencias\/avista-majestuosos-condores-andinos-junto-a-un-guia-experto-en-chile\/","title":{"rendered":"Avista majestuosos c\u00f3ndores andinos junto a un gu\u00eda experto en Chile"},"content":{"rendered":"<p><span data-contrast=\"auto\">Pasa un d\u00eda inolvidable explorando los Andes y observando c\u00f3ndores en Chile, en una excursi\u00f3n exclusiva que generalmente solo est\u00e1 disponible como parte de un viaje de varios d\u00edas. Despu\u00e9s de encontrarte con tu gu\u00eda experto, comenzar\u00e1s tu aventura en el Santuario de la Naturaleza Yerba Loca, un para\u00edso de biodiversidad. Luego ascender\u00e1s a Farellones y Valle Nevado, ideales para avistar c\u00f3ndores y otra fauna silvestre en medio de vistas panor\u00e1micas incomparables. Culminar\u00e1s esta experiencia \u00fanica con un delicioso picnic gourmet que incluye vino, una variedad de quesos, carnes, galletas y frutas, en las monta\u00f1as. Exclusivamente para titulares de tarjetas Mastercard.<\/span><span data-ccp-props=\"{&quot;134233117&quot;:false,&quot;134233118&quot;:false,&quot;335551550&quot;:6,&quot;335551620&quot;:6,&quot;335559738&quot;:240,&quot;335559739&quot;:240}\">\u00a0<\/span><\/p>\n<p><span data-contrast=\"auto\">Mastercard, junto con Priceless Planet Coalition, busca restaurar 100 millones de \u00e1rboles para 2030. Por cada experiencia que compres, Mastercard donar\u00e1 un \u00e1rbol a trav\u00e9s de Priceless Planet Coalition. Con tu contribuci\u00f3n, estamos promoviendo la restauraci\u00f3n en 6 continentes.<\/span><span data-ccp-props=\"{&quot;134233117&quot;:false,&quot;134233118&quot;:false,&quot;335551550&quot;:6,&quot;335551620&quot;:6,&quot;335559738&quot;:240,&quot;335559739&quot;:240}\">\u00a0<\/span><\/p>\n","protected":false},"excerpt":{"rendered":"<p>Pasa un d\u00eda inolvidable explorando los Andes y observando c\u00f3ndores en Chile, en una excursi\u00f3n exclusiva que generalmente solo est\u00e1 disponible como parte de un viaje de varios d\u00edas. Despu\u00e9s de encontrarte con tu gu\u00eda experto, comenzar\u00e1s tu aventura en el Santuario de la Naturaleza Yerba Loca, un para\u00edso de biodiversidad. Luego ascender\u00e1s a Farellones [&hellip;]<\/p>\n","protected":false},"featured_media":4259,"template":"","meta":{"_acf_changed":false,"inline_featured_image":false},"product_brand":[],"product_cat":[47],"product_tag":[],"class_list":{"0":"post-4255","1":"product","2":"type-product","3":"status-publish","4":"has-post-thumbnail","6":"product_cat-experiencias","8":"first","9":"instock","10":"virtual","11":"sold-individually","12":"purchasable","13":"product-type-booking"},"acf":[],"_links":{"self":[{"href":"https:\/\/experienciaslatam.com\/es\/wp-json\/wp\/v2\/product\/4255","targetHints":{"allow":["GET"]}}],"collection":[{"href":"https:\/\/experienciaslatam.com\/es\/wp-json\/wp\/v2\/product"}],"about":[{"href":"https:\/\/experienciaslatam.com\/es\/wp-json\/wp\/v2\/types\/product"}],"wp:featuredmedia":[{"embeddable":true,"href":"https:\/\/experienciaslatam.com\/es\/wp-json\/wp\/v2\/media\/4259"}],"wp:attachment":[{"href":"https:\/\/experienciaslatam.com\/es\/wp-json\/wp\/v2\/media?parent=4255"}],"wp:term":[{"taxonomy":"product_brand","embeddable":true,"href":"https:\/\/experienciaslatam.com\/es\/wp-json\/wp\/v2\/product_brand?post=4255"},{"taxonomy":"product_cat","embeddable":true,"href":"https:\/\/experienciaslatam.com\/es\/wp-json\/wp\/v2\/product_cat?post=4255"},{"taxonomy":"product_tag","embeddable":true,"href":"https:\/\/experienciaslatam.com\/es\/wp-json\/wp\/v2\/product_tag?post=4255"}],"curies":[{"name":"wp","href":"https:\/\/api.w.org\/{rel}","templated":true}]}}