{"id":4935,"date":"2025-01-20T15:12:19","date_gmt":"2025-01-20T20:12:19","guid":{"rendered":"https:\/\/experienciaslatam.com\/?post_type=product&#038;p=4935"},"modified":"2025-05-07T16:45:57","modified_gmt":"2025-05-07T21:45:57","slug":"disfruta-de-una-clase-de-surf-personalizada-con-un-surfista-profesional-en-la-playa-de-rio-copy","status":"publish","type":"product","link":"https:\/\/experienciaslatam.com\/es\/experiencias\/disfruta-de-una-clase-de-surf-personalizada-con-un-surfista-profesional-en-la-playa-de-rio-copy\/","title":{"rendered":"Saborea un exclusivo men\u00fa italiano &#8211; brasile\u00f1o en S\u00e3o Paulo con privilegios especiales"},"content":{"rendered":"<p><span class=\"NormalTextRun SCXW16896643 BCX0\">Disfruta<\/span><span class=\"NormalTextRun SCXW16896643 BCX0\"> de un <\/span><span class=\"NormalTextRun SCXW16896643 BCX0\">men\u00fa<\/span> <span class=\"NormalTextRun SCXW16896643 BCX0\">exclusivo<\/span><span class=\"NormalTextRun SCXW16896643 BCX0\"> y <\/span><span class=\"NormalTextRun SCXW16896643 BCX0\">curado<\/span><span class=\"NormalTextRun SCXW16896643 BCX0\"> de deliciosa <\/span><span class=\"NormalTextRun SCXW16896643 BCX0\">cocina<\/span> <span class=\"NormalTextRun SCXW16896643 BCX0\">italiana<\/span> <span class=\"NormalTextRun SCXW16896643 BCX0\">en<\/span><span class=\"NormalTextRun SCXW16896643 BCX0\"> Cantina <\/span><span class=\"NormalTextRun ContextualSpellingAndGrammarErrorV2Themed SCXW16896643 BCX0\">C.<\/span><span class=\"NormalTextRun ContextualSpellingAndGrammarErrorV2Themed SCXW16896643 BCX0\">..<\/span><span class=\"NormalTextRun SCXW16896643 BCX0\">Que<\/span><span class=\"NormalTextRun SCXW16896643 BCX0\"> Sabe! con <\/span><span class=\"NormalTextRun SCXW16896643 BCX0\">privilegios<\/span> <span class=\"NormalTextRun SCXW16896643 BCX0\">especiales<\/span><span class=\"NormalTextRun SCXW16896643 BCX0\">. <\/span><span class=\"NormalTextRun SCXW16896643 BCX0\">Disfrutar\u00e1s<\/span><span class=\"NormalTextRun SCXW16896643 BCX0\"> de un <\/span><span class=\"NormalTextRun SCXW16896643 BCX0\">encuentro<\/span> <span class=\"NormalTextRun SCXW16896643 BCX0\">con <\/span><span class=\"NormalTextRun SCXW16896643 BCX0\">el<\/span> <span class=\"NormalTextRun SCXW16896643 BCX0\">animado<\/span> <span class=\"NormalTextRun SCXW16896643 BCX0\">propietario<\/span><span class=\"NormalTextRun SCXW16896643 BCX0\"> de la trattoria, <\/span><span class=\"NormalTextRun SCXW16896643 BCX0\">quien<\/span> <span class=\"NormalTextRun SCXW16896643 BCX0\">te<\/span> <span class=\"NormalTextRun SCXW16896643 BCX0\">relatar\u00e1<\/span><span class=\"NormalTextRun SCXW16896643 BCX0\"> la <\/span><span class=\"NormalTextRun SCXW16896643 BCX0\">historia<\/span> <span class=\"NormalTextRun SCXW16896643 BCX0\">\u00fanica<\/span><span class=\"NormalTextRun SCXW16896643 BCX0\"> del <\/span><span class=\"NormalTextRun SCXW16896643 BCX0\">vecindario<\/span><span class=\"NormalTextRun SCXW16896643 BCX0\"> y del <\/span><span class=\"NormalTextRun SCXW16896643 BCX0\">restaurante<\/span> <span class=\"NormalTextRun SCXW16896643 BCX0\">conocido<\/span> <span class=\"NormalTextRun SCXW16896643 BCX0\">como<\/span><span class=\"NormalTextRun SCXW16896643 BCX0\"> \u00abLa Casa de la <\/span><span class=\"NormalTextRun SpellingErrorV2Themed SCXW16896643 BCX0\">Tarantella<\/span><span class=\"NormalTextRun SCXW16896643 BCX0\">\u00ab. Luego, <\/span><span class=\"NormalTextRun SCXW16896643 BCX0\">te<\/span> <span class=\"NormalTextRun SCXW16896643 BCX0\">sentar\u00e1s<\/span><span class=\"NormalTextRun SCXW16896643 BCX0\"> a <\/span><span class=\"NormalTextRun SCXW16896643 BCX0\">una<\/span><span class=\"NormalTextRun SCXW16896643 BCX0\">\u00a0<\/span><span class=\"NormalTextRun ContextualSpellingAndGrammarErrorV2Themed SCXW16896643 BCX0\">cena <\/span> <span class=\"NormalTextRun ContextualSpellingAndGrammarErrorV2Themed SCXW16896643 BCX0\">indulgente<\/span><span class=\"NormalTextRun SCXW16896643 BCX0\"> y<\/span> <span class=\"NormalTextRun SCXW16896643 BCX0\">exclusiva<\/span><span class=\"NormalTextRun SCXW16896643 BCX0\"> para la <\/span><span class=\"NormalTextRun SCXW16896643 BCX0\">ocasi\u00f3n<\/span><span class=\"NormalTextRun SCXW16896643 BCX0\">, con <\/span><span class=\"NormalTextRun SCXW16896643 BCX0\">platos<\/span><span class=\"NormalTextRun SCXW16896643 BCX0\"> del <\/span><span class=\"NormalTextRun SCXW16896643 BCX0\">norte<\/span><span class=\"NormalTextRun SCXW16896643 BCX0\"> de Italia <\/span><span class=\"NormalTextRun SCXW16896643 BCX0\">como<\/span> <span class=\"NormalTextRun SpellingErrorV2Themed SCXW16896643 BCX0\">carpaccio<\/span><span class=\"NormalTextRun SCXW16896643 BCX0\"> con ensalada y tostadas, gnocchi de <\/span><span class=\"NormalTextRun SCXW16896643 BCX0\">cordero<\/span><span class=\"NormalTextRun SCXW16896643 BCX0\"> con menta, y <\/span><span class=\"NormalTextRun SCXW16896643 BCX0\">filete<\/span><span class=\"NormalTextRun SCXW16896643 BCX0\"> a la parrilla con salsa de vino <\/span><span class=\"NormalTextRun SCXW16896643 BCX0\">tinto<\/span><span class=\"NormalTextRun SCXW16896643 BCX0\">, <\/span><span class=\"NormalTextRun SCXW16896643 BCX0\">tocino<\/span><span class=\"NormalTextRun SCXW16896643 BCX0\"> y <\/span><span class=\"NormalTextRun SCXW16896643 BCX0\">pasas<\/span><span class=\"NormalTextRun SCXW16896643 BCX0\">, <\/span><span class=\"NormalTextRun SCXW16896643 BCX0\">seguido<\/span><span class=\"NormalTextRun SCXW16896643 BCX0\"> de un <\/span><span class=\"NormalTextRun SCXW16896643 BCX0\">rico<\/span> <span class=\"NormalTextRun SCXW16896643 BCX0\">tiramis\u00fa<\/span><span class=\"NormalTextRun SCXW16896643 BCX0\"> de <\/span><span class=\"NormalTextRun SCXW16896643 BCX0\">postre<\/span><span class=\"NormalTextRun SCXW16896643 BCX0\">. <\/span><span class=\"NormalTextRun SCXW16896643 BCX0\">Adem\u00e1s<\/span><span class=\"NormalTextRun SCXW16896643 BCX0\">, <\/span><span class=\"NormalTextRun SCXW16896643 BCX0\">recibir\u00e1s<\/span><span class=\"NormalTextRun SCXW16896643 BCX0\"> un kit para <\/span><span class=\"NormalTextRun SCXW16896643 BCX0\">hacer<\/span><span class=\"NormalTextRun SCXW16896643 BCX0\"> pasta o <\/span><span class=\"NormalTextRun SCXW16896643 BCX0\">una<\/span> <span class=\"NormalTextRun SCXW16896643 BCX0\">botella<\/span><span class=\"NormalTextRun SCXW16896643 BCX0\"> de vino, junto con <\/span><span class=\"NormalTextRun SCXW16896643 BCX0\">una<\/span> <span class=\"NormalTextRun SCXW16896643 BCX0\">receta<\/span><span class=\"NormalTextRun SCXW16896643 BCX0\"> secreta, <\/span><span class=\"NormalTextRun SCXW16896643 BCX0\">c<\/span><span class=\"TextRun SCXW124535340 BCX0\" lang=\"ES-ES\" xml:lang=\"ES-ES\" data-contrast=\"auto\"><span class=\"NormalTextRun SCXW124535340 BCX0\">omo<\/span><span class=\"NormalTextRun SCXW124535340 BCX0\"> regalos <\/span><span class=\"NormalTextRun SCXW124535340 BCX0\">gastron\u00f3micos<\/span><span class=\"NormalTextRun SCXW124535340 BCX0\">. <\/span><span class=\"NormalTextRun SCXW124535340 BCX0\">Exclusivamente<\/span><span class=\"NormalTextRun SCXW124535340 BCX0\"> para <\/span><span class=\"NormalTextRun SCXW124535340 BCX0\">titulares<\/span><span class=\"NormalTextRun SCXW124535340 BCX0\"> de <\/span><span class=\"NormalTextRun SpellingErrorV2Themed SCXW124535340 BCX0\">Mastercard<\/span><span class=\"NormalTextRun SCXW124535340 BCX0\">.<\/span><\/span><span class=\"EOP SCXW124535340 BCX0\" data-ccp-props=\"{}\">\u00a0<\/span><\/p>\n","protected":false},"excerpt":{"rendered":"<p>Disfruta de un men\u00fa exclusivo y curado de deliciosa cocina italiana en Cantina C&#8230;Que Sabe! con privilegios especiales. Disfrutar\u00e1s de un encuentro con el animado propietario de la trattoria, quien te relatar\u00e1 la historia \u00fanica del vecindario y del restaurante conocido como \u00abLa Casa de la Tarantella\u00ab. Luego, te sentar\u00e1s a una\u00a0cena indulgente y exclusiva [&hellip;]<\/p>\n","protected":false},"featured_media":4951,"template":"","meta":{"_acf_changed":false,"inline_featured_image":false},"product_brand":[],"product_cat":[47],"product_tag":[],"class_list":{"0":"post-4935","1":"product","2":"type-product","3":"status-publish","4":"has-post-thumbnail","6":"product_cat-experiencias","8":"first","9":"instock","10":"virtual","11":"sold-individually","12":"purchasable","13":"product-type-booking"},"acf":[],"_links":{"self":[{"href":"https:\/\/experienciaslatam.com\/es\/wp-json\/wp\/v2\/product\/4935","targetHints":{"allow":["GET"]}}],"collection":[{"href":"https:\/\/experienciaslatam.com\/es\/wp-json\/wp\/v2\/product"}],"about":[{"href":"https:\/\/experienciaslatam.com\/es\/wp-json\/wp\/v2\/types\/product"}],"wp:featuredmedia":[{"embeddable":true,"href":"https:\/\/experienciaslatam.com\/es\/wp-json\/wp\/v2\/media\/4951"}],"wp:attachment":[{"href":"https:\/\/experienciaslatam.com\/es\/wp-json\/wp\/v2\/media?parent=4935"}],"wp:term":[{"taxonomy":"product_brand","embeddable":true,"href":"https:\/\/experienciaslatam.com\/es\/wp-json\/wp\/v2\/product_brand?post=4935"},{"taxonomy":"product_cat","embeddable":true,"href":"https:\/\/experienciaslatam.com\/es\/wp-json\/wp\/v2\/product_cat?post=4935"},{"taxonomy":"product_tag","embeddable":true,"href":"https:\/\/experienciaslatam.com\/es\/wp-json\/wp\/v2\/product_tag?post=4935"}],"curies":[{"name":"wp","href":"https:\/\/api.w.org\/{rel}","templated":true}]}}