{"id":5730,"date":"2025-04-04T15:53:47","date_gmt":"2025-04-04T20:53:47","guid":{"rendered":"https:\/\/experienciaslatam.com\/?post_type=product&#038;p=5730"},"modified":"2025-09-01T16:12:34","modified_gmt":"2025-09-01T21:12:34","slug":"recorre-rio-de-janeiro-en-un-tour-tranquilo-en-bicicleta-con-un-guia","status":"publish","type":"product","link":"https:\/\/experienciaslatam.com\/es\/experiencias\/recorre-rio-de-janeiro-en-un-tour-tranquilo-en-bicicleta-con-un-guia\/","title":{"rendered":"Recorre R\u00edo de Janeiro en un tour  tranquilo en bicicleta con un gu\u00eda."},"content":{"rendered":"<p><span class=\"EOP SCXW152451968 BCX0\" data-ccp-props=\"{&quot;134233117&quot;:false,&quot;134233118&quot;:false,&quot;335557856&quot;:16777215,&quot;335559738&quot;:0,&quot;335559739&quot;:0}\"><span class=\"TextRun SCXW187292077 BCX0\" lang=\"ES-ES\" xml:lang=\"ES-ES\" data-contrast=\"auto\"><span class=\"NormalTextRun SCXW187292077 BCX0\"><span class=\"TextRun SCXW20617955 BCX0\" lang=\"EN-US\" xml:lang=\"EN-US\" data-contrast=\"auto\"><span class=\"NormalTextRun SCXW20617955 BCX0\">Sal al <\/span><span class=\"NormalTextRun SpellingErrorV2Themed SCXW20617955 BCX0\">aire<\/span><span class=\"NormalTextRun SCXW20617955 BCX0\"> libre y <\/span><span class=\"NormalTextRun SpellingErrorV2Themed SCXW20617955 BCX0\">explora<\/span><span class=\"NormalTextRun SCXW20617955 BCX0\"> la ciudad <\/span><span class=\"NormalTextRun SpellingErrorV2Themed SCXW20617955 BCX0\">en<\/span><span class=\"NormalTextRun SCXW20617955 BCX0\"> un tour <\/span><span class=\"NormalTextRun SpellingErrorV2Themed SCXW20617955 BCX0\">\u00fanico<\/span> <span class=\"NormalTextRun SpellingErrorV2Themed SCXW20617955 BCX0\">en<\/span> <span class=\"NormalTextRun SpellingErrorV2Themed SCXW20617955 BCX0\">bicicleta<\/span><span class=\"NormalTextRun SCXW20617955 BCX0\">. Tu <\/span><span class=\"NormalTextRun SpellingErrorV2Themed SCXW20617955 BCX0\">gu\u00eda<\/span><span class=\"NormalTextRun SCXW20617955 BCX0\"> de <\/span><span class=\"NormalTextRun SpellingErrorV2Themed SCXW20617955 BCX0\">habla<\/span> <span class=\"NormalTextRun SpellingErrorV2Themed SCXW20617955 BCX0\">inglesa<\/span> <span class=\"NormalTextRun SpellingErrorV2Themed SCXW20617955 BCX0\">te<\/span> <span class=\"NormalTextRun SpellingErrorV2Themed SCXW20617955 BCX0\">recoger\u00e1<\/span> <span class=\"NormalTextRun SpellingErrorV2Themed SCXW20617955 BCX0\">en<\/span> <span class=\"NormalTextRun SpellingErrorV2Themed SCXW20617955 BCX0\">tu<\/span><span class=\"NormalTextRun SCXW20617955 BCX0\"> hotel y <\/span><span class=\"NormalTextRun SpellingErrorV2Themed SCXW20617955 BCX0\">te<\/span> <span class=\"NormalTextRun SpellingErrorV2Themed SCXW20617955 BCX0\">llevar\u00e1<\/span> <span class=\"NormalTextRun SpellingErrorV2Themed SCXW20617955 BCX0\">por<\/span><span class=\"NormalTextRun SCXW20617955 BCX0\"> R\u00edo <\/span><span class=\"NormalTextRun SpellingErrorV2Themed SCXW20617955 BCX0\">en<\/span><span class=\"NormalTextRun SCXW20617955 BCX0\"> dos <\/span><span class=\"NormalTextRun SpellingErrorV2Themed SCXW20617955 BCX0\">ruedas<\/span><span class=\"NormalTextRun SCXW20617955 BCX0\">. <\/span><span class=\"NormalTextRun SpellingErrorV2Themed SCXW20617955 BCX0\">Pasar\u00e1s<\/span> <span class=\"NormalTextRun SpellingErrorV2Themed SCXW20617955 BCX0\">por<\/span> <span class=\"NormalTextRun SpellingErrorV2Themed SCXW20617955 BCX0\">famosos<\/span> <span class=\"NormalTextRun SpellingErrorV2Themed SCXW20617955 BCX0\">lugares<\/span><span class=\"NormalTextRun SCXW20617955 BCX0\"> a lo largo de <\/span><span class=\"NormalTextRun SpellingErrorV2Themed SCXW20617955 BCX0\">tu<\/span> <span class=\"NormalTextRun SpellingErrorV2Themed SCXW20617955 BCX0\">ruta<\/span><span class=\"NormalTextRun SCXW20617955 BCX0\">, <\/span><span class=\"NormalTextRun SpellingErrorV2Themed SCXW20617955 BCX0\">incluyendo<\/span> <span class=\"NormalTextRun SpellingErrorV2Themed SCXW20617955 BCX0\">el<\/span><span class=\"NormalTextRun SCXW20617955 BCX0\"> paseo <\/span><span class=\"NormalTextRun SpellingErrorV2Themed SCXW20617955 BCX0\">mar\u00edtimo<\/span><span class=\"NormalTextRun SCXW20617955 BCX0\"> de Copacabana, y <\/span><span class=\"NormalTextRun SpellingErrorV2Themed SCXW20617955 BCX0\">tendr\u00e1s<\/span><span class=\"NormalTextRun SCXW20617955 BCX0\"> vistas <\/span><span class=\"NormalTextRun SpellingErrorV2Themed SCXW20617955 BCX0\">privilegiadas<\/span><span class=\"NormalTextRun SCXW20617955 BCX0\"> del Cristo <\/span><span class=\"NormalTextRun SpellingErrorV2Themed SCXW20617955 BCX0\">Redentor<\/span> <span class=\"NormalTextRun SpellingErrorV2Themed SCXW20617955 BCX0\">mientras<\/span> <span class=\"NormalTextRun SpellingErrorV2Themed SCXW20617955 BCX0\">obtienes<\/span> <span class=\"NormalTextRun SpellingErrorV2Themed SCXW20617955 BCX0\">informaci\u00f3n<\/span> <span class=\"NormalTextRun SpellingErrorV2Themed SCXW20617955 BCX0\">\u00fanica<\/span> <span class=\"NormalTextRun SpellingErrorV2Themed SCXW20617955 BCX0\">sobre<\/span><span class=\"NormalTextRun SCXW20617955 BCX0\"> la <\/span><span class=\"NormalTextRun SpellingErrorV2Themed SCXW20617955 BCX0\">historia<\/span><span class=\"NormalTextRun SCXW20617955 BCX0\">, <\/span><span class=\"NormalTextRun SpellingErrorV2Themed SCXW20617955 BCX0\">cultura<\/span><span class=\"NormalTextRun SCXW20617955 BCX0\"> y <\/span><span class=\"NormalTextRun SpellingErrorV2Themed SCXW20617955 BCX0\">estilo<\/span><span class=\"NormalTextRun SCXW20617955 BCX0\"> de <\/span><span class=\"NormalTextRun SpellingErrorV2Themed SCXW20617955 BCX0\">vida<\/span><span class=\"NormalTextRun SCXW20617955 BCX0\"> de <\/span><span class=\"NormalTextRun SpellingErrorV2Themed SCXW20617955 BCX0\">cada<\/span><span class=\"NormalTextRun SCXW20617955 BCX0\"> barrio. <\/span><span class=\"NormalTextRun SpellingErrorV2Themed SCXW20617955 BCX0\">Te<\/span> <span class=\"NormalTextRun SpellingErrorV2Themed SCXW20617955 BCX0\">detendr\u00e1s<\/span><span class=\"NormalTextRun SCXW20617955 BCX0\"> para <\/span><span class=\"NormalTextRun SpellingErrorV2Themed SCXW20617955 BCX0\">tomar<\/span><span class=\"NormalTextRun SCXW20617955 BCX0\"> un <\/span><span class=\"NormalTextRun SpellingErrorV2Themed SCXW20617955 BCX0\">refrigerio<\/span><span class=\"NormalTextRun SCXW20617955 BCX0\"> y <\/span><span class=\"NormalTextRun SpellingErrorV2Themed SCXW20617955 BCX0\">preparar<\/span> <span class=\"NormalTextRun SpellingErrorV2Themed SCXW20617955 BCX0\">tu<\/span> <span class=\"NormalTextRun SpellingErrorV2Themed SCXW20617955 BCX0\">propio<\/span><span class=\"NormalTextRun SCXW20617955 BCX0\"> a\u00e7a\u00ed con <\/span><span class=\"NormalTextRun SpellingErrorV2Themed SCXW20617955 BCX0\">frutas<\/span><span class=\"NormalTextRun SCXW20617955 BCX0\"> frescas, <\/span><span class=\"NormalTextRun SpellingErrorV2Themed SCXW20617955 BCX0\">nueces<\/span><span class=\"NormalTextRun SCXW20617955 BCX0\"> y <\/span><span class=\"NormalTextRun SpellingErrorV2Themed SCXW20617955 BCX0\">m\u00e1s<\/span><span class=\"NormalTextRun SCXW20617955 BCX0\">. Tu <\/span><span class=\"NormalTextRun SpellingErrorV2Themed SCXW20617955 BCX0\">recorrido<\/span> <span class=\"NormalTextRun SpellingErrorV2Themed SCXW20617955 BCX0\">terminar\u00e1<\/span><span class=\"NormalTextRun SCXW20617955 BCX0\"> de <\/span><span class=\"NormalTextRun SpellingErrorV2Themed SCXW20617955 BCX0\">vuelta<\/span> <span class=\"NormalTextRun SpellingErrorV2Themed SCXW20617955 BCX0\">en<\/span> <span class=\"NormalTextRun SpellingErrorV2Themed SCXW20617955 BCX0\">tu<\/span><span class=\"NormalTextRun SCXW20617955 BCX0\"> hotel o <\/span><span class=\"NormalTextRun SpellingErrorV2Themed SCXW20617955 BCX0\">en<\/span> <span class=\"NormalTextRun SpellingErrorV2Themed SCXW20617955 BCX0\">otro<\/span> <span class=\"NormalTextRun SpellingErrorV2Themed SCXW20617955 BCX0\">destino<\/span><span class=\"NormalTextRun SCXW20617955 BCX0\"> de <\/span><span class=\"NormalTextRun SpellingErrorV2Themed SCXW20617955 BCX0\">tu<\/span> <span class=\"NormalTextRun SpellingErrorV2Themed SCXW20617955 BCX0\">elecci\u00f3n<\/span><span class=\"NormalTextRun SCXW20617955 BCX0\">. <\/span><span class=\"NormalTextRun SpellingErrorV2Themed SCXW20617955 BCX0\">Exclusivo<\/span><span class=\"NormalTextRun SCXW20617955 BCX0\"> para <\/span><span class=\"NormalTextRun SpellingErrorV2Themed SCXW20617955 BCX0\">titulares<\/span><span class=\"NormalTextRun SCXW20617955 BCX0\"> de <\/span><span class=\"NormalTextRun SpellingErrorV2Themed SCXW20617955 BCX0\">tarjetas<\/span><span class=\"NormalTextRun SCXW20617955 BCX0\"> Mastercard<\/span><\/span>.<\/span><\/span><span class=\"EOP SCXW187292077 BCX0\" data-ccp-props=\"{}\">\u00a0<\/span>\u00a0<\/span><\/p>\n","protected":false},"excerpt":{"rendered":"<p>Sal al aire libre y explora la ciudad en un tour \u00fanico en bicicleta. Tu gu\u00eda de habla inglesa te recoger\u00e1 en tu hotel y te llevar\u00e1 por R\u00edo en dos ruedas. Pasar\u00e1s por famosos lugares a lo largo de tu ruta, incluyendo el paseo mar\u00edtimo de Copacabana, y tendr\u00e1s vistas privilegiadas del Cristo Redentor [&hellip;]<\/p>\n","protected":false},"featured_media":5739,"template":"","meta":{"_acf_changed":false,"inline_featured_image":false},"product_brand":[],"product_cat":[47],"product_tag":[],"class_list":{"0":"post-5730","1":"product","2":"type-product","3":"status-publish","4":"has-post-thumbnail","6":"product_cat-experiencias","8":"first","9":"instock","10":"virtual","11":"sold-individually","12":"purchasable","13":"product-type-booking"},"acf":[],"_links":{"self":[{"href":"https:\/\/experienciaslatam.com\/es\/wp-json\/wp\/v2\/product\/5730","targetHints":{"allow":["GET"]}}],"collection":[{"href":"https:\/\/experienciaslatam.com\/es\/wp-json\/wp\/v2\/product"}],"about":[{"href":"https:\/\/experienciaslatam.com\/es\/wp-json\/wp\/v2\/types\/product"}],"wp:featuredmedia":[{"embeddable":true,"href":"https:\/\/experienciaslatam.com\/es\/wp-json\/wp\/v2\/media\/5739"}],"wp:attachment":[{"href":"https:\/\/experienciaslatam.com\/es\/wp-json\/wp\/v2\/media?parent=5730"}],"wp:term":[{"taxonomy":"product_brand","embeddable":true,"href":"https:\/\/experienciaslatam.com\/es\/wp-json\/wp\/v2\/product_brand?post=5730"},{"taxonomy":"product_cat","embeddable":true,"href":"https:\/\/experienciaslatam.com\/es\/wp-json\/wp\/v2\/product_cat?post=5730"},{"taxonomy":"product_tag","embeddable":true,"href":"https:\/\/experienciaslatam.com\/es\/wp-json\/wp\/v2\/product_tag?post=5730"}],"curies":[{"name":"wp","href":"https:\/\/api.w.org\/{rel}","templated":true}]}}