{"id":6063,"date":"2025-04-25T14:42:41","date_gmt":"2025-04-25T19:42:41","guid":{"rendered":"https:\/\/experienciaslatam.com\/?post_type=product&#038;p=6063"},"modified":"2025-05-29T19:09:45","modified_gmt":"2025-05-30T00:09:45","slug":"disfruta-de-una-celebracion-previa-al-partido-con-una-leyenda-de-la-uefa-champions-league","status":"publish","type":"product","link":"https:\/\/experienciaslatam.com\/es\/experiencias\/disfruta-de-una-celebracion-previa-al-partido-con-una-leyenda-de-la-uefa-champions-league\/","title":{"rendered":"Disfruta de una celebraci\u00f3n previa al partido con una leyenda de la UEFA Champions League"},"content":{"rendered":"<p><span class=\"TextRun SCXW260829744 BCX0\" lang=\"EN-US\" xml:lang=\"EN-US\" data-contrast=\"none\"><span class=\"NormalTextRun SpellingErrorV2Themed SCXW260829744 BCX0\">Re\u00fanete<\/span><span class=\"NormalTextRun SCXW260829744 BCX0\"> con <\/span><span class=\"NormalTextRun SpellingErrorV2Themed SCXW260829744 BCX0\">otros<\/span><span class=\"NormalTextRun SCXW260829744 BCX0\"> aficionados <\/span><span class=\"NormalTextRun SpellingErrorV2Themed SCXW260829744 BCX0\">en<\/span> <span class=\"NormalTextRun SpellingErrorV2Themed SCXW260829744 BCX0\">una<\/span> <span class=\"NormalTextRun SpellingErrorV2Themed SCXW260829744 BCX0\">ubicaci\u00f3n<\/span><span class=\"NormalTextRun SCXW260829744 BCX0\"> premium, <\/span><span class=\"NormalTextRun SpellingErrorV2Themed SCXW260829744 BCX0\">especialmente<\/span> <span class=\"NormalTextRun SpellingErrorV2Themed SCXW260829744 BCX0\">dise\u00f1ada<\/span><span class=\"NormalTextRun SCXW260829744 BCX0\"> para <\/span><span class=\"NormalTextRun SpellingErrorV2Themed SCXW260829744 BCX0\">una<\/span> <span class=\"NormalTextRun SpellingErrorV2Themed SCXW260829744 BCX0\">experiencia<\/span><span class=\"NormalTextRun SCXW260829744 BCX0\"> previa al <\/span><span class=\"NormalTextRun SpellingErrorV2Themed SCXW260829744 BCX0\">partido<\/span> <span class=\"NormalTextRun SpellingErrorV2Themed SCXW260829744 BCX0\">inolvidable<\/span><span class=\"NormalTextRun SCXW260829744 BCX0\"> de la UEFA Champions League. A <\/span><span class=\"NormalTextRun SpellingErrorV2Themed SCXW260829744 BCX0\">tu<\/span> <span class=\"NormalTextRun SpellingErrorV2Themed SCXW260829744 BCX0\">llegada<\/span><span class=\"NormalTextRun SCXW260829744 BCX0\">, <\/span><span class=\"NormalTextRun SpellingErrorV2Themed SCXW260829744 BCX0\">recibir\u00e1s<\/span><span class=\"NormalTextRun SCXW260829744 BCX0\">\u00a0un kit de merchandising de la UEFA Champions League antes de <\/span><span class=\"NormalTextRun SpellingErrorV2Themed SCXW260829744 BCX0\">disfrutar<\/span><span class=\"NormalTextRun SCXW260829744 BCX0\"> de <\/span><span class=\"NormalTextRun SpellingErrorV2Themed SCXW260829744 BCX0\">una<\/span><span class=\"NormalTextRun SCXW260829744 BCX0\"> deliciosa comida. Un <\/span><span class=\"NormalTextRun SpellingErrorV2Themed SCXW260829744 BCX0\">jugador<\/span><span class=\"NormalTextRun SCXW260829744 BCX0\"> de <\/span><span class=\"NormalTextRun SpellingErrorV2Themed SCXW260829744 BCX0\">f\u00fatbol<\/span> <span class=\"NormalTextRun SpellingErrorV2Themed SCXW260829744 BCX0\">legendario<\/span><span class=\"NormalTextRun SCXW260829744 BCX0\"> se <\/span><span class=\"NormalTextRun SpellingErrorV2Themed SCXW260829744 BCX0\">unir\u00e1<\/span><span class=\"NormalTextRun SCXW260829744 BCX0\"> a <\/span><span class=\"NormalTextRun SpellingErrorV2Themed SCXW260829744 BCX0\">ti<\/span><span class=\"NormalTextRun SCXW260829744 BCX0\"> para <\/span><span class=\"NormalTextRun SpellingErrorV2Themed SCXW260829744 BCX0\">compartir<\/span> <span class=\"NormalTextRun SpellingErrorV2Themed SCXW260829744 BCX0\">historias<\/span><span class=\"NormalTextRun SCXW260829744 BCX0\">, <\/span><span class=\"NormalTextRun SpellingErrorV2Themed SCXW260829744 BCX0\">perspectivas<\/span><span class=\"NormalTextRun SCXW260829744 BCX0\"> y <\/span><span class=\"NormalTextRun SpellingErrorV2Themed SCXW260829744 BCX0\">conocimientos<\/span> <span class=\"NormalTextRun SpellingErrorV2Themed SCXW260829744 BCX0\">sobre<\/span> <span class=\"NormalTextRun SpellingErrorV2Themed SCXW260829744 BCX0\">el<\/span> <span class=\"NormalTextRun SpellingErrorV2Themed SCXW260829744 BCX0\">f\u00fatbol<\/span><span class=\"NormalTextRun SCXW260829744 BCX0\">, <\/span><span class=\"NormalTextRun SpellingErrorV2Themed SCXW260829744 BCX0\">haciendo<\/span><span class=\"NormalTextRun SCXW260829744 BCX0\"> de <\/span><span class=\"NormalTextRun SpellingErrorV2Themed SCXW260829744 BCX0\">este<\/span><span class=\"NormalTextRun SCXW260829744 BCX0\"> un <\/span><span class=\"NormalTextRun SpellingErrorV2Themed SCXW260829744 BCX0\">evento<\/span> <span class=\"NormalTextRun SpellingErrorV2Themed SCXW260829744 BCX0\">verdaderamente<\/span> <span class=\"NormalTextRun SpellingErrorV2Themed SCXW260829744 BCX0\">\u00fanico<\/span><span class=\"NormalTextRun SCXW260829744 BCX0\">. <\/span><span class=\"NormalTextRun SpellingErrorV2Themed SCXW260829744 BCX0\">Exclusivamente<\/span><span class=\"NormalTextRun SCXW260829744 BCX0\"> para <\/span><span class=\"NormalTextRun SpellingErrorV2Themed SCXW260829744 BCX0\">titulares<\/span><span class=\"NormalTextRun SCXW260829744 BCX0\"> de <\/span><span class=\"NormalTextRun SpellingErrorV2Themed SCXW260829744 BCX0\">tarjetas<\/span><span class=\"NormalTextRun SCXW260829744 BCX0\"> Mastercard.<br \/>\n<\/span><\/span><\/p>\n","protected":false},"excerpt":{"rendered":"<p>Re\u00fanete con otros aficionados en una ubicaci\u00f3n premium, especialmente dise\u00f1ada para una experiencia previa al partido inolvidable de la UEFA Champions League. A tu llegada, recibir\u00e1s\u00a0un kit de merchandising de la UEFA Champions League antes de disfrutar de una deliciosa comida. Un jugador de f\u00fatbol legendario se unir\u00e1 a ti para compartir historias, perspectivas y [&hellip;]<\/p>\n","protected":false},"featured_media":6069,"template":"","meta":{"_acf_changed":false,"inline_featured_image":false},"product_brand":[],"product_cat":[47,55],"product_tag":[],"class_list":{"0":"post-6063","1":"product","2":"type-product","3":"status-publish","4":"has-post-thumbnail","6":"product_cat-experiencias","7":"product_cat-libertadoresla","9":"first","10":"outofstock","11":"sold-individually","12":"shipping-taxable","13":"purchasable","14":"product-type-variable"},"acf":[],"_links":{"self":[{"href":"https:\/\/experienciaslatam.com\/es\/wp-json\/wp\/v2\/product\/6063","targetHints":{"allow":["GET"]}}],"collection":[{"href":"https:\/\/experienciaslatam.com\/es\/wp-json\/wp\/v2\/product"}],"about":[{"href":"https:\/\/experienciaslatam.com\/es\/wp-json\/wp\/v2\/types\/product"}],"wp:featuredmedia":[{"embeddable":true,"href":"https:\/\/experienciaslatam.com\/es\/wp-json\/wp\/v2\/media\/6069"}],"wp:attachment":[{"href":"https:\/\/experienciaslatam.com\/es\/wp-json\/wp\/v2\/media?parent=6063"}],"wp:term":[{"taxonomy":"product_brand","embeddable":true,"href":"https:\/\/experienciaslatam.com\/es\/wp-json\/wp\/v2\/product_brand?post=6063"},{"taxonomy":"product_cat","embeddable":true,"href":"https:\/\/experienciaslatam.com\/es\/wp-json\/wp\/v2\/product_cat?post=6063"},{"taxonomy":"product_tag","embeddable":true,"href":"https:\/\/experienciaslatam.com\/es\/wp-json\/wp\/v2\/product_tag?post=6063"}],"curies":[{"name":"wp","href":"https:\/\/api.w.org\/{rel}","templated":true}]}}