{"id":6126,"date":"2025-04-28T12:00:34","date_gmt":"2025-04-28T17:00:34","guid":{"rendered":"https:\/\/experienciaslatam.com\/?post_type=product&#038;p=6126"},"modified":"2025-08-04T12:10:50","modified_gmt":"2025-08-04T17:10:50","slug":"entrena-y-juega-un-partido-con-la-leyenda-de-la-uefa-champions-league-hernan-crespo","status":"publish","type":"product","link":"https:\/\/experienciaslatam.com\/es\/experiencias\/entrena-y-juega-un-partido-con-la-leyenda-de-la-uefa-champions-league-hernan-crespo\/","title":{"rendered":"Entrena y juega un partido con la leyenda de la UEFA Champions League Hern\u00e1n Crespo"},"content":{"rendered":"<p>Enciende tu pasi\u00f3n por el f\u00fatbol con una sesi\u00f3n de pr\u00e1ctica inolvidable y un partido de exhibici\u00f3n junto a Hern\u00e1n Crespo, un jugador legendario de la UEFA Champions League, el 30 de mayo de 2025. Tendr\u00e1s el privilegio de ingresar al campo con un futbolista de talla mundial para una sesi\u00f3n de una hora, que se iniciar\u00e1 con una pr\u00e1ctica en la que recibir\u00e1s consejos y trucos de uno de los mejores jugadores del planeta, con un moderador profesional que actuar\u00e1 como \u00e1rbitro.\u00a0 A continuaci\u00f3n, junto con los dem\u00e1s participantes, se dividir\u00e1n en equipos para un emocionante partido, donde jugar\u00e1s bajo la direcci\u00f3n de una leyenda del f\u00fatbol y pondr\u00e1s a prueba tus habilidades frente a uno de los m\u00e1s grandes en el partido. Hern\u00e1n Crespo tomar\u00e1 el rol de entrenador y guiar\u00e1 la experiencia desde la banda. Adem\u00e1s, recibir\u00e1s productos de la UEFA Champions League y un video emocionate que captura la magia del d\u00eda.\u00a0 Exclusivo para los tarjetahabientes Mastercard.<\/p>\n<p><b><span data-contrast=\"auto\">\u00bfQu\u00e9 es Priceless?<\/span><\/b><\/p>\n<p>Vivir tu sue\u00f1o futbolero pasando un d\u00eda inolvidable en el campo con un jugador ic\u00f3nico de la UEFA Champions League.<\/p>\n","protected":false},"excerpt":{"rendered":"<p>Enciende tu pasi\u00f3n por el f\u00fatbol con una sesi\u00f3n de pr\u00e1ctica inolvidable y un partido de exhibici\u00f3n junto a Hern\u00e1n Crespo, un jugador legendario de la UEFA Champions League, el 30 de mayo de 2025. Tendr\u00e1s el privilegio de ingresar al campo con un futbolista de talla mundial para una sesi\u00f3n de una hora, que [&hellip;]<\/p>\n","protected":false},"featured_media":6134,"template":"","meta":{"_acf_changed":false,"inline_featured_image":false},"product_brand":[],"product_cat":[47,55],"product_tag":[],"class_list":{"0":"post-6126","1":"product","2":"type-product","3":"status-publish","4":"has-post-thumbnail","6":"product_cat-experiencias","7":"product_cat-libertadoresla","9":"first","10":"outofstock","11":"sold-individually","12":"shipping-taxable","13":"purchasable","14":"product-type-variable"},"acf":[],"_links":{"self":[{"href":"https:\/\/experienciaslatam.com\/es\/wp-json\/wp\/v2\/product\/6126","targetHints":{"allow":["GET"]}}],"collection":[{"href":"https:\/\/experienciaslatam.com\/es\/wp-json\/wp\/v2\/product"}],"about":[{"href":"https:\/\/experienciaslatam.com\/es\/wp-json\/wp\/v2\/types\/product"}],"wp:featuredmedia":[{"embeddable":true,"href":"https:\/\/experienciaslatam.com\/es\/wp-json\/wp\/v2\/media\/6134"}],"wp:attachment":[{"href":"https:\/\/experienciaslatam.com\/es\/wp-json\/wp\/v2\/media?parent=6126"}],"wp:term":[{"taxonomy":"product_brand","embeddable":true,"href":"https:\/\/experienciaslatam.com\/es\/wp-json\/wp\/v2\/product_brand?post=6126"},{"taxonomy":"product_cat","embeddable":true,"href":"https:\/\/experienciaslatam.com\/es\/wp-json\/wp\/v2\/product_cat?post=6126"},{"taxonomy":"product_tag","embeddable":true,"href":"https:\/\/experienciaslatam.com\/es\/wp-json\/wp\/v2\/product_tag?post=6126"}],"curies":[{"name":"wp","href":"https:\/\/api.w.org\/{rel}","templated":true}]}}