{"id":6249,"date":"2025-04-30T09:26:25","date_gmt":"2025-04-30T14:26:25","guid":{"rendered":"https:\/\/experienciaslatam.com\/?post_type=product&#038;p=6249"},"modified":"2025-04-30T15:05:17","modified_gmt":"2025-04-30T20:05:17","slug":"vive-una-experiencia-desde-el-mercado-hasta-la-mesa-con-el-chef-pablo-naranjo","status":"publish","type":"product","link":"https:\/\/experienciaslatam.com\/es\/experiencias\/vive-una-experiencia-desde-el-mercado-hasta-la-mesa-con-el-chef-pablo-naranjo\/","title":{"rendered":"Vive una experiencia desde el mercado hasta la mesa con el Chef Pablo Naranjo"},"content":{"rendered":"<p><span data-contrast=\"none\">Conoce al chef de Zombra en la <strong>Plaza Minorista<\/strong> para una din\u00e1mica clase magistral sobre cocina ecol\u00f3gica. Explorar\u00e1s el mercado de productos locales, conocer\u00e1s a los vendedores y probar\u00e1s un plato delicoso. <\/span><span data-ccp-props=\"{&quot;134233117&quot;:false,&quot;134233118&quot;:false,&quot;335551550&quot;:0,&quot;335551620&quot;:0,&quot;335557856&quot;:16777215,&quot;335559738&quot;:0,&quot;335559739&quot;:0}\">\u00a0<\/span><\/p>\n<p><span data-contrast=\"none\">En la cocina de Zombra, el <strong>Chef Naranjo<\/strong> demostrar\u00e1 c\u00f3mo aprovecha los principios de estacionalidad y reducci\u00f3n de desperdicios para crear un\u00a0men\u00fa. Usando productos frescos del mercado, preparar\u00e1 varios platos \u00fanicos para que disfrutes, todos elaborados con un enfoque en la sostenibilidad. Exclusivamente para titulares de tarjetas Mastercard.<\/span><span data-ccp-props=\"{&quot;134233117&quot;:false,&quot;134233118&quot;:false,&quot;335551550&quot;:0,&quot;335551620&quot;:0,&quot;335557856&quot;:16777215,&quot;335559738&quot;:0,&quot;335559739&quot;:0}\">\u00a0<\/span><\/p>\n","protected":false},"excerpt":{"rendered":"<p>Conoce al chef de Zombra en la Plaza Minorista para una din\u00e1mica clase magistral sobre cocina ecol\u00f3gica. Explorar\u00e1s el mercado de productos locales, conocer\u00e1s a los vendedores y probar\u00e1s un plato delicoso. \u00a0 En la cocina de Zombra, el Chef Naranjo demostrar\u00e1 c\u00f3mo aprovecha los principios de estacionalidad y reducci\u00f3n de desperdicios para crear un\u00a0men\u00fa. [&hellip;]<\/p>\n","protected":false},"featured_media":6293,"template":"","meta":{"_acf_changed":false,"inline_featured_image":false},"product_brand":[],"product_cat":[47],"product_tag":[],"class_list":{"0":"post-6249","1":"product","2":"type-product","3":"status-publish","4":"has-post-thumbnail","6":"product_cat-experiencias","8":"first","9":"instock","10":"virtual","11":"sold-individually","12":"purchasable","13":"product-type-booking"},"acf":[],"_links":{"self":[{"href":"https:\/\/experienciaslatam.com\/es\/wp-json\/wp\/v2\/product\/6249","targetHints":{"allow":["GET"]}}],"collection":[{"href":"https:\/\/experienciaslatam.com\/es\/wp-json\/wp\/v2\/product"}],"about":[{"href":"https:\/\/experienciaslatam.com\/es\/wp-json\/wp\/v2\/types\/product"}],"wp:featuredmedia":[{"embeddable":true,"href":"https:\/\/experienciaslatam.com\/es\/wp-json\/wp\/v2\/media\/6293"}],"wp:attachment":[{"href":"https:\/\/experienciaslatam.com\/es\/wp-json\/wp\/v2\/media?parent=6249"}],"wp:term":[{"taxonomy":"product_brand","embeddable":true,"href":"https:\/\/experienciaslatam.com\/es\/wp-json\/wp\/v2\/product_brand?post=6249"},{"taxonomy":"product_cat","embeddable":true,"href":"https:\/\/experienciaslatam.com\/es\/wp-json\/wp\/v2\/product_cat?post=6249"},{"taxonomy":"product_tag","embeddable":true,"href":"https:\/\/experienciaslatam.com\/es\/wp-json\/wp\/v2\/product_tag?post=6249"}],"curies":[{"name":"wp","href":"https:\/\/api.w.org\/{rel}","templated":true}]}}