{"id":6538,"date":"2025-05-15T14:22:06","date_gmt":"2025-05-15T19:22:06","guid":{"rendered":"https:\/\/experienciaslatam.com\/?post_type=product&#038;p=6538"},"modified":"2025-05-15T14:24:07","modified_gmt":"2025-05-15T19:24:07","slug":"liderar-con-proposito-una-travesia-inolvidable-por-el-camino-de-santiago-copy","status":"publish","type":"product","link":"https:\/\/experienciaslatam.com\/es\/experiencias\/liderar-con-proposito-una-travesia-inolvidable-por-el-camino-de-santiago-copy\/","title":{"rendered":"Liderar con prop\u00f3sito: Una Traves\u00eda Inolvidable por el Camino de Santiago (Copy)"},"content":{"rendered":"<p><span data-contrast=\"auto\">Un viaje excepcional que combina el legado milenario del Camino de Santiago con un programa de liderazgo dise\u00f1ado exclusivamente para directivos de alto nivel en Am\u00e9rica Latina. Esta experiencia \u00fanica, reconocida con el Premio a la Excelencia Empresarial, ha sido concebida para l\u00edderes que desean profundizar en su prop\u00f3sito, ampliar su visi\u00f3n y conectar con lo esencial a trav\u00e9s de una vivencia humana y transformadora.<\/span><span data-ccp-props=\"{}\">\u00a0<\/span><\/p>\n<p><span data-contrast=\"auto\">M\u00e1s que un programa, es una traves\u00eda interior y exterior que impulsa a los l\u00edderes a evolucionar desde la autenticidad, en un entorno de inspiraci\u00f3n, contemplaci\u00f3n y aprendizaje compartido.<\/span><span data-ccp-props=\"{}\">\u00a0<\/span><\/p>\n","protected":false},"excerpt":{"rendered":"<p>Un viaje excepcional que combina el legado milenario del Camino de Santiago con un programa de liderazgo dise\u00f1ado exclusivamente para directivos de alto nivel en Am\u00e9rica Latina. Esta experiencia \u00fanica, reconocida con el Premio a la Excelencia Empresarial, ha sido concebida para l\u00edderes que desean profundizar en su prop\u00f3sito, ampliar su visi\u00f3n y conectar con [&hellip;]<\/p>\n","protected":false},"featured_media":5794,"template":"","meta":{"_acf_changed":false,"inline_featured_image":false},"product_brand":[],"product_cat":[47],"product_tag":[],"class_list":{"0":"post-6538","1":"product","2":"type-product","3":"status-publish","4":"has-post-thumbnail","6":"product_cat-experiencias","8":"first","9":"instock","10":"shipping-taxable","11":"purchasable","12":"product-type-variable"},"acf":[],"_links":{"self":[{"href":"https:\/\/experienciaslatam.com\/es\/wp-json\/wp\/v2\/product\/6538","targetHints":{"allow":["GET"]}}],"collection":[{"href":"https:\/\/experienciaslatam.com\/es\/wp-json\/wp\/v2\/product"}],"about":[{"href":"https:\/\/experienciaslatam.com\/es\/wp-json\/wp\/v2\/types\/product"}],"wp:featuredmedia":[{"embeddable":true,"href":"https:\/\/experienciaslatam.com\/es\/wp-json\/wp\/v2\/media\/5794"}],"wp:attachment":[{"href":"https:\/\/experienciaslatam.com\/es\/wp-json\/wp\/v2\/media?parent=6538"}],"wp:term":[{"taxonomy":"product_brand","embeddable":true,"href":"https:\/\/experienciaslatam.com\/es\/wp-json\/wp\/v2\/product_brand?post=6538"},{"taxonomy":"product_cat","embeddable":true,"href":"https:\/\/experienciaslatam.com\/es\/wp-json\/wp\/v2\/product_cat?post=6538"},{"taxonomy":"product_tag","embeddable":true,"href":"https:\/\/experienciaslatam.com\/es\/wp-json\/wp\/v2\/product_tag?post=6538"}],"curies":[{"name":"wp","href":"https:\/\/api.w.org\/{rel}","templated":true}]}}