{"id":6597,"date":"2025-05-16T16:43:46","date_gmt":"2025-05-16T21:43:46","guid":{"rendered":"https:\/\/experienciaslatam.com\/?post_type=product&#038;p=6597"},"modified":"2025-05-19T16:27:17","modified_gmt":"2025-05-19T21:27:17","slug":"camino-de-lideres-el-camino-de-santiago-para-lideres-2","status":"publish","type":"product","link":"https:\/\/experienciaslatam.com\/es\/experiencias\/camino-de-lideres-el-camino-de-santiago-para-lideres-2\/","title":{"rendered":"Camino de l\u00edderes: El Camino de Santiago para l\u00edderes."},"content":{"rendered":"<p><span data-contrast=\"auto\">Un programa de excelencia que combina el legado milenario del Camino de Santiago oficial con sesiones para l\u00edderes dise\u00f1adas exclusivamente para directivos de alto nivel en Am\u00e9rica Latina. Esta fascinante y exclusiva experiencia reconocida con el Premio a la Excelencia Empresarial en el epicentro del conocimiento del Camino de Santiago, es creada para l\u00edderes que desean compartir este viaje de desarrollo humano con otras personas en similar posici\u00f3n, enriqueciendo todav\u00eda m\u00e1s esta experiencia hasta convertirla el algo \u00fanico a nivel mundial.\u00a0<\/span><span data-ccp-props=\"{&quot;335551550&quot;:6,&quot;335551620&quot;:6}\">\u00a0<\/span><\/p>\n<p><span data-contrast=\"auto\">Es un programa para l\u00edderes, y adem\u00e1s, una verdadera traves\u00eda interior y exterior que se vuelve reveladora, inspirando a los l\u00edderes a conectar con su autenticidad en un entorno de exuberante naturaleza, arte, historia, cultura y gastronom\u00eda magn\u00edficas.<\/p>\n<p><\/span><\/p>\n<h4 class=\"elementor-heading-title elementor-size-default\"><span data-teams=\"true\"><strong>Etapas del proceso de selecci\u00f3n<\/strong><\/span><\/h4>\n<p>&nbsp;<\/p>\n<ol>\n<li class=\"dce-acf-repeater-item\"><span data-teams=\"true\"><strong>Demuestra tu trayectoria: <\/strong>Debes contar con al menos 10 a\u00f1os de experiencia en liderazgo.<\/span><\/li>\n<li><span data-teams=\"true\"><strong>Accede a una entrevista exclusiva: <\/strong>Conversa directamente con la directora del programa en una videollamada de 1 hora. Para agendarla, se requiere un pago de 369 USD (reembolsable en el valor final).<\/span><\/li>\n<li><span data-teams=\"true\">\u00a0<strong>Avanza si eres seleccionado: <\/strong>Si cumples con el perfil, podr\u00e1s acceder al programa completo con un pago final de 9.200 USD (todo incluido).<\/span><\/li>\n<\/ol>\n","protected":false},"excerpt":{"rendered":"<p>Un programa de excelencia que combina el legado milenario del Camino de Santiago oficial con sesiones para l\u00edderes dise\u00f1adas exclusivamente para directivos de alto nivel en Am\u00e9rica Latina. Esta fascinante y exclusiva experiencia reconocida con el Premio a la Excelencia Empresarial en el epicentro del conocimiento del Camino de Santiago, es creada para l\u00edderes que [&hellip;]<\/p>\n","protected":false},"featured_media":6642,"template":"","meta":{"_acf_changed":false,"inline_featured_image":false},"product_brand":[],"product_cat":[47],"product_tag":[],"class_list":{"0":"post-6597","1":"product","2":"type-product","3":"status-publish","4":"has-post-thumbnail","6":"product_cat-experiencias","8":"first","9":"instock","10":"shipping-taxable","11":"purchasable","12":"product-type-variable"},"acf":[],"_links":{"self":[{"href":"https:\/\/experienciaslatam.com\/es\/wp-json\/wp\/v2\/product\/6597","targetHints":{"allow":["GET"]}}],"collection":[{"href":"https:\/\/experienciaslatam.com\/es\/wp-json\/wp\/v2\/product"}],"about":[{"href":"https:\/\/experienciaslatam.com\/es\/wp-json\/wp\/v2\/types\/product"}],"wp:featuredmedia":[{"embeddable":true,"href":"https:\/\/experienciaslatam.com\/es\/wp-json\/wp\/v2\/media\/6642"}],"wp:attachment":[{"href":"https:\/\/experienciaslatam.com\/es\/wp-json\/wp\/v2\/media?parent=6597"}],"wp:term":[{"taxonomy":"product_brand","embeddable":true,"href":"https:\/\/experienciaslatam.com\/es\/wp-json\/wp\/v2\/product_brand?post=6597"},{"taxonomy":"product_cat","embeddable":true,"href":"https:\/\/experienciaslatam.com\/es\/wp-json\/wp\/v2\/product_cat?post=6597"},{"taxonomy":"product_tag","embeddable":true,"href":"https:\/\/experienciaslatam.com\/es\/wp-json\/wp\/v2\/product_tag?post=6597"}],"curies":[{"name":"wp","href":"https:\/\/api.w.org\/{rel}","templated":true}]}}