{"id":7044,"date":"2025-06-19T15:08:05","date_gmt":"2025-06-19T20:08:05","guid":{"rendered":"https:\/\/experienciaslatam.com\/?post_type=product&#038;p=7044"},"modified":"2026-03-26T11:41:13","modified_gmt":"2026-03-26T16:41:13","slug":"eembarcate-en-un-tour-guiado-de-comida-y-bebidas-por-bares-de-rio-con-un-experto-local","status":"publish","type":"product","link":"https:\/\/experienciaslatam.com\/es\/experiencias\/eembarcate-en-un-tour-guiado-de-comida-y-bebidas-por-bares-de-rio-con-un-experto-local\/","title":{"rendered":"Emb\u00e1rcate en un tour guiado de comida y bebidas por bares de R\u00edo con un experto local"},"content":{"rendered":"<p><span data-contrast=\"auto\">Sum\u00e9rgete en la escena de bares de R\u00edo en un tour privado de degustaci\u00f3n por Copacabana y Leme junto al experto local Murillo Pijnappel Moreira. Visitar\u00e1s cuatro lugares, comenzando por el \u201cBar do David\u201d en la favela Chap\u00e9u Mangueira, donde conocer\u00e1s al due\u00f1o y probar\u00e1s sus famosos aperitivos acompa\u00f1ados de la cl\u00e1sica cerveza brasile\u00f1a bien fr\u00eda. Luego, continuar\u00e1s hacia otro bar seleccionado por tu gu\u00eda en el barrio de Leme, donde disfrutar\u00e1s de m\u00e1s maridajes de comida y bebida que reflejan la rica herencia culinaria de la ciudad.<\/span><span data-ccp-props=\"{}\">\u00a0<\/span><\/p>\n<p><span data-contrast=\"auto\">Despu\u00e9s, pasear\u00e1s por el pintoresco paseo para conocer lugares hist\u00f3ricos como el Copacabana Palace, la Pra\u00e7a do Lido, el Beco das Garrafas y la primera calle de Copacabana, mientras tu gu\u00eda comparte historias sobre el pasado de R\u00edo. Finalizar\u00e1s con visitas a dos bares hist\u00f3ricos de influencia portuguesa.<\/span><\/p>\n","protected":false},"excerpt":{"rendered":"<p>Sum\u00e9rgete en la escena de bares de R\u00edo en un tour privado de degustaci\u00f3n por Copacabana y Leme junto al experto local Murillo Pijnappel Moreira. Visitar\u00e1s cuatro lugares, comenzando por el \u201cBar do David\u201d en la favela Chap\u00e9u Mangueira, donde conocer\u00e1s al due\u00f1o y probar\u00e1s sus famosos aperitivos acompa\u00f1ados de la cl\u00e1sica cerveza brasile\u00f1a bien [&hellip;]<\/p>\n","protected":false},"featured_media":7048,"template":"","meta":{"_acf_changed":false,"inline_featured_image":false},"product_brand":[],"product_cat":[47],"product_tag":[],"class_list":{"0":"post-7044","1":"product","2":"type-product","3":"status-publish","4":"has-post-thumbnail","6":"product_cat-experiencias","8":"first","9":"instock","10":"virtual","11":"sold-individually","12":"purchasable","13":"product-type-booking"},"acf":[],"_links":{"self":[{"href":"https:\/\/experienciaslatam.com\/es\/wp-json\/wp\/v2\/product\/7044","targetHints":{"allow":["GET"]}}],"collection":[{"href":"https:\/\/experienciaslatam.com\/es\/wp-json\/wp\/v2\/product"}],"about":[{"href":"https:\/\/experienciaslatam.com\/es\/wp-json\/wp\/v2\/types\/product"}],"wp:featuredmedia":[{"embeddable":true,"href":"https:\/\/experienciaslatam.com\/es\/wp-json\/wp\/v2\/media\/7048"}],"wp:attachment":[{"href":"https:\/\/experienciaslatam.com\/es\/wp-json\/wp\/v2\/media?parent=7044"}],"wp:term":[{"taxonomy":"product_brand","embeddable":true,"href":"https:\/\/experienciaslatam.com\/es\/wp-json\/wp\/v2\/product_brand?post=7044"},{"taxonomy":"product_cat","embeddable":true,"href":"https:\/\/experienciaslatam.com\/es\/wp-json\/wp\/v2\/product_cat?post=7044"},{"taxonomy":"product_tag","embeddable":true,"href":"https:\/\/experienciaslatam.com\/es\/wp-json\/wp\/v2\/product_tag?post=7044"}],"curies":[{"name":"wp","href":"https:\/\/api.w.org\/{rel}","templated":true}]}}