{"id":7096,"date":"2025-06-24T16:58:39","date_gmt":"2025-06-24T21:58:39","guid":{"rendered":"https:\/\/experienciaslatam.com\/?post_type=product&#038;p=7096"},"modified":"2026-03-25T17:28:16","modified_gmt":"2026-03-25T22:28:16","slug":"embarcate-en-un-tour-guiado-de-comida-y-bebidas-por-bares-de-rio-con-un-experto-local-copy","status":"publish","type":"product","link":"https:\/\/experienciaslatam.com\/es\/experiencias\/embarcate-en-un-tour-guiado-de-comida-y-bebidas-por-bares-de-rio-con-un-experto-local-copy\/","title":{"rendered":"Crea tu propio lienzo y explora la escena art\u00edstica de R\u00edo con una artista local"},"content":{"rendered":"<p><span data-contrast=\"auto\">Con\u00e9ctate con el lado creativo de R\u00edo de Janeiro en un recorrido art\u00edstico privado y un taller interactivo dirigido por una gu\u00eda licenciada y artista visual. Te unir\u00e1s a Tatiane Araujo, fundadora de RioArtExperience, en un recorrido cautivador que no est\u00e1 disponible al p\u00fablico general, con una combinaci\u00f3n \u00fanica de acceso exclusivo, experiencia art\u00edstica y transporte ida y vuelta incluido.<\/span><span data-ccp-props=\"{}\">\u00a0<\/span><\/p>\n<p><span data-contrast=\"auto\">Comenzar\u00e1s en Morro do Pinto, donde los murales a gran escala de la Iniciativa de Arte Urbano del G20 transforman las calles en galer\u00edas al aire libre. Luego visitar\u00e1s la F\u00e1brica Bhering, una antigua f\u00e1brica de chocolate convertida en un centro art\u00edstico, donde disfrutar\u00e1s de un caf\u00e9 entre estudios abiertos y galer\u00edas independientes. Despu\u00e9s, continuar\u00e1s hacia la galer\u00eda A Gentil Carioca y el Museu Ch\u00e1cara do C\u00e9u en Santa Teresa, para sumergirte en el encanto bohemio de la ciudad y sus calles empedradas. Finalmente, te dirigir\u00e1s a la Galer\u00eda NAU para participar en un taller privado de stencil o xilograf\u00eda, donde crear\u00e1s un lienzo personalizado para llevar a casa. Exclusivo para tarjetahabientes Mastercard.<\/span><span data-ccp-props=\"{}\">\u00a0<\/span><\/p>\n<p>&nbsp;<\/p>\n","protected":false},"excerpt":{"rendered":"<p>Con\u00e9ctate con el lado creativo de R\u00edo de Janeiro en un recorrido art\u00edstico privado y un taller interactivo dirigido por una gu\u00eda licenciada y artista visual. Te unir\u00e1s a Tatiane Araujo, fundadora de RioArtExperience, en un recorrido cautivador que no est\u00e1 disponible al p\u00fablico general, con una combinaci\u00f3n \u00fanica de acceso exclusivo, experiencia art\u00edstica y [&hellip;]<\/p>\n","protected":false},"featured_media":7100,"template":"","meta":{"_acf_changed":false,"inline_featured_image":false},"product_brand":[],"product_cat":[47],"product_tag":[],"class_list":{"0":"post-7096","1":"product","2":"type-product","3":"status-publish","4":"has-post-thumbnail","6":"product_cat-experiencias","8":"first","9":"instock","10":"virtual","11":"sold-individually","12":"purchasable","13":"product-type-booking"},"acf":[],"_links":{"self":[{"href":"https:\/\/experienciaslatam.com\/es\/wp-json\/wp\/v2\/product\/7096","targetHints":{"allow":["GET"]}}],"collection":[{"href":"https:\/\/experienciaslatam.com\/es\/wp-json\/wp\/v2\/product"}],"about":[{"href":"https:\/\/experienciaslatam.com\/es\/wp-json\/wp\/v2\/types\/product"}],"wp:featuredmedia":[{"embeddable":true,"href":"https:\/\/experienciaslatam.com\/es\/wp-json\/wp\/v2\/media\/7100"}],"wp:attachment":[{"href":"https:\/\/experienciaslatam.com\/es\/wp-json\/wp\/v2\/media?parent=7096"}],"wp:term":[{"taxonomy":"product_brand","embeddable":true,"href":"https:\/\/experienciaslatam.com\/es\/wp-json\/wp\/v2\/product_brand?post=7096"},{"taxonomy":"product_cat","embeddable":true,"href":"https:\/\/experienciaslatam.com\/es\/wp-json\/wp\/v2\/product_cat?post=7096"},{"taxonomy":"product_tag","embeddable":true,"href":"https:\/\/experienciaslatam.com\/es\/wp-json\/wp\/v2\/product_tag?post=7096"}],"curies":[{"name":"wp","href":"https:\/\/api.w.org\/{rel}","templated":true}]}}