{"id":7246,"date":"2025-07-07T17:54:46","date_gmt":"2025-07-07T22:54:46","guid":{"rendered":"https:\/\/experienciaslatam.com\/?post_type=product&#038;p=7246"},"modified":"2026-03-25T16:13:41","modified_gmt":"2026-03-25T21:13:41","slug":"cena-y-pintura-durante-una-noche-de-colaboracion-creativa-en-bogota","status":"publish","type":"product","link":"https:\/\/experienciaslatam.com\/es\/experiencias\/cena-y-pintura-durante-una-noche-de-colaboracion-creativa-en-bogota\/","title":{"rendered":"Cena y pintura durante una noche de colaboraci\u00f3n creativa en Bogot\u00e1"},"content":{"rendered":"<p><span class=\"TextRun SCXW181995723 BCX0\" lang=\"ES-ES\" xml:lang=\"ES-ES\" data-contrast=\"auto\"><span class=\"NormalTextRun SCXW181995723 BCX0\">Combina tu pasi\u00f3n por el arte y la gastronom\u00eda durante una velada m\u00e1gica en <\/span><span class=\"NormalTextRun SCXW181995723 BCX0\">Culto <\/span><span class=\"NormalTextRun SpellingErrorV2Themed SCXW181995723 BCX0\">Gallery<\/span><span class=\"NormalTextRun SCXW181995723 BCX0\">, dise\u00f1ada para inspirar tu creatividad. Tu grupo se unir\u00e1 a la curadora y artista contempor\u00e1nea <\/span><span class=\"NormalTextRun SCXW181995723 BCX0\">Melissa Hern\u00e1ndez<\/span><span class=\"NormalTextRun SCXW181995723 BCX0\">, quien te guiar\u00e1 a trav\u00e9s de una cena de varios tiempos con ingredientes locales, acompa\u00f1ada de c\u00f3cteles o <\/span><span class=\"NormalTextRun SCXW181995723 BCX0\">viche<\/span><span class=\"NormalTextRun SCXW181995723 BCX0\">, un licor tradicional colombiano de ca\u00f1a de az\u00facar. Durante el evento, tomar\u00e1s un pincel y participar\u00e1s en la creaci\u00f3n de una obra de arte colaborativa con una t\u00e9cnica y tem\u00e1tica sorpresa. Incluso podr\u00e1s llevarte a casa un fragmento como recuerdo. <\/span><span class=\"NormalTextRun SCXW181995723 BCX0\">Exclusivo para tarjetahabientes <\/span><span class=\"NormalTextRun SpellingErrorV2Themed SCXW181995723 BCX0\">Mastercard<\/span><span class=\"NormalTextRun SCXW181995723 BCX0\">.<\/span><\/span><span class=\"EOP SCXW181995723 BCX0\" data-ccp-props=\"{}\">\u00a0<\/span><\/p>\n<p>&nbsp;<\/p>\n","protected":false},"excerpt":{"rendered":"<p>Combina tu pasi\u00f3n por el arte y la gastronom\u00eda durante una velada m\u00e1gica en Culto Gallery, dise\u00f1ada para inspirar tu creatividad. Tu grupo se unir\u00e1 a la curadora y artista contempor\u00e1nea Melissa Hern\u00e1ndez, quien te guiar\u00e1 a trav\u00e9s de una cena de varios tiempos con ingredientes locales, acompa\u00f1ada de c\u00f3cteles o viche, un licor tradicional [&hellip;]<\/p>\n","protected":false},"featured_media":7250,"template":"","meta":{"_acf_changed":false,"inline_featured_image":false},"product_brand":[],"product_cat":[47],"product_tag":[],"class_list":{"0":"post-7246","1":"product","2":"type-product","3":"status-publish","4":"has-post-thumbnail","6":"product_cat-experiencias","8":"first","9":"instock","10":"virtual","11":"sold-individually","12":"purchasable","13":"product-type-booking"},"acf":[],"_links":{"self":[{"href":"https:\/\/experienciaslatam.com\/es\/wp-json\/wp\/v2\/product\/7246","targetHints":{"allow":["GET"]}}],"collection":[{"href":"https:\/\/experienciaslatam.com\/es\/wp-json\/wp\/v2\/product"}],"about":[{"href":"https:\/\/experienciaslatam.com\/es\/wp-json\/wp\/v2\/types\/product"}],"wp:featuredmedia":[{"embeddable":true,"href":"https:\/\/experienciaslatam.com\/es\/wp-json\/wp\/v2\/media\/7250"}],"wp:attachment":[{"href":"https:\/\/experienciaslatam.com\/es\/wp-json\/wp\/v2\/media?parent=7246"}],"wp:term":[{"taxonomy":"product_brand","embeddable":true,"href":"https:\/\/experienciaslatam.com\/es\/wp-json\/wp\/v2\/product_brand?post=7246"},{"taxonomy":"product_cat","embeddable":true,"href":"https:\/\/experienciaslatam.com\/es\/wp-json\/wp\/v2\/product_cat?post=7246"},{"taxonomy":"product_tag","embeddable":true,"href":"https:\/\/experienciaslatam.com\/es\/wp-json\/wp\/v2\/product_tag?post=7246"}],"curies":[{"name":"wp","href":"https:\/\/api.w.org\/{rel}","templated":true}]}}