{"id":7282,"date":"2025-07-10T17:12:01","date_gmt":"2025-07-10T22:12:01","guid":{"rendered":"https:\/\/experienciaslatam.com\/?post_type=product&#038;p=7282"},"modified":"2026-03-25T16:43:59","modified_gmt":"2026-03-25T21:43:59","slug":"mira-un-espectaculo-magico-de-tango-y-toma-una-clase-con-un-miembro-del-elenco","status":"publish","type":"product","link":"https:\/\/experienciaslatam.com\/es\/experiencias\/mira-un-espectaculo-magico-de-tango-y-toma-una-clase-con-un-miembro-del-elenco\/","title":{"rendered":"Mira un espect\u00e1culo m\u00e1gico de tango y toma una clase con un miembro del elenco"},"content":{"rendered":"<p><span class=\"TextRun SCXW163664928 BCX0\" lang=\"ES-ES\" xml:lang=\"ES-ES\" data-contrast=\"auto\"><span class=\"NormalTextRun SCXW163664928 BCX0\">Sum\u00e9rgete en una velada de danza en el teatro <\/span><\/span><span class=\"TextRun SCXW163664928 BCX0\" lang=\"ES-ES\" xml:lang=\"ES-ES\" data-contrast=\"auto\"><span class=\"NormalTextRun SCXW163664928 BCX0\">Tango Porte\u00f1o<\/span><\/span><span class=\"TextRun SCXW163664928 BCX0\" lang=\"ES-ES\" xml:lang=\"ES-ES\" data-contrast=\"auto\"><span class=\"NormalTextRun SCXW163664928 BCX0\"> de Buenos Aires. Primero, un miembro del elenco te guiar\u00e1 por los pasos del tango, reconocido como Patrimonio Cultural Inmaterial de la Humanidad por la UNESCO. Luego, disfrutar\u00e1s de una presentaci\u00f3n inolvidable con m\u00fasicos en vivo, acompa\u00f1ada de dos tragos de Fernet con Coca y una cena argentina de tres tiempos. Incluso recibir\u00e1s una fotograf\u00eda impresa como recuerdo de una noche maravillosa. Exclusivo para tarjetahabientes <\/span><span class=\"NormalTextRun SpellingErrorV2Themed SCXW163664928 BCX0\">Mastercard<\/span><span class=\"NormalTextRun SCXW163664928 BCX0\">.<\/span><\/span><span class=\"EOP SCXW163664928 BCX0\" data-ccp-props=\"{&quot;134233117&quot;:false,&quot;134233118&quot;:false,&quot;335551550&quot;:0,&quot;335551620&quot;:0,&quot;335559738&quot;:240,&quot;335559739&quot;:240}\">\u00a0<\/span><\/p>\n<p>&nbsp;<\/p>\n","protected":false},"excerpt":{"rendered":"<p>Sum\u00e9rgete en una velada de danza en el teatro Tango Porte\u00f1o de Buenos Aires. Primero, un miembro del elenco te guiar\u00e1 por los pasos del tango, reconocido como Patrimonio Cultural Inmaterial de la Humanidad por la UNESCO. Luego, disfrutar\u00e1s de una presentaci\u00f3n inolvidable con m\u00fasicos en vivo, acompa\u00f1ada de dos tragos de Fernet con Coca [&hellip;]<\/p>\n","protected":false},"featured_media":7286,"template":"","meta":{"_acf_changed":false,"inline_featured_image":false},"product_brand":[],"product_cat":[47],"product_tag":[],"class_list":{"0":"post-7282","1":"product","2":"type-product","3":"status-publish","4":"has-post-thumbnail","6":"product_cat-experiencias","8":"first","9":"instock","10":"virtual","11":"sold-individually","12":"purchasable","13":"product-type-booking"},"acf":[],"_links":{"self":[{"href":"https:\/\/experienciaslatam.com\/es\/wp-json\/wp\/v2\/product\/7282","targetHints":{"allow":["GET"]}}],"collection":[{"href":"https:\/\/experienciaslatam.com\/es\/wp-json\/wp\/v2\/product"}],"about":[{"href":"https:\/\/experienciaslatam.com\/es\/wp-json\/wp\/v2\/types\/product"}],"wp:featuredmedia":[{"embeddable":true,"href":"https:\/\/experienciaslatam.com\/es\/wp-json\/wp\/v2\/media\/7286"}],"wp:attachment":[{"href":"https:\/\/experienciaslatam.com\/es\/wp-json\/wp\/v2\/media?parent=7282"}],"wp:term":[{"taxonomy":"product_brand","embeddable":true,"href":"https:\/\/experienciaslatam.com\/es\/wp-json\/wp\/v2\/product_brand?post=7282"},{"taxonomy":"product_cat","embeddable":true,"href":"https:\/\/experienciaslatam.com\/es\/wp-json\/wp\/v2\/product_cat?post=7282"},{"taxonomy":"product_tag","embeddable":true,"href":"https:\/\/experienciaslatam.com\/es\/wp-json\/wp\/v2\/product_tag?post=7282"}],"curies":[{"name":"wp","href":"https:\/\/api.w.org\/{rel}","templated":true}]}}