{"id":7446,"date":"2025-07-21T12:11:36","date_gmt":"2025-07-21T17:11:36","guid":{"rendered":"https:\/\/experienciaslatam.com\/?post_type=product&#038;p=7446"},"modified":"2026-03-30T15:29:53","modified_gmt":"2026-03-30T20:29:53","slug":"disfruta-de-una-clase-magistral-privada-de-cocteleria-en-el-exclusivo-bar-tres-monos","status":"publish","type":"product","link":"https:\/\/experienciaslatam.com\/es\/experiencias\/disfruta-de-una-clase-magistral-privada-de-cocteleria-en-el-exclusivo-bar-tres-monos\/","title":{"rendered":"Perfecciona tus c\u00f3cteles en una clase privada en el famoso bar \u00abTres Monos\u00bb"},"content":{"rendered":"<p><span class=\"NormalTextRun SCXW225403473 BCX0\">Eleva tu conocimiento en cocteler\u00eda con una <\/span><span class=\"NormalTextRun ContextualSpellingAndGrammarErrorV2Themed SCXW225403473 BCX0\">clase \u00a0privada<\/span><span class=\"NormalTextRun SCXW225403473 BCX0\"> en el reconocido bar\u00a0Tres Monos. Ser\u00e1s recibido con una bebida de bienvenida elaborada con sidra patag\u00f3nica y vino espumoso artesanal. Luego, tendr\u00e1s acceso exclusivo al laboratorio de producci\u00f3n privado de Tres Monos, donde podr\u00e1s conocer el proceso creativo y degustar productos \u00fanicos. Despu\u00e9s, participar\u00e1s en una clase magistral centrada en ingredientes argentinos. Para cerrar la experiencia, disfrutar\u00e1s de una cena relajada acompa\u00f1ada de bebidas de temporada.\u00a0Exclusivo para tarjetahabientes <\/span><span class=\"NormalTextRun SpellingErrorV2Themed SCXW225403473 BCX0\">Mastercard<\/span><span class=\"NormalTextRun SCXW225403473 BCX0\">.<\/span><\/p>\n<p>&nbsp;<\/p>\n","protected":false},"excerpt":{"rendered":"<p>Eleva tu conocimiento en cocteler\u00eda con una clase \u00a0privada en el reconocido bar\u00a0Tres Monos. Ser\u00e1s recibido con una bebida de bienvenida elaborada con sidra patag\u00f3nica y vino espumoso artesanal. Luego, tendr\u00e1s acceso exclusivo al laboratorio de producci\u00f3n privado de Tres Monos, donde podr\u00e1s conocer el proceso creativo y degustar productos \u00fanicos. Despu\u00e9s, participar\u00e1s en una [&hellip;]<\/p>\n","protected":false},"featured_media":7462,"template":"","meta":{"_acf_changed":false,"inline_featured_image":false},"product_brand":[],"product_cat":[47],"product_tag":[],"class_list":{"0":"post-7446","1":"product","2":"type-product","3":"status-publish","4":"has-post-thumbnail","6":"product_cat-experiencias","8":"first","9":"instock","10":"virtual","11":"sold-individually","12":"purchasable","13":"product-type-booking"},"acf":[],"_links":{"self":[{"href":"https:\/\/experienciaslatam.com\/es\/wp-json\/wp\/v2\/product\/7446","targetHints":{"allow":["GET"]}}],"collection":[{"href":"https:\/\/experienciaslatam.com\/es\/wp-json\/wp\/v2\/product"}],"about":[{"href":"https:\/\/experienciaslatam.com\/es\/wp-json\/wp\/v2\/types\/product"}],"wp:featuredmedia":[{"embeddable":true,"href":"https:\/\/experienciaslatam.com\/es\/wp-json\/wp\/v2\/media\/7462"}],"wp:attachment":[{"href":"https:\/\/experienciaslatam.com\/es\/wp-json\/wp\/v2\/media?parent=7446"}],"wp:term":[{"taxonomy":"product_brand","embeddable":true,"href":"https:\/\/experienciaslatam.com\/es\/wp-json\/wp\/v2\/product_brand?post=7446"},{"taxonomy":"product_cat","embeddable":true,"href":"https:\/\/experienciaslatam.com\/es\/wp-json\/wp\/v2\/product_cat?post=7446"},{"taxonomy":"product_tag","embeddable":true,"href":"https:\/\/experienciaslatam.com\/es\/wp-json\/wp\/v2\/product_tag?post=7446"}],"curies":[{"name":"wp","href":"https:\/\/api.w.org\/{rel}","templated":true}]}}