{"id":7480,"date":"2025-07-25T14:59:49","date_gmt":"2025-07-25T19:59:49","guid":{"rendered":"https:\/\/experienciaslatam.com\/?post_type=product&#038;p=7480"},"modified":"2026-03-26T15:21:36","modified_gmt":"2026-03-26T20:21:36","slug":"descubre-la-cachaca-el-espiritu-emblematico-de-brasil-en-una-cata-guiada","status":"publish","type":"product","link":"https:\/\/experienciaslatam.com\/es\/experiencias\/descubre-la-cachaca-el-espiritu-emblematico-de-brasil-en-una-cata-guiada\/","title":{"rendered":"Descubre la cacha\u00e7a, el esp\u00edritu emblem\u00e1tico de Brasil, en una cata guiada"},"content":{"rendered":"<p><span class=\"TextRun SCXW8719608 BCX0\" lang=\"EN-US\" xml:lang=\"EN-US\" data-contrast=\"auto\"><span class=\"NormalTextRun SpellingErrorV2Themed SCXW8719608 BCX0\">Disfruta<\/span><span class=\"NormalTextRun SCXW8719608 BCX0\"> de <\/span><span class=\"NormalTextRun SpellingErrorV2Themed SCXW8719608 BCX0\">una<\/span> <span class=\"NormalTextRun SpellingErrorV2Themed SCXW8719608 BCX0\">cata<\/span> <span class=\"NormalTextRun SpellingErrorV2Themed SCXW8719608 BCX0\">guiada<\/span><span class=\"NormalTextRun SCXW8719608 BCX0\"> de cacha\u00e7as <\/span><span class=\"NormalTextRun SpellingErrorV2Themed SCXW8719608 BCX0\">en<\/span> <span class=\"NormalTextRun SpellingErrorV2Themed SCXW8719608 BCX0\">el<\/span><span class=\"NormalTextRun SCXW8719608 BCX0\"> hist\u00f3rico <\/span><span class=\"NormalTextRun SpellingErrorV2Themed SCXW8719608 BCX0\">Edificio<\/span><span class=\"NormalTextRun SCXW8719608 BCX0\"> Copan, <\/span><span class=\"NormalTextRun SpellingErrorV2Themed SCXW8719608 BCX0\">en<\/span> <span class=\"NormalTextRun SpellingErrorV2Themed SCXW8719608 BCX0\">el<\/span> <span class=\"NormalTextRun SpellingErrorV2Themed SCXW8719608 BCX0\">centro<\/span><span class=\"NormalTextRun SCXW8719608 BCX0\"> de S\u00e3o Paulo. <\/span><span class=\"NormalTextRun SpellingErrorV2Themed SCXW8719608 BCX0\">Probar\u00e1s<\/span> <span class=\"NormalTextRun SpellingErrorV2Themed SCXW8719608 BCX0\">cinco<\/span><span class=\"NormalTextRun SCXW8719608 BCX0\"> cacha\u00e7as premium, <\/span><span class=\"NormalTextRun SpellingErrorV2Themed SCXW8719608 BCX0\">a\u00f1ejadas<\/span><span class=\"NormalTextRun SCXW8719608 BCX0\"> hasta <\/span><span class=\"NormalTextRun SpellingErrorV2Themed SCXW8719608 BCX0\">alcanzar<\/span> <span class=\"NormalTextRun SpellingErrorV2Themed SCXW8719608 BCX0\">una<\/span> <span class=\"NormalTextRun SpellingErrorV2Themed SCXW8719608 BCX0\">riqueza<\/span><span class=\"NormalTextRun SCXW8719608 BCX0\"> perfecta <\/span><span class=\"NormalTextRun SpellingErrorV2Themed SCXW8719608 BCX0\">en<\/span> <span class=\"NormalTextRun SpellingErrorV2Themed SCXW8719608 BCX0\">barricas<\/span> <span class=\"NormalTextRun SpellingErrorV2Themed SCXW8719608 BCX0\">\u00fanicas<\/span><span class=\"NormalTextRun SCXW8719608 BCX0\"> y <\/span><span class=\"NormalTextRun SpellingErrorV2Themed SCXW8719608 BCX0\">acompa\u00f1adas<\/span><span class=\"NormalTextRun SCXW8719608 BCX0\"> de <\/span><span class=\"NormalTextRun SpellingErrorV2Themed SCXW8719608 BCX0\">quesos<\/span> <span class=\"NormalTextRun SpellingErrorV2Themed SCXW8719608 BCX0\">artesanales<\/span><span class=\"NormalTextRun SCXW8719608 BCX0\">. Luego, <\/span><span class=\"NormalTextRun SpellingErrorV2Themed SCXW8719608 BCX0\">pondr\u00e1s<\/span> <span class=\"NormalTextRun SpellingErrorV2Themed SCXW8719608 BCX0\">en<\/span> <span class=\"NormalTextRun SpellingErrorV2Themed SCXW8719608 BCX0\">pr\u00e1ctica<\/span> <span class=\"NormalTextRun SpellingErrorV2Themed SCXW8719608 BCX0\">tus<\/span> <span class=\"NormalTextRun SpellingErrorV2Themed SCXW8719608 BCX0\">nuevos<\/span> <span class=\"NormalTextRun SpellingErrorV2Themed SCXW8719608 BCX0\">conocimientos<\/span> <span class=\"NormalTextRun SpellingErrorV2Themed SCXW8719608 BCX0\">preparando<\/span> <span class=\"NormalTextRun SpellingErrorV2Themed SCXW8719608 BCX0\">el<\/span> <span class=\"NormalTextRun SpellingErrorV2Themed SCXW8719608 BCX0\">c\u00f3ctel<\/span> <span class=\"NormalTextRun SpellingErrorV2Themed SCXW8719608 BCX0\">ic\u00f3nico<\/span><span class=\"NormalTextRun SCXW8719608 BCX0\"> del <\/span><span class=\"NormalTextRun SpellingErrorV2Themed SCXW8719608 BCX0\">pa\u00eds<\/span><span class=\"NormalTextRun SCXW8719608 BCX0\">: la <\/span><span class=\"NormalTextRun SpellingErrorV2Themed SCXW8719608 BCX0\">caipiri\u00f1a<\/span><span class=\"NormalTextRun SCXW8719608 BCX0\">. Tambi\u00e9n <\/span><span class=\"NormalTextRun SpellingErrorV2Themed SCXW8719608 BCX0\">recibir\u00e1s<\/span> <span class=\"NormalTextRun SpellingErrorV2Themed SCXW8719608 BCX0\">una<\/span> <span class=\"NormalTextRun SpellingErrorV2Themed SCXW8719608 BCX0\">botella<\/span><span class=\"NormalTextRun SCXW8719608 BCX0\"> de cacha\u00e7a <\/span><span class=\"NormalTextRun SpellingErrorV2Themed SCXW8719608 BCX0\">Pindorama<\/span><span class=\"NormalTextRun SCXW8719608 BCX0\">, un regalo <\/span><span class=\"NormalTextRun SpellingErrorV2Themed SCXW8719608 BCX0\">lleno<\/span><span class=\"NormalTextRun SCXW8719608 BCX0\"> de <\/span><span class=\"NormalTextRun SpellingErrorV2Themed SCXW8719608 BCX0\">historia<\/span><span class=\"NormalTextRun SCXW8719608 BCX0\"> y <\/span><span class=\"NormalTextRun SpellingErrorV2Themed SCXW8719608 BCX0\">sabor<\/span><span class=\"NormalTextRun SCXW8719608 BCX0\">, para <\/span><span class=\"NormalTextRun SpellingErrorV2Themed SCXW8719608 BCX0\">seguir<\/span> <span class=\"NormalTextRun SpellingErrorV2Themed SCXW8719608 BCX0\">celebrando<\/span> <span class=\"NormalTextRun SpellingErrorV2Themed SCXW8719608 BCX0\">en<\/span><span class=\"NormalTextRun SCXW8719608 BCX0\"> casa. Exclusivo para <\/span><span class=\"NormalTextRun SpellingErrorV2Themed SCXW8719608 BCX0\">tarjetahabientes<\/span><span class=\"NormalTextRun SCXW8719608 BCX0\"> Mastercard.<\/span><\/span><span class=\"EOP SCXW8719608 BCX0\" data-ccp-props=\"{}\">\u00a0<\/span><\/p>\n<p>&nbsp;<\/p>\n","protected":false},"excerpt":{"rendered":"<p>Disfruta de una cata guiada de cacha\u00e7as en el hist\u00f3rico Edificio Copan, en el centro de S\u00e3o Paulo. Probar\u00e1s cinco cacha\u00e7as premium, a\u00f1ejadas hasta alcanzar una riqueza perfecta en barricas \u00fanicas y acompa\u00f1adas de quesos artesanales. Luego, pondr\u00e1s en pr\u00e1ctica tus nuevos conocimientos preparando el c\u00f3ctel ic\u00f3nico del pa\u00eds: la caipiri\u00f1a. Tambi\u00e9n recibir\u00e1s una botella [&hellip;]<\/p>\n","protected":false},"featured_media":7496,"template":"","meta":{"_acf_changed":false,"inline_featured_image":false},"product_brand":[],"product_cat":[47],"product_tag":[],"class_list":{"0":"post-7480","1":"product","2":"type-product","3":"status-publish","4":"has-post-thumbnail","6":"product_cat-experiencias","8":"first","9":"instock","10":"virtual","11":"sold-individually","12":"purchasable","13":"product-type-booking"},"acf":[],"_links":{"self":[{"href":"https:\/\/experienciaslatam.com\/es\/wp-json\/wp\/v2\/product\/7480","targetHints":{"allow":["GET"]}}],"collection":[{"href":"https:\/\/experienciaslatam.com\/es\/wp-json\/wp\/v2\/product"}],"about":[{"href":"https:\/\/experienciaslatam.com\/es\/wp-json\/wp\/v2\/types\/product"}],"wp:featuredmedia":[{"embeddable":true,"href":"https:\/\/experienciaslatam.com\/es\/wp-json\/wp\/v2\/media\/7496"}],"wp:attachment":[{"href":"https:\/\/experienciaslatam.com\/es\/wp-json\/wp\/v2\/media?parent=7480"}],"wp:term":[{"taxonomy":"product_brand","embeddable":true,"href":"https:\/\/experienciaslatam.com\/es\/wp-json\/wp\/v2\/product_brand?post=7480"},{"taxonomy":"product_cat","embeddable":true,"href":"https:\/\/experienciaslatam.com\/es\/wp-json\/wp\/v2\/product_cat?post=7480"},{"taxonomy":"product_tag","embeddable":true,"href":"https:\/\/experienciaslatam.com\/es\/wp-json\/wp\/v2\/product_tag?post=7480"}],"curies":[{"name":"wp","href":"https:\/\/api.w.org\/{rel}","templated":true}]}}