{"id":7548,"date":"2025-07-29T11:01:54","date_gmt":"2025-07-29T16:01:54","guid":{"rendered":"https:\/\/experienciaslatam.com\/?post_type=product&#038;p=7548"},"modified":"2025-08-15T14:20:30","modified_gmt":"2025-08-15T19:20:30","slug":"deja-que-tu-hijo-entre-al-campo-en-la-conmebol-libertadores-estudiantes-de-la-plata-vs-cerro-porteno","status":"publish","type":"product","link":"https:\/\/experienciaslatam.com\/es\/experiencias\/deja-que-tu-hijo-entre-al-campo-en-la-conmebol-libertadores-estudiantes-de-la-plata-vs-cerro-porteno\/","title":{"rendered":"Deja que tu hijo entre al campo en la CONMEBOL Libertadores: Estudiantes de La Plata vs Cerro Porte\u00f1o"},"content":{"rendered":"<p><span data-ccp-props=\"{&quot;134233117&quot;:false,&quot;134233118&quot;:false,&quot;335551550&quot;:6,&quot;335551620&quot;:6,&quot;335559738&quot;:240,&quot;335559739&quot;:240}\"><span class=\"EOP SCXW98020459 BCX0\" data-ccp-props=\"{&quot;134233117&quot;:false,&quot;134233118&quot;:false,&quot;335559738&quot;:240,&quot;335559739&quot;:240}\"><span class=\"TextRun SCXW80177012 BCX0\" lang=\"ES-CL\" xml:lang=\"ES-CL\" data-contrast=\"auto\"><span class=\"NormalTextRun SCXW80177012 BCX0\">Con la compra del kit oficial de capit\u00e1n honorario, t\u00fa y tu hijo vivir\u00e1n una experiencia \u00fanica en la vida durante el partido de octavos de final entre Estudiantes de La Plata y Cerro Porte\u00f1o, el 20 de agosto. Llegar\u00e1n en un auto privado y recibir\u00e1n una serie de obsequios, que incluyen uniforme <\/span><span class=\"NormalTextRun SpellingErrorV2Themed SCXW80177012 BCX0\">co-brandeado<\/span><span class=\"NormalTextRun SCXW80177012 BCX0\">, morral, una <\/span><span class=\"NormalTextRun ContextualSpellingAndGrammarErrorV2Themed SCXW80177012 BCX0\">tarjeta prepago<\/span> <span class=\"NormalTextRun SpellingErrorV2Themed SCXW80177012 BCX0\">Mastercard<\/span><span class=\"NormalTextRun SCXW80177012 BCX0\"> por USD $200 y <\/span><span class=\"NormalTextRun SpellingErrorV2Themed SCXW80177012 BCX0\">merchandising<\/span><span class=\"NormalTextRun SCXW80177012 BCX0\"> oficial de la CONMEBOL Libertadores. Gracias a <\/span><span class=\"NormalTextRun SpellingErrorV2Themed SCXW80177012 BCX0\">Mastercard<\/span><span class=\"NormalTextRun SCXW80177012 BCX0\">, tu hijo entrar\u00e1 al campo junto a los capitanes y \u00e1rbitros durante la ceremonia de inicio, antes de disfrutar juntos el partido desde asientos de cortes\u00eda en categor\u00eda 1. Tambi\u00e9n tendr\u00e1n acceso a la zona de hospitalidad Libertadores Club, con snacks y bebidas incluidos, y un anfitri\u00f3n acompa\u00f1ar\u00e1 a tu hijo durante toda su aventura en cancha.<\/span><\/span><span class=\"LineBreakBlob BlobObject DragDrop SCXW80177012 BCX0\"><span class=\"SCXW80177012 BCX0\">\u00a0<\/span><br class=\"SCXW80177012 BCX0\" \/><\/span><span class=\"TextRun SCXW80177012 BCX0\" lang=\"ES-CL\" xml:lang=\"ES-CL\" data-contrast=\"auto\"><span class=\"NormalTextRun SCXW80177012 BCX0\"> Exclusivo para tarjetahabientes <\/span><span class=\"NormalTextRun SpellingErrorV2Themed SpellingErrorHighlight SCXW80177012 BCX0\">Mastercard<\/span><span class=\"NormalTextRun SCXW80177012 BCX0\">.<\/span><\/span><span class=\"EOP SCXW80177012 BCX0\" data-ccp-props=\"{&quot;134233117&quot;:false,&quot;134233118&quot;:false,&quot;335551550&quot;:0,&quot;335551620&quot;:0,&quot;335559738&quot;:240,&quot;335559739&quot;:240}\">\u00a0<\/span><br \/>\n<\/span> <\/span><\/p>\n<p><span data-ccp-props=\"{&quot;134233117&quot;:false,&quot;134233118&quot;:false,&quot;335551550&quot;:6,&quot;335551620&quot;:6,&quot;335559738&quot;:240,&quot;335559739&quot;:240}\"><b>\u00bfQu\u00e9 es Priceless?<\/b>\u00a0<\/span><\/p>\n<p><span class=\"TextRun SCXW225534895 BCX0\" lang=\"ES-CL\" xml:lang=\"ES-CL\" data-contrast=\"auto\"><span class=\"NormalTextRun SCXW225534895 BCX0\"> Aplaudir con todas tus fuerzas al m\u00e1s peque\u00f1o sobre la cancha.<\/span><\/span><\/p>\n","protected":false},"excerpt":{"rendered":"<p>Con la compra del kit oficial de capit\u00e1n honorario, t\u00fa y tu hijo vivir\u00e1n una experiencia \u00fanica en la vida durante el partido de octavos de final entre Estudiantes de La Plata y Cerro Porte\u00f1o, el 20 de agosto. Llegar\u00e1n en un auto privado y recibir\u00e1n una serie de obsequios, que incluyen uniforme co-brandeado, morral, [&hellip;]<\/p>\n","protected":false},"featured_media":7581,"template":"","meta":{"_acf_changed":false,"inline_featured_image":false},"product_brand":[],"product_cat":[47,55],"product_tag":[],"class_list":{"0":"post-7548","1":"product","2":"type-product","3":"status-publish","4":"has-post-thumbnail","6":"product_cat-experiencias","7":"product_cat-libertadoresla","9":"first","10":"instock","11":"sold-individually","12":"shipping-taxable","13":"purchasable","14":"product-type-variable","15":"has-default-attributes"},"acf":[],"_links":{"self":[{"href":"https:\/\/experienciaslatam.com\/es\/wp-json\/wp\/v2\/product\/7548","targetHints":{"allow":["GET"]}}],"collection":[{"href":"https:\/\/experienciaslatam.com\/es\/wp-json\/wp\/v2\/product"}],"about":[{"href":"https:\/\/experienciaslatam.com\/es\/wp-json\/wp\/v2\/types\/product"}],"wp:featuredmedia":[{"embeddable":true,"href":"https:\/\/experienciaslatam.com\/es\/wp-json\/wp\/v2\/media\/7581"}],"wp:attachment":[{"href":"https:\/\/experienciaslatam.com\/es\/wp-json\/wp\/v2\/media?parent=7548"}],"wp:term":[{"taxonomy":"product_brand","embeddable":true,"href":"https:\/\/experienciaslatam.com\/es\/wp-json\/wp\/v2\/product_brand?post=7548"},{"taxonomy":"product_cat","embeddable":true,"href":"https:\/\/experienciaslatam.com\/es\/wp-json\/wp\/v2\/product_cat?post=7548"},{"taxonomy":"product_tag","embeddable":true,"href":"https:\/\/experienciaslatam.com\/es\/wp-json\/wp\/v2\/product_tag?post=7548"}],"curies":[{"name":"wp","href":"https:\/\/api.w.org\/{rel}","templated":true}]}}