{"id":7557,"date":"2025-07-29T11:02:30","date_gmt":"2025-07-29T16:02:30","guid":{"rendered":"https:\/\/experienciaslatam.com\/?post_type=product&#038;p=7557"},"modified":"2025-08-06T16:24:21","modified_gmt":"2025-08-06T21:24:21","slug":"vive-la-accion-detras-de-escena-en-el-partido-velez-sarsfield-vs-fortaleza-de-la-conmebol-libertadores","status":"publish","type":"product","link":"https:\/\/experienciaslatam.com\/es\/experiencias\/vive-la-accion-detras-de-escena-en-el-partido-velez-sarsfield-vs-fortaleza-de-la-conmebol-libertadores\/","title":{"rendered":"Vive la acci\u00f3n detr\u00e1s de escena en el partido V\u00e9lez Sarsfield vs Fortaleza de la CONMEBOL Libertadores"},"content":{"rendered":"<p><span class=\"TextRun SCXW67755051 BCX8\" lang=\"ES-CL\" xml:lang=\"ES-CL\" data-contrast=\"auto\"><span class=\"NormalTextRun SCXW67755051 BCX8\">Con la compra de este exclusivo paquete VIP para el partido de la CONMEBOL Libertadores del 19 de agosto, durante los octavos de final entre V\u00e9lez Sarsfield y Fortaleza en Buenos Aires, ser\u00e1s transportado en un servicio de autom\u00f3vil de lujo al Estadio Jos\u00e9 Amalfitani, donde tu anfitri\u00f3n te recibir\u00e1 con un obsequio de art\u00edculos de la CONMEBOL Libertadores, incluyendo camisetas oficiales del club local argentino y una tarjeta prepago <\/span><span class=\"NormalTextRun SpellingErrorV2Themed SCXW67755051 BCX8\">Mastercard<\/span><span class=\"NormalTextRun SCXW67755051 BCX8\"> de $200 USD. Adem\u00e1s, cortes\u00eda de <\/span><span class=\"NormalTextRun SpellingErrorV2Themed SCXW67755051 BCX8\">Mastercard<\/span><span class=\"NormalTextRun SCXW67755051 BCX8\">, disfrutar\u00e1s del <\/span><span class=\"NormalTextRun SpellingErrorV2Themed SCXW67755051 BCX8\">hospitality<\/span><span class=\"NormalTextRun SCXW67755051 BCX8\"> del Club Libertadores antes del partido. Luego, bajar\u00e1s al campo para presenciar el calentamiento desde la l\u00ednea de banda antes de dirigirte a tus asientos de Categor\u00eda 1 para ver el encuentro. Exclusivo para tarjetahabientes <\/span><span class=\"NormalTextRun SpellingErrorV2Themed SCXW67755051 BCX8\">Mastercard<\/span><span class=\"NormalTextRun SCXW67755051 BCX8\">.<\/span><\/span><span class=\"EOP SCXW67755051 BCX8\" data-ccp-props=\"{&quot;134233117&quot;:false,&quot;134233118&quot;:false,&quot;335551550&quot;:0,&quot;335551620&quot;:0,&quot;335559738&quot;:240,&quot;335559739&quot;:240}\">\u00a0<\/span><\/p>\n<p><b><span data-contrast=\"auto\">Lo que es Priceless<\/span><\/b><span data-contrast=\"auto\">:<\/span><span data-ccp-props=\"{&quot;134233117&quot;:false,&quot;134233118&quot;:false,&quot;335551550&quot;:6,&quot;335551620&quot;:6,&quot;335559738&quot;:240,&quot;335559739&quot;:240}\"><br \/>\n<\/span><\/p>\n<p><span class=\"TextRun SCXW199309697 BCX8\" lang=\"ES-CL\" xml:lang=\"ES-CL\" data-contrast=\"auto\"><span class=\"NormalTextRun SCXW199309697 BCX8\">Estar tan cerca que te sientes parte del equipo.<\/span><\/span><span class=\"EOP SCXW199309697 BCX8\" data-ccp-props=\"{&quot;134233117&quot;:false,&quot;134233118&quot;:false,&quot;335551550&quot;:0,&quot;335551620&quot;:0,&quot;335559738&quot;:240,&quot;335559739&quot;:240}\">\u00a0<\/span><\/p>\n","protected":false},"excerpt":{"rendered":"<p>Con la compra de este exclusivo paquete VIP para el partido de la CONMEBOL Libertadores del 19 de agosto, durante los octavos de final entre V\u00e9lez Sarsfield y Fortaleza en Buenos Aires, ser\u00e1s transportado en un servicio de autom\u00f3vil de lujo al Estadio Jos\u00e9 Amalfitani, donde tu anfitri\u00f3n te recibir\u00e1 con un obsequio de art\u00edculos [&hellip;]<\/p>\n","protected":false},"featured_media":3048,"template":"","meta":{"_acf_changed":false,"inline_featured_image":false},"product_brand":[],"product_cat":[47,55],"product_tag":[],"class_list":{"0":"post-7557","1":"product","2":"type-product","3":"status-publish","4":"has-post-thumbnail","6":"product_cat-experiencias","7":"product_cat-libertadoresla","9":"first","10":"outofstock","11":"sold-individually","12":"shipping-taxable","13":"purchasable","14":"product-type-variable","15":"has-default-attributes"},"acf":[],"_links":{"self":[{"href":"https:\/\/experienciaslatam.com\/es\/wp-json\/wp\/v2\/product\/7557","targetHints":{"allow":["GET"]}}],"collection":[{"href":"https:\/\/experienciaslatam.com\/es\/wp-json\/wp\/v2\/product"}],"about":[{"href":"https:\/\/experienciaslatam.com\/es\/wp-json\/wp\/v2\/types\/product"}],"wp:featuredmedia":[{"embeddable":true,"href":"https:\/\/experienciaslatam.com\/es\/wp-json\/wp\/v2\/media\/3048"}],"wp:attachment":[{"href":"https:\/\/experienciaslatam.com\/es\/wp-json\/wp\/v2\/media?parent=7557"}],"wp:term":[{"taxonomy":"product_brand","embeddable":true,"href":"https:\/\/experienciaslatam.com\/es\/wp-json\/wp\/v2\/product_brand?post=7557"},{"taxonomy":"product_cat","embeddable":true,"href":"https:\/\/experienciaslatam.com\/es\/wp-json\/wp\/v2\/product_cat?post=7557"},{"taxonomy":"product_tag","embeddable":true,"href":"https:\/\/experienciaslatam.com\/es\/wp-json\/wp\/v2\/product_tag?post=7557"}],"curies":[{"name":"wp","href":"https:\/\/api.w.org\/{rel}","templated":true}]}}