{"id":7658,"date":"2025-07-29T16:14:12","date_gmt":"2025-07-29T21:14:12","guid":{"rendered":"https:\/\/experienciaslatam.com\/?post_type=product&#038;p=7658"},"modified":"2025-07-30T17:06:35","modified_gmt":"2025-07-30T22:06:35","slug":"deja-que-tu-hijo-entre-al-campo-en-la-conmebol-libertadores-atletico-nacional-vs-inter-sao-paulo","status":"publish","type":"product","link":"https:\/\/experienciaslatam.com\/es\/experiencias\/deja-que-tu-hijo-entre-al-campo-en-la-conmebol-libertadores-atletico-nacional-vs-inter-sao-paulo\/","title":{"rendered":"Deja que tu hijo entre al campo en la CONMEBOL Libertadores: Atl\u00e9tico Nacional vs Inter S\u00e3o Paulo"},"content":{"rendered":"<p><span class=\"TextRun SCXW180388343 BCX0\" lang=\"ES-CL\" xml:lang=\"ES-CL\" data-contrast=\"auto\"><span class=\"NormalTextRun SCXW180388343 BCX0\"><span class=\"TextRun SCXW94615449 BCX0\" lang=\"ES-CL\" xml:lang=\"ES-CL\" data-contrast=\"auto\"><span class=\"NormalTextRun SCXW94615449 BCX0\">Con la compra del kit oficial de capit\u00e1n honorario, t\u00fa y tu hijo vivir\u00e1n una experiencia \u00fanica en la vida durante el partido de octavos de final entre Atl\u00e9tico Nacional e Inter S\u00e3o Paulo, el 12 de agosto en Medell\u00edn. Llegar\u00e1n en un auto privado y recibir\u00e1n una serie de obsequios, que incluyen uniforme <\/span><span class=\"NormalTextRun SpellingErrorV2Themed SCXW94615449 BCX0\">co-brandeado<\/span><span class=\"NormalTextRun SCXW94615449 BCX0\">, bolso tipo tote, una <\/span><span class=\"NormalTextRun ContextualSpellingAndGrammarErrorV2Themed SCXW94615449 BCX0\">tarjeta prepago<\/span> <span class=\"NormalTextRun SpellingErrorV2Themed SCXW94615449 BCX0\">Mastercard<\/span><span class=\"NormalTextRun SCXW94615449 BCX0\"> por USD $200 y <\/span><span class=\"NormalTextRun SpellingErrorV2Themed SCXW94615449 BCX0\">merchandising<\/span><span class=\"NormalTextRun SCXW94615449 BCX0\"> oficial de la CONMEBOL Libertadores. Gracias a <\/span><span class=\"NormalTextRun SpellingErrorV2Themed SCXW94615449 BCX0\">Mastercard<\/span><span class=\"NormalTextRun SCXW94615449 BCX0\">, tu hijo entrar\u00e1 al campo junto a los capitanes y \u00e1rbitros durante la ceremonia de inicio, antes de disfrutar juntos el partido desde asientos de cortes\u00eda en categor\u00eda 1. Tambi\u00e9n tendr\u00e1n acceso a la zona de hospitalidad Libertadores Club, con snacks y bebidas incluidos, y un anfitri\u00f3n acompa\u00f1ar\u00e1 a tu hijo durante toda su aventura en cancha.<\/span><\/span><span class=\"LineBreakBlob BlobObject DragDrop SCXW94615449 BCX0\"><span class=\"SCXW94615449 BCX0\">\u00a0<\/span><br class=\"SCXW94615449 BCX0\" \/><\/span><span class=\"TextRun SCXW94615449 BCX0\" lang=\"ES-CL\" xml:lang=\"ES-CL\" data-contrast=\"auto\"><span class=\"NormalTextRun SCXW94615449 BCX0\"> Exclusivo para tarjetahabientes <\/span><span class=\"NormalTextRun SpellingErrorV2Themed SCXW94615449 BCX0\">Mastercard<\/span><span class=\"NormalTextRun SCXW94615449 BCX0\">.<\/span><\/span><span class=\"EOP SCXW94615449 BCX0\" data-ccp-props=\"{&quot;134233117&quot;:false,&quot;134233118&quot;:false,&quot;335551550&quot;:0,&quot;335551620&quot;:0,&quot;335559738&quot;:240,&quot;335559739&quot;:240}\">\u00a0<\/span><\/span><\/span><span class=\"EOP SCXW180388343 BCX0\" data-ccp-props=\"{&quot;134233117&quot;:false,&quot;134233118&quot;:false,&quot;335559738&quot;:240,&quot;335559739&quot;:240}\"><br \/>\n<\/span><\/p>\n<p>&nbsp;<\/p>\n<p><span data-ccp-props=\"{&quot;134233117&quot;:false,&quot;134233118&quot;:false,&quot;335551550&quot;:6,&quot;335551620&quot;:6,&quot;335559738&quot;:240,&quot;335559739&quot;:240}\"><b>\u00bfQu\u00e9 es Priceless?<\/b><\/span><\/p>\n<p>&nbsp;<\/p>\n<p><span class=\"TextRun SCXW225534895 BCX0\" lang=\"ES-CL\" xml:lang=\"ES-CL\" data-contrast=\"auto\"><span class=\"NormalTextRun SCXW225534895 BCX0\"> Aplaudir con todas tus fuerzas al m\u00e1s peque\u00f1o sobre la cancha.<\/span><\/span><\/p>\n","protected":false},"excerpt":{"rendered":"<p>Con la compra del kit oficial de capit\u00e1n honorario, t\u00fa y tu hijo vivir\u00e1n una experiencia \u00fanica en la vida durante el partido de octavos de final entre Atl\u00e9tico Nacional e Inter S\u00e3o Paulo, el 12 de agosto en Medell\u00edn. Llegar\u00e1n en un auto privado y recibir\u00e1n una serie de obsequios, que incluyen uniforme co-brandeado, [&hellip;]<\/p>\n","protected":false},"featured_media":7581,"template":"","meta":{"_acf_changed":false,"inline_featured_image":false},"product_brand":[],"product_cat":[47,55],"product_tag":[],"class_list":{"0":"post-7658","1":"product","2":"type-product","3":"status-publish","4":"has-post-thumbnail","6":"product_cat-experiencias","7":"product_cat-libertadoresla","9":"first","10":"instock","11":"sold-individually","12":"shipping-taxable","13":"purchasable","14":"product-type-variable","15":"has-default-attributes"},"acf":[],"_links":{"self":[{"href":"https:\/\/experienciaslatam.com\/es\/wp-json\/wp\/v2\/product\/7658","targetHints":{"allow":["GET"]}}],"collection":[{"href":"https:\/\/experienciaslatam.com\/es\/wp-json\/wp\/v2\/product"}],"about":[{"href":"https:\/\/experienciaslatam.com\/es\/wp-json\/wp\/v2\/types\/product"}],"wp:featuredmedia":[{"embeddable":true,"href":"https:\/\/experienciaslatam.com\/es\/wp-json\/wp\/v2\/media\/7581"}],"wp:attachment":[{"href":"https:\/\/experienciaslatam.com\/es\/wp-json\/wp\/v2\/media?parent=7658"}],"wp:term":[{"taxonomy":"product_brand","embeddable":true,"href":"https:\/\/experienciaslatam.com\/es\/wp-json\/wp\/v2\/product_brand?post=7658"},{"taxonomy":"product_cat","embeddable":true,"href":"https:\/\/experienciaslatam.com\/es\/wp-json\/wp\/v2\/product_cat?post=7658"},{"taxonomy":"product_tag","embeddable":true,"href":"https:\/\/experienciaslatam.com\/es\/wp-json\/wp\/v2\/product_tag?post=7658"}],"curies":[{"name":"wp","href":"https:\/\/api.w.org\/{rel}","templated":true}]}}