{"id":7832,"date":"2025-07-31T14:17:23","date_gmt":"2025-07-31T19:17:23","guid":{"rendered":"https:\/\/experienciaslatam.com\/?post_type=product&#038;p=7832"},"modified":"2026-03-25T16:34:23","modified_gmt":"2026-03-25T21:34:23","slug":"descubre-la-cachaca-el-espiritu-emblematico-de-brasil-en-una-cata-guiada-copy","status":"publish","type":"product","link":"https:\/\/experienciaslatam.com\/es\/experiencias\/descubre-la-cachaca-el-espiritu-emblematico-de-brasil-en-una-cata-guiada-copy\/","title":{"rendered":"Ad\u00e9ntrate en el mundo creativo de Tavo Garavato en un taller de serigraf\u00eda"},"content":{"rendered":"<p><span data-contrast=\"auto\">Participa de forma activa en el estudio privado del ilustrador colombiano, disfruta de bocados locales, crea tu propia impresi\u00f3n y ll\u00e9vate arte de recuerdo<\/span><span data-ccp-props=\"{&quot;134233117&quot;:false,&quot;134233118&quot;:false,&quot;335551550&quot;:0,&quot;335551620&quot;:0,&quot;335559738&quot;:240,&quot;335559739&quot;:240}\">\u00a0<\/span><\/p>\n<p><span data-contrast=\"auto\">\u00danete al reconocido ilustrador Tavo Garavato para un creativo taller de serigraf\u00eda. Entrar\u00e1s al estudio privado Editor Felino, donde vivir\u00e1s un encuentro interactivo con el artista, famoso por su estilo audaz. All\u00ed, presenciar\u00e1s una demostraci\u00f3n en vivo de serigraf\u00eda antes de crear tu propia impresi\u00f3n personalizada. Tambi\u00e9n degustar\u00e1s bocados seleccionados de un reconocido lugar local. Adem\u00e1s, te llevar\u00e1s a casa un tr\u00edptico firmado, un kit de arte, un certificado de propiedad y art\u00edculos coleccionables. Exclusivo para tarjetahabientes Mastercard.<\/span><span data-ccp-props=\"{&quot;134233117&quot;:false,&quot;134233118&quot;:false,&quot;335551550&quot;:0,&quot;335551620&quot;:0,&quot;335559738&quot;:240,&quot;335559739&quot;:240}\">\u00a0<\/span><\/p>\n<p>&nbsp;<\/p>\n","protected":false},"excerpt":{"rendered":"<p>Participa de forma activa en el estudio privado del ilustrador colombiano, disfruta de bocados locales, crea tu propia impresi\u00f3n y ll\u00e9vate arte de recuerdo\u00a0 \u00danete al reconocido ilustrador Tavo Garavato para un creativo taller de serigraf\u00eda. Entrar\u00e1s al estudio privado Editor Felino, donde vivir\u00e1s un encuentro interactivo con el artista, famoso por su estilo audaz. [&hellip;]<\/p>\n","protected":false},"featured_media":7917,"template":"","meta":{"_acf_changed":false,"inline_featured_image":false},"product_brand":[],"product_cat":[47],"product_tag":[],"class_list":{"0":"post-7832","1":"product","2":"type-product","3":"status-publish","4":"has-post-thumbnail","6":"product_cat-experiencias","8":"first","9":"instock","10":"virtual","11":"sold-individually","12":"purchasable","13":"product-type-booking"},"acf":[],"_links":{"self":[{"href":"https:\/\/experienciaslatam.com\/es\/wp-json\/wp\/v2\/product\/7832","targetHints":{"allow":["GET"]}}],"collection":[{"href":"https:\/\/experienciaslatam.com\/es\/wp-json\/wp\/v2\/product"}],"about":[{"href":"https:\/\/experienciaslatam.com\/es\/wp-json\/wp\/v2\/types\/product"}],"wp:featuredmedia":[{"embeddable":true,"href":"https:\/\/experienciaslatam.com\/es\/wp-json\/wp\/v2\/media\/7917"}],"wp:attachment":[{"href":"https:\/\/experienciaslatam.com\/es\/wp-json\/wp\/v2\/media?parent=7832"}],"wp:term":[{"taxonomy":"product_brand","embeddable":true,"href":"https:\/\/experienciaslatam.com\/es\/wp-json\/wp\/v2\/product_brand?post=7832"},{"taxonomy":"product_cat","embeddable":true,"href":"https:\/\/experienciaslatam.com\/es\/wp-json\/wp\/v2\/product_cat?post=7832"},{"taxonomy":"product_tag","embeddable":true,"href":"https:\/\/experienciaslatam.com\/es\/wp-json\/wp\/v2\/product_tag?post=7832"}],"curies":[{"name":"wp","href":"https:\/\/api.w.org\/{rel}","templated":true}]}}