{"id":7871,"date":"2025-07-31T16:35:02","date_gmt":"2025-07-31T21:35:02","guid":{"rendered":"https:\/\/experienciaslatam.com\/?post_type=product&#038;p=7871"},"modified":"2025-09-19T16:24:28","modified_gmt":"2025-09-19T21:24:28","slug":"prepara-cafe-como-un-profesional-en-un-taller-en-el-laboratorio-de-catacion-publica","status":"publish","type":"product","link":"https:\/\/experienciaslatam.com\/es\/experiencias\/prepara-cafe-como-un-profesional-en-un-taller-en-el-laboratorio-de-catacion-publica\/","title":{"rendered":"Prepara caf\u00e9 como un profesional en un taller en el laboratorio de Cataci\u00f3n P\u00fablica"},"content":{"rendered":"<p><span class=\"TextRun SCXW199495077 BCX0\" lang=\"ES-ES\" xml:lang=\"ES-ES\" data-contrast=\"auto\"><span class=\"NormalTextRun SCXW199495077 BCX0\">Convi\u00e9rtete en un conocedor del caf\u00e9 en un taller pr\u00e1ctico en <\/span><span class=\"NormalTextRun SpellingErrorV2Themed SCXW199495077 BCX0\">Cataci\u00f3n<\/span><span class=\"NormalTextRun SCXW199495077 BCX0\"> P\u00fablica. Participar\u00e1s en una sesi\u00f3n multisensorial guiada por expertos en un laboratorio certificado por el <\/span><span class=\"NormalTextRun SpellingErrorV2Themed SCXW199495077 BCX0\">Coffee<\/span> <span class=\"NormalTextRun SpellingErrorV2Themed SCXW199495077 BCX0\">Quality<\/span> <span class=\"NormalTextRun SpellingErrorV2Themed SCXW199495077 BCX0\">Institute<\/span><span class=\"NormalTextRun SCXW199495077 BCX0\"> (CQI). Identificar\u00e1s sabores \u00fanicos con la herramienta <\/span><\/span><span class=\"TextRun SCXW199495077 BCX0\" lang=\"ES-ES\" xml:lang=\"ES-ES\" data-contrast=\"auto\"><span class=\"NormalTextRun SCXW199495077 BCX0\">Le <\/span><span class=\"NormalTextRun SpellingErrorV2Themed SCXW199495077 BCX0\">Nez<\/span><span class=\"NormalTextRun SCXW199495077 BCX0\"> du Caf\u00e9<\/span><\/span><span class=\"TextRun SCXW199495077 BCX0\" lang=\"ES-ES\" xml:lang=\"ES-ES\" data-contrast=\"auto\"><span class=\"NormalTextRun SCXW199495077 BCX0\"> y aprender\u00e1s a preparar caf\u00e9 con prensa francesa como un profesional durante una cata guiada.\u00a0 <\/span><\/span><span class=\"TextRun MacChromeBold SCXW199495077 BCX0\" lang=\"ES-ES\" xml:lang=\"ES-ES\" data-contrast=\"auto\"><span class=\"NormalTextRun SCXW199495077 BCX0\">Exclusivo para tarjetahabiente<\/span><span class=\"NormalTextRun SCXW199495077 BCX0\">s <\/span><span class=\"NormalTextRun SpellingErrorV2Themed SCXW199495077 BCX0\">Masterca<\/span><span class=\"NormalTextRun SpellingErrorV2Themed SCXW199495077 BCX0\">rd<\/span><span class=\"NormalTextRun SCXW199495077 BCX0\">.<\/span><\/span><span class=\"EOP SCXW199495077 BCX0\" data-ccp-props=\"{&quot;134233117&quot;:false,&quot;134233118&quot;:false,&quot;335559738&quot;:240,&quot;335559739&quot;:240}\">\u00a0<\/span><\/p>\n<p>&nbsp;<\/p>\n","protected":false},"excerpt":{"rendered":"<p>Convi\u00e9rtete en un conocedor del caf\u00e9 en un taller pr\u00e1ctico en Cataci\u00f3n P\u00fablica. Participar\u00e1s en una sesi\u00f3n multisensorial guiada por expertos en un laboratorio certificado por el Coffee Quality Institute (CQI). Identificar\u00e1s sabores \u00fanicos con la herramienta Le Nez du Caf\u00e9 y aprender\u00e1s a preparar caf\u00e9 con prensa francesa como un profesional durante una cata [&hellip;]<\/p>\n","protected":false},"featured_media":7875,"template":"","meta":{"_acf_changed":false,"inline_featured_image":false},"product_brand":[],"product_cat":[47],"product_tag":[],"class_list":{"0":"post-7871","1":"product","2":"type-product","3":"status-publish","4":"has-post-thumbnail","6":"product_cat-experiencias","8":"first","9":"instock","10":"virtual","11":"sold-individually","12":"purchasable","13":"product-type-booking"},"acf":[],"_links":{"self":[{"href":"https:\/\/experienciaslatam.com\/es\/wp-json\/wp\/v2\/product\/7871","targetHints":{"allow":["GET"]}}],"collection":[{"href":"https:\/\/experienciaslatam.com\/es\/wp-json\/wp\/v2\/product"}],"about":[{"href":"https:\/\/experienciaslatam.com\/es\/wp-json\/wp\/v2\/types\/product"}],"wp:featuredmedia":[{"embeddable":true,"href":"https:\/\/experienciaslatam.com\/es\/wp-json\/wp\/v2\/media\/7875"}],"wp:attachment":[{"href":"https:\/\/experienciaslatam.com\/es\/wp-json\/wp\/v2\/media?parent=7871"}],"wp:term":[{"taxonomy":"product_brand","embeddable":true,"href":"https:\/\/experienciaslatam.com\/es\/wp-json\/wp\/v2\/product_brand?post=7871"},{"taxonomy":"product_cat","embeddable":true,"href":"https:\/\/experienciaslatam.com\/es\/wp-json\/wp\/v2\/product_cat?post=7871"},{"taxonomy":"product_tag","embeddable":true,"href":"https:\/\/experienciaslatam.com\/es\/wp-json\/wp\/v2\/product_tag?post=7871"}],"curies":[{"name":"wp","href":"https:\/\/api.w.org\/{rel}","templated":true}]}}