{"id":7929,"date":"2025-08-01T11:43:14","date_gmt":"2025-08-01T16:43:14","guid":{"rendered":"https:\/\/experienciaslatam.com\/?post_type=product&#038;p=7929"},"modified":"2026-03-25T17:01:52","modified_gmt":"2026-03-25T22:01:52","slug":"perfecciona-tus-cocteles-en-una-clase-privada-en-el-famoso-bar-tres-monos-copy","status":"publish","type":"product","link":"https:\/\/experienciaslatam.com\/es\/experiencias\/perfecciona-tus-cocteles-en-una-clase-privada-en-el-famoso-bar-tres-monos-copy\/","title":{"rendered":"Disfruta de pasta artesanal y Negronis en un restaurante galardonado con Michelin"},"content":{"rendered":"<p><span class=\"TextRun SCXW233690393 BCX0\" lang=\"ES-ES\" xml:lang=\"ES-ES\" data-contrast=\"auto\"><span class=\"NormalTextRun SCXW233690393 BCX0\">Emprende un viaje a Italia sin salir de Buenos Aires, con alta cocina en La Alacena Trattoria y una demostraci\u00f3n de preparaci\u00f3n de pasta artesanal. Ser\u00e1s recibido con un c\u00f3ctel Negroni, pan casero con aceite de oliva virgen extra y <\/span><span class=\"NormalTextRun SpellingErrorV2Themed SCXW233690393 BCX0\">antipasti<\/span><span class=\"NormalTextRun SCXW233690393 BCX0\"> de temporada. Luego, degustar\u00e1s pasta artesanal maridada con Malbec argentino, seguida de postres acompa\u00f1ados de caf\u00e9 italiano. Para finalizar, acceder\u00e1s al detr\u00e1s de escena para presenciar a la chef Julieta <\/span><span class=\"NormalTextRun SpellingErrorV2Themed SCXW233690393 BCX0\">Oriolo<\/span><span class=\"NormalTextRun SCXW233690393 BCX0\"> y su equipo elaborando su pasta insignia. Exclusivo para tarjetahabientes <\/span><span class=\"NormalTextRun SpellingErrorV2Themed SCXW233690393 BCX0\">Mastercard<\/span><span class=\"NormalTextRun SCXW233690393 BCX0\">.<\/span><\/span><span class=\"EOP SCXW233690393 BCX0\" data-ccp-props=\"{&quot;134233117&quot;:false,&quot;134233118&quot;:false,&quot;335559738&quot;:240,&quot;335559739&quot;:240}\">\u00a0<\/span><\/p>\n<p>&nbsp;<\/p>\n","protected":false},"excerpt":{"rendered":"<p>Emprende un viaje a Italia sin salir de Buenos Aires, con alta cocina en La Alacena Trattoria y una demostraci\u00f3n de preparaci\u00f3n de pasta artesanal. Ser\u00e1s recibido con un c\u00f3ctel Negroni, pan casero con aceite de oliva virgen extra y antipasti de temporada. Luego, degustar\u00e1s pasta artesanal maridada con Malbec argentino, seguida de postres acompa\u00f1ados [&hellip;]<\/p>\n","protected":false},"featured_media":7954,"template":"","meta":{"_acf_changed":false,"inline_featured_image":false},"product_brand":[],"product_cat":[47],"product_tag":[],"class_list":{"0":"post-7929","1":"product","2":"type-product","3":"status-publish","4":"has-post-thumbnail","6":"product_cat-experiencias","8":"first","9":"instock","10":"virtual","11":"sold-individually","12":"purchasable","13":"product-type-booking"},"acf":[],"_links":{"self":[{"href":"https:\/\/experienciaslatam.com\/es\/wp-json\/wp\/v2\/product\/7929","targetHints":{"allow":["GET"]}}],"collection":[{"href":"https:\/\/experienciaslatam.com\/es\/wp-json\/wp\/v2\/product"}],"about":[{"href":"https:\/\/experienciaslatam.com\/es\/wp-json\/wp\/v2\/types\/product"}],"wp:featuredmedia":[{"embeddable":true,"href":"https:\/\/experienciaslatam.com\/es\/wp-json\/wp\/v2\/media\/7954"}],"wp:attachment":[{"href":"https:\/\/experienciaslatam.com\/es\/wp-json\/wp\/v2\/media?parent=7929"}],"wp:term":[{"taxonomy":"product_brand","embeddable":true,"href":"https:\/\/experienciaslatam.com\/es\/wp-json\/wp\/v2\/product_brand?post=7929"},{"taxonomy":"product_cat","embeddable":true,"href":"https:\/\/experienciaslatam.com\/es\/wp-json\/wp\/v2\/product_cat?post=7929"},{"taxonomy":"product_tag","embeddable":true,"href":"https:\/\/experienciaslatam.com\/es\/wp-json\/wp\/v2\/product_tag?post=7929"}],"curies":[{"name":"wp","href":"https:\/\/api.w.org\/{rel}","templated":true}]}}