{"id":7960,"date":"2025-08-01T15:01:30","date_gmt":"2025-08-01T20:01:30","guid":{"rendered":"https:\/\/experienciaslatam.com\/?post_type=product&#038;p=7960"},"modified":"2025-08-01T16:45:01","modified_gmt":"2025-08-01T21:45:01","slug":"captura-la-hora-dorada-en-el-desierto-de-atacama-con-una-sesion-fotografica-privada","status":"publish","type":"product","link":"https:\/\/experienciaslatam.com\/es\/experiencias\/captura-la-hora-dorada-en-el-desierto-de-atacama-con-una-sesion-fotografica-privada\/","title":{"rendered":"Captura la hora dorada en el Desierto de Atacama con una sesi\u00f3n fotogr\u00e1fica privada"},"content":{"rendered":"<p><span class=\"TextRun SCXW248824728 BCX0\" lang=\"ES-ES\" xml:lang=\"ES-ES\" data-contrast=\"auto\"><span class=\"NormalTextRun SCXW248824728 BCX0\">Inmortaliza tu historia con una sesi\u00f3n fotogr\u00e1fica profesional en la ic\u00f3nica Cordillera de la Sal del Desierto de Atacama. Un gu\u00eda local y fot\u00f3grafo experimentado te llevar\u00e1 a trav\u00e9s del terreno lunar y los picos dram\u00e1ticos de la regi\u00f3n para una sesi\u00f3n privada al amanecer o al atardecer, cuando el desierto se ti\u00f1e de una luz dorada cinematogr\u00e1fica. Adem\u00e1s, disfrutar\u00e1s de snacks durante la sesi\u00f3n. Revive los recuerdos con 15 im\u00e1genes editadas profesionalmente, que recibir\u00e1s en tu correo electr\u00f3nico en un plazo de dos d\u00edas. Exclusivo para tarjetahabientes <\/span><span class=\"NormalTextRun SpellingErrorV2Themed SCXW248824728 BCX0\">Mastercard<\/span><span class=\"NormalTextRun SCXW248824728 BCX0\">.<\/span><\/span><span class=\"EOP SCXW248824728 BCX0\" data-ccp-props=\"{&quot;134233117&quot;:false,&quot;134233118&quot;:false,&quot;335559738&quot;:240,&quot;335559739&quot;:240}\">\u00a0<\/span><\/p>\n<p>&nbsp;<\/p>\n","protected":false},"excerpt":{"rendered":"<p>Inmortaliza tu historia con una sesi\u00f3n fotogr\u00e1fica profesional en la ic\u00f3nica Cordillera de la Sal del Desierto de Atacama. Un gu\u00eda local y fot\u00f3grafo experimentado te llevar\u00e1 a trav\u00e9s del terreno lunar y los picos dram\u00e1ticos de la regi\u00f3n para una sesi\u00f3n privada al amanecer o al atardecer, cuando el desierto se ti\u00f1e de una [&hellip;]<\/p>\n","protected":false},"featured_media":7965,"template":"","meta":{"_acf_changed":false,"inline_featured_image":false},"product_brand":[],"product_cat":[47],"product_tag":[],"class_list":{"0":"post-7960","1":"product","2":"type-product","3":"status-publish","4":"has-post-thumbnail","6":"product_cat-experiencias","8":"first","9":"instock","10":"virtual","11":"sold-individually","12":"purchasable","13":"product-type-booking"},"acf":[],"_links":{"self":[{"href":"https:\/\/experienciaslatam.com\/es\/wp-json\/wp\/v2\/product\/7960","targetHints":{"allow":["GET"]}}],"collection":[{"href":"https:\/\/experienciaslatam.com\/es\/wp-json\/wp\/v2\/product"}],"about":[{"href":"https:\/\/experienciaslatam.com\/es\/wp-json\/wp\/v2\/types\/product"}],"wp:featuredmedia":[{"embeddable":true,"href":"https:\/\/experienciaslatam.com\/es\/wp-json\/wp\/v2\/media\/7965"}],"wp:attachment":[{"href":"https:\/\/experienciaslatam.com\/es\/wp-json\/wp\/v2\/media?parent=7960"}],"wp:term":[{"taxonomy":"product_brand","embeddable":true,"href":"https:\/\/experienciaslatam.com\/es\/wp-json\/wp\/v2\/product_brand?post=7960"},{"taxonomy":"product_cat","embeddable":true,"href":"https:\/\/experienciaslatam.com\/es\/wp-json\/wp\/v2\/product_cat?post=7960"},{"taxonomy":"product_tag","embeddable":true,"href":"https:\/\/experienciaslatam.com\/es\/wp-json\/wp\/v2\/product_tag?post=7960"}],"curies":[{"name":"wp","href":"https:\/\/api.w.org\/{rel}","templated":true}]}}