{"id":8020,"date":"2025-08-04T16:25:27","date_gmt":"2025-08-04T21:25:27","guid":{"rendered":"https:\/\/experienciaslatam.com\/?post_type=product&#038;p=8020"},"modified":"2026-04-22T09:21:57","modified_gmt":"2026-04-22T14:21:57","slug":"muevete-al-ritmo-de-rio-con-una-reina-de-escuela-de-samba","status":"publish","type":"product","link":"https:\/\/experienciaslatam.com\/es\/experiencias\/muevete-al-ritmo-de-rio-con-una-reina-de-escuela-de-samba\/","title":{"rendered":"Mu\u00e9vete al ritmo de R\u00edo con una reina de escuela de samba"},"content":{"rendered":"<p><span class=\"TextRun SCXW140746000 BCX0\" lang=\"ES-ES\" xml:lang=\"ES-ES\" data-contrast=\"auto\"><span class=\"NormalTextRun SCXW140746000 BCX0\">Crea un v\u00ednculo significativo con R\u00edo durante una experiencia inmersiva de tres partes llamada\u00a0<\/span><span class=\"NormalTextRun SCXW140746000 BCX0\">Samba <\/span><span class=\"NormalTextRun SpellingErrorV2Themed SCXW140746000 BCX0\">Soul<\/span><span class=\"NormalTextRun SCXW140746000 BCX0\">, en la hist\u00f3rica\u00a0<\/span><span class=\"NormalTextRun SCXW140746000 BCX0\">Peque\u00f1a \u00c1frica<\/span><span class=\"NormalTextRun SCXW140746000 BCX0\">, dirigida por <\/span><span class=\"NormalTextRun SpellingErrorV2Themed SCXW140746000 BCX0\">Egili<\/span><span class=\"NormalTextRun SCXW140746000 BCX0\">, una de las principales reinas de escuelas de samba de Brasil. Comenzar\u00e1s con una sesi\u00f3n de percusi\u00f3n de 30 minutos, donde crear\u00e1s ritmos de samba junto a m\u00fasicos profesionales. Luego, aprender\u00e1s los movimientos esenciales en una clase de baile de samba de una hora. Finalizar\u00e1s con una <\/span><span class=\"NormalTextRun SpellingErrorV2Themed SCXW140746000 BCX0\">caipirinha<\/span><span class=\"NormalTextRun SCXW140746000 BCX0\"> de cortes\u00eda y un taller cultural interactivo de 30 minutos, explorando las ra\u00edces <\/span><span class=\"NormalTextRun ContextualSpellingAndGrammarErrorV2Themed SCXW140746000 BCX0\">del samba<\/span><span class=\"NormalTextRun SCXW140746000 BCX0\"> a trav\u00e9s de historias, im\u00e1genes y conversaciones. Exclusivo para tarjetahabientes <\/span><span class=\"NormalTextRun SpellingErrorV2Themed SCXW140746000 BCX0\">Mastercard<\/span><span class=\"NormalTextRun SCXW140746000 BCX0\">.<\/span><\/span><span class=\"EOP SCXW140746000 BCX0\" data-ccp-props=\"{}\">\u00a0<\/span><\/p>\n","protected":false},"excerpt":{"rendered":"<p>Crea un v\u00ednculo significativo con R\u00edo durante una experiencia inmersiva de tres partes llamada\u00a0Samba Soul, en la hist\u00f3rica\u00a0Peque\u00f1a \u00c1frica, dirigida por Egili, una de las principales reinas de escuelas de samba de Brasil. Comenzar\u00e1s con una sesi\u00f3n de percusi\u00f3n de 30 minutos, donde crear\u00e1s ritmos de samba junto a m\u00fasicos profesionales. Luego, aprender\u00e1s los movimientos [&hellip;]<\/p>\n","protected":false},"featured_media":8045,"template":"","meta":{"_acf_changed":false,"inline_featured_image":false},"product_brand":[],"product_cat":[47],"product_tag":[],"class_list":{"0":"post-8020","1":"product","2":"type-product","3":"status-publish","4":"has-post-thumbnail","6":"product_cat-experiencias","8":"first","9":"instock","10":"virtual","11":"sold-individually","12":"purchasable","13":"product-type-booking"},"acf":[],"_links":{"self":[{"href":"https:\/\/experienciaslatam.com\/es\/wp-json\/wp\/v2\/product\/8020","targetHints":{"allow":["GET"]}}],"collection":[{"href":"https:\/\/experienciaslatam.com\/es\/wp-json\/wp\/v2\/product"}],"about":[{"href":"https:\/\/experienciaslatam.com\/es\/wp-json\/wp\/v2\/types\/product"}],"wp:featuredmedia":[{"embeddable":true,"href":"https:\/\/experienciaslatam.com\/es\/wp-json\/wp\/v2\/media\/8045"}],"wp:attachment":[{"href":"https:\/\/experienciaslatam.com\/es\/wp-json\/wp\/v2\/media?parent=8020"}],"wp:term":[{"taxonomy":"product_brand","embeddable":true,"href":"https:\/\/experienciaslatam.com\/es\/wp-json\/wp\/v2\/product_brand?post=8020"},{"taxonomy":"product_cat","embeddable":true,"href":"https:\/\/experienciaslatam.com\/es\/wp-json\/wp\/v2\/product_cat?post=8020"},{"taxonomy":"product_tag","embeddable":true,"href":"https:\/\/experienciaslatam.com\/es\/wp-json\/wp\/v2\/product_tag?post=8020"}],"curies":[{"name":"wp","href":"https:\/\/api.w.org\/{rel}","templated":true}]}}