{"id":8054,"date":"2025-08-05T14:49:55","date_gmt":"2025-08-05T19:49:55","guid":{"rendered":"https:\/\/experienciaslatam.com\/?post_type=product&#038;p=8054"},"modified":"2026-03-26T16:47:48","modified_gmt":"2026-03-26T21:47:48","slug":"prepara-cocteles-con-un-bartender-estrella-en-uno-de-los-mejores-bares-de-vina-del-mar","status":"publish","type":"product","link":"https:\/\/experienciaslatam.com\/es\/experiencias\/prepara-cocteles-con-un-bartender-estrella-en-uno-de-los-mejores-bares-de-vina-del-mar\/","title":{"rendered":"Explora la herencia del pisco chileno con una degustaci\u00f3n guiada en Vi\u00f1a del Mar"},"content":{"rendered":"<p><span class=\"TextRun SCXW230179023 BCX8\" lang=\"EN-US\" xml:lang=\"EN-US\" data-contrast=\"auto\"><span class=\"NormalTextRun SpellingErrorV2Themed SCXW230179023 BCX8\">Celebra<\/span> <span class=\"NormalTextRun SpellingErrorV2Themed SCXW230179023 BCX8\">el<\/span><span class=\"NormalTextRun SCXW230179023 BCX8\"> pisco chileno <\/span><span class=\"NormalTextRun SpellingErrorV2Themed SCXW230179023 BCX8\">durante<\/span> <span class=\"NormalTextRun SpellingErrorV2Themed SCXW230179023 BCX8\">una<\/span> <span class=\"NormalTextRun SpellingErrorV2Themed SCXW230179023 BCX8\">degustaci\u00f3n<\/span> <span class=\"NormalTextRun SpellingErrorV2Themed SCXW230179023 BCX8\">guiada<\/span> <span class=\"NormalTextRun SpellingErrorV2Themed SCXW230179023 BCX8\">por<\/span> <span class=\"NormalTextRun SpellingErrorV2Themed SCXW230179023 BCX8\">expertos<\/span> <span class=\"NormalTextRun SpellingErrorV2Themed SCXW230179023 BCX8\">en<\/span> <span class=\"NormalTextRun SpellingErrorV2Themed SCXW230179023 BCX8\">C\u00f3nclave<\/span><span class=\"NormalTextRun SCXW230179023 BCX8\"> 1929, <\/span><span class=\"NormalTextRun SpellingErrorV2Themed SCXW230179023 BCX8\">en<\/span><span class=\"NormalTextRun SCXW230179023 BCX8\"> Vi\u00f1a del Mar. <\/span><span class=\"NormalTextRun SpellingErrorV2Themed SCXW230179023 BCX8\">Seguir\u00e1s<\/span> <span class=\"NormalTextRun SpellingErrorV2Themed SCXW230179023 BCX8\">el<\/span> <span class=\"NormalTextRun SpellingErrorV2Themed SCXW230179023 BCX8\">recorrido<\/span><span class=\"NormalTextRun SCXW230179023 BCX8\"> junto al <\/span><span class=\"NormalTextRun SpellingErrorV2Themed SCXW230179023 BCX8\">reconocido<\/span> <span class=\"NormalTextRun SpellingErrorV2Themed SCXW230179023 BCX8\">embajador<\/span><span class=\"NormalTextRun SCXW230179023 BCX8\"> del pisco, Renato Olmedo, <\/span><span class=\"NormalTextRun SpellingErrorV2Themed SCXW230179023 BCX8\">quien<\/span> <span class=\"NormalTextRun SpellingErrorV2Themed SCXW230179023 BCX8\">presentar\u00e1<\/span> <span class=\"NormalTextRun SpellingErrorV2Themed SCXW230179023 BCX8\">nueve<\/span> <span class=\"NormalTextRun SpellingErrorV2Themed SCXW230179023 BCX8\">etiquetas<\/span> <span class=\"NormalTextRun SpellingErrorV2Themed SCXW230179023 BCX8\">distintas<\/span> <span class=\"NormalTextRun SpellingErrorV2Themed SCXW230179023 BCX8\">acompa\u00f1adas<\/span><span class=\"NormalTextRun SCXW230179023 BCX8\"> de <\/span><span class=\"NormalTextRun SpellingErrorV2Themed SCXW230179023 BCX8\">bocados<\/span> <span class=\"NormalTextRun SpellingErrorV2Themed SCXW230179023 BCX8\">especialmente<\/span> <span class=\"NormalTextRun SpellingErrorV2Themed SCXW230179023 BCX8\">dise\u00f1ados<\/span><span class=\"NormalTextRun SCXW230179023 BCX8\"> para <\/span><span class=\"NormalTextRun SpellingErrorV2Themed SCXW230179023 BCX8\">realzar<\/span> <span class=\"NormalTextRun SpellingErrorV2Themed SCXW230179023 BCX8\">cada<\/span><span class=\"NormalTextRun SCXW230179023 BCX8\"> sorbo. <\/span><span class=\"NormalTextRun SpellingErrorV2Themed SCXW230179023 BCX8\">Aprender\u00e1s<\/span> <span class=\"NormalTextRun SpellingErrorV2Themed SCXW230179023 BCX8\">sobre<\/span><span class=\"NormalTextRun SCXW230179023 BCX8\"> las <\/span><span class=\"NormalTextRun SpellingErrorV2Themed SCXW230179023 BCX8\">variedades<\/span><span class=\"NormalTextRun SCXW230179023 BCX8\"> de uva, <\/span><span class=\"NormalTextRun SpellingErrorV2Themed SCXW230179023 BCX8\">t\u00e9cnicas<\/span><span class=\"NormalTextRun SCXW230179023 BCX8\"> de <\/span><span class=\"NormalTextRun SpellingErrorV2Themed SCXW230179023 BCX8\">destilaci\u00f3n<\/span><span class=\"NormalTextRun SCXW230179023 BCX8\"> y las <\/span><span class=\"NormalTextRun SpellingErrorV2Themed SCXW230179023 BCX8\">historias<\/span> <span class=\"NormalTextRun SpellingErrorV2Themed SCXW230179023 BCX8\">detr\u00e1s<\/span><span class=\"NormalTextRun SCXW230179023 BCX8\"> de <\/span><span class=\"NormalTextRun SpellingErrorV2Themed SCXW230179023 BCX8\">este<\/span> <span class=\"NormalTextRun SpellingErrorV2Themed SCXW230179023 BCX8\">emblem\u00e1tico<\/span> <span class=\"NormalTextRun SpellingErrorV2Themed SCXW230179023 BCX8\">destilado<\/span><span class=\"NormalTextRun SCXW230179023 BCX8\">. Adem\u00e1s, <\/span><span class=\"NormalTextRun SpellingErrorV2Themed SCXW230179023 BCX8\">te<\/span> <span class=\"NormalTextRun SpellingErrorV2Themed SCXW230179023 BCX8\">llevar\u00e1s<\/span><span class=\"NormalTextRun SCXW230179023 BCX8\"> un <\/span><span class=\"NormalTextRun SpellingErrorV2Themed SCXW230179023 BCX8\">recuerdo<\/span> <span class=\"NormalTextRun SpellingErrorV2Themed SCXW230179023 BCX8\">sorpresa<\/span><span class=\"NormalTextRun SCXW230179023 BCX8\"> y <\/span><span class=\"NormalTextRun SpellingErrorV2Themed SCXW230179023 BCX8\">una<\/span> <span class=\"NormalTextRun SpellingErrorV2Themed SCXW230179023 BCX8\">botella<\/span> <span class=\"NormalTextRun SpellingErrorV2Themed SCXW230179023 BCX8\">etiquetada<\/span><span class=\"NormalTextRun SCXW230179023 BCX8\"> a mano de pisco <\/span><span class=\"NormalTextRun SpellingErrorV2Themed SCXW230179023 BCX8\">Wiluf<\/span><span class=\"NormalTextRun SCXW230179023 BCX8\"> de <\/span><span class=\"NormalTextRun SpellingErrorV2Themed SCXW230179023 BCX8\">edici\u00f3n<\/span> <span class=\"NormalTextRun SpellingErrorV2Themed SCXW230179023 BCX8\">limitada<\/span><span class=\"NormalTextRun SCXW230179023 BCX8\">. Exclusivo para <\/span><span class=\"NormalTextRun SpellingErrorV2Themed SCXW230179023 BCX8\">tarjetahabientes<\/span><span class=\"NormalTextRun SCXW230179023 BCX8\"> Mastercard.<\/span><\/span><span class=\"EOP SCXW230179023 BCX8\" data-ccp-props=\"{}\">\u00a0<\/span><\/p>\n<p>&nbsp;<\/p>\n","protected":false},"excerpt":{"rendered":"<p>Celebra el pisco chileno durante una degustaci\u00f3n guiada por expertos en C\u00f3nclave 1929, en Vi\u00f1a del Mar. Seguir\u00e1s el recorrido junto al reconocido embajador del pisco, Renato Olmedo, quien presentar\u00e1 nueve etiquetas distintas acompa\u00f1adas de bocados especialmente dise\u00f1ados para realzar cada sorbo. Aprender\u00e1s sobre las variedades de uva, t\u00e9cnicas de destilaci\u00f3n y las historias detr\u00e1s [&hellip;]<\/p>\n","protected":false},"featured_media":8111,"template":"","meta":{"_acf_changed":false,"inline_featured_image":false},"product_brand":[],"product_cat":[47],"product_tag":[],"class_list":{"0":"post-8054","1":"product","2":"type-product","3":"status-publish","4":"has-post-thumbnail","6":"product_cat-experiencias","8":"first","9":"instock","10":"virtual","11":"sold-individually","12":"purchasable","13":"product-type-booking"},"acf":[],"_links":{"self":[{"href":"https:\/\/experienciaslatam.com\/es\/wp-json\/wp\/v2\/product\/8054","targetHints":{"allow":["GET"]}}],"collection":[{"href":"https:\/\/experienciaslatam.com\/es\/wp-json\/wp\/v2\/product"}],"about":[{"href":"https:\/\/experienciaslatam.com\/es\/wp-json\/wp\/v2\/types\/product"}],"wp:featuredmedia":[{"embeddable":true,"href":"https:\/\/experienciaslatam.com\/es\/wp-json\/wp\/v2\/media\/8111"}],"wp:attachment":[{"href":"https:\/\/experienciaslatam.com\/es\/wp-json\/wp\/v2\/media?parent=8054"}],"wp:term":[{"taxonomy":"product_brand","embeddable":true,"href":"https:\/\/experienciaslatam.com\/es\/wp-json\/wp\/v2\/product_brand?post=8054"},{"taxonomy":"product_cat","embeddable":true,"href":"https:\/\/experienciaslatam.com\/es\/wp-json\/wp\/v2\/product_cat?post=8054"},{"taxonomy":"product_tag","embeddable":true,"href":"https:\/\/experienciaslatam.com\/es\/wp-json\/wp\/v2\/product_tag?post=8054"}],"curies":[{"name":"wp","href":"https:\/\/api.w.org\/{rel}","templated":true}]}}