{"id":8209,"date":"2025-08-08T15:40:32","date_gmt":"2025-08-08T20:40:32","guid":{"rendered":"https:\/\/experienciaslatam.com\/?post_type=product&#038;p=8209"},"modified":"2026-03-27T11:42:59","modified_gmt":"2026-03-27T16:42:59","slug":"date-un-gusto-con-seis-exquisitos-tiempos-de-cocina-colombiana-en-bogota","status":"publish","type":"product","link":"https:\/\/experienciaslatam.com\/es\/experiencias\/date-un-gusto-con-seis-exquisitos-tiempos-de-cocina-colombiana-en-bogota\/","title":{"rendered":"Date un gusto con seis exquisitos tiempos de cocina colombiana en Bogot\u00e1"},"content":{"rendered":"<p><span class=\"TextRun SCXW38363602 BCX0\" lang=\"ES-ES\" xml:lang=\"ES-ES\" data-contrast=\"auto\"><span class=\"NormalTextRun SCXW38363602 BCX0\">Emprende un viaje culinario por Colombia en el aclamado restaurante Leo en Bogot\u00e1, curado por la chef y propietaria Leonor Espinosa. Degustar\u00e1s seis tiempos \u00fanicos creados por una mujer cuyos m\u00faltiples reconocimientos incluyen haber sido nombrada la mejor chef femenina del mundo por la marca 50 <\/span><span class=\"NormalTextRun SpellingErrorV2Themed SCXW38363602 BCX0\">Best<\/span><span class=\"NormalTextRun SCXW38363602 BCX0\">. El men\u00fa de la noche estar\u00e1 acompa\u00f1ado por c\u00f3cteles excepcionales preparados por Laura Hern\u00e1ndez, de La Sala de Laura, actualmente clasificado entre los 50 Mejores Bares del Mundo por 50 <\/span><span class=\"NormalTextRun SpellingErrorV2Themed SCXW38363602 BCX0\">Best<\/span><span class=\"NormalTextRun SCXW38363602 BCX0\">. Finalizar\u00e1s con un plato sorpresa fuera del men\u00fa, elaborado con ingredientes locales y maridado con un c\u00f3ctel personalizado, seguido de una cata de caf\u00e9 y cacao. Adem\u00e1s, recibir\u00e1s como obsequio un men\u00fa con un mapa de origen de los ingredientes. Exclusivo para tarjetahabientes <\/span><span class=\"NormalTextRun SpellingErrorV2Themed SCXW38363602 BCX0\">Mastercard<\/span><span class=\"NormalTextRun SCXW38363602 BCX0\">.<\/span><\/span><span class=\"EOP SCXW38363602 BCX0\" data-ccp-props=\"{&quot;134233117&quot;:false,&quot;134233118&quot;:false,&quot;335551550&quot;:0,&quot;335551620&quot;:0,&quot;335559738&quot;:240,&quot;335559739&quot;:240}\">\u00a0<\/span><\/p>\n<p>&nbsp;<\/p>\n","protected":false},"excerpt":{"rendered":"<p>Emprende un viaje culinario por Colombia en el aclamado restaurante Leo en Bogot\u00e1, curado por la chef y propietaria Leonor Espinosa. Degustar\u00e1s seis tiempos \u00fanicos creados por una mujer cuyos m\u00faltiples reconocimientos incluyen haber sido nombrada la mejor chef femenina del mundo por la marca 50 Best. El men\u00fa de la noche estar\u00e1 acompa\u00f1ado por [&hellip;]<\/p>\n","protected":false},"featured_media":8226,"template":"","meta":{"_acf_changed":false,"inline_featured_image":false},"product_brand":[],"product_cat":[47],"product_tag":[],"class_list":{"0":"post-8209","1":"product","2":"type-product","3":"status-publish","4":"has-post-thumbnail","6":"product_cat-experiencias","8":"first","9":"instock","10":"virtual","11":"sold-individually","12":"purchasable","13":"product-type-booking"},"acf":[],"_links":{"self":[{"href":"https:\/\/experienciaslatam.com\/es\/wp-json\/wp\/v2\/product\/8209","targetHints":{"allow":["GET"]}}],"collection":[{"href":"https:\/\/experienciaslatam.com\/es\/wp-json\/wp\/v2\/product"}],"about":[{"href":"https:\/\/experienciaslatam.com\/es\/wp-json\/wp\/v2\/types\/product"}],"wp:featuredmedia":[{"embeddable":true,"href":"https:\/\/experienciaslatam.com\/es\/wp-json\/wp\/v2\/media\/8226"}],"wp:attachment":[{"href":"https:\/\/experienciaslatam.com\/es\/wp-json\/wp\/v2\/media?parent=8209"}],"wp:term":[{"taxonomy":"product_brand","embeddable":true,"href":"https:\/\/experienciaslatam.com\/es\/wp-json\/wp\/v2\/product_brand?post=8209"},{"taxonomy":"product_cat","embeddable":true,"href":"https:\/\/experienciaslatam.com\/es\/wp-json\/wp\/v2\/product_cat?post=8209"},{"taxonomy":"product_tag","embeddable":true,"href":"https:\/\/experienciaslatam.com\/es\/wp-json\/wp\/v2\/product_tag?post=8209"}],"curies":[{"name":"wp","href":"https:\/\/api.w.org\/{rel}","templated":true}]}}