{"id":8244,"date":"2025-08-11T15:13:47","date_gmt":"2025-08-11T20:13:47","guid":{"rendered":"https:\/\/experienciaslatam.com\/?post_type=product&#038;p=8244"},"modified":"2025-08-11T16:36:59","modified_gmt":"2025-08-11T21:36:59","slug":"explora-dos-paisajes-impresionantes-en-un-tour-fotografico-privado-por-el-desierto-de-atacama","status":"publish","type":"product","link":"https:\/\/experienciaslatam.com\/es\/experiencias\/explora-dos-paisajes-impresionantes-en-un-tour-fotografico-privado-por-el-desierto-de-atacama\/","title":{"rendered":"Explora dos paisajes impresionantes en un tour fotogr\u00e1fico privado por el Desierto de Atacama"},"content":{"rendered":"<p><span class=\"TextRun SCXW145301629 BCX8\" lang=\"EN-US\" xml:lang=\"EN-US\" data-contrast=\"auto\"><span class=\"NormalTextRun SCXW145301629 BCX8\">Emprende un tour fotogr\u00e1fico privado y guiado por dos paisajes impresionantes en la espectacular Cordillera de la Sal del Desierto de Atacama. Descubrir\u00e1s los contrastes dram\u00e1ticos del vasto desierto chileno junto a un gu\u00eda y fot\u00f3grafo local con m\u00e1s de 10 a\u00f1os de experiencia, quien compartir\u00e1 consejos expertos de fotograf\u00eda y profundos conocimientos sobre el patrimonio natural y cultural de la zona. Comenzar\u00e1s en el Valle del Arco\u00edris, donde presenciar\u00e1s capas minerales que pintan el terreno con tonalidades caleidosc\u00f3picas de ensue\u00f1o, esculpidas en formaciones de otro mundo por las fuerzas de la erosi\u00f3n. Luego, caminar\u00e1s por el R\u00edo Salado, donde el agua fluye entre tranquilos ca\u00f1ones. Adem\u00e1s, har\u00e1s una parada para disfrutar de un almuerzo tipo picnic en un lugar de tu elecci\u00f3n a lo largo de la ruta, y viajar\u00e1s con comodidad gracias al transporte ida y vuelta durante todo el d\u00eda. Exclusivo para tarjetahabientes Mastercard.<\/span><\/span><span class=\"EOP SCXW145301629 BCX8\" data-ccp-props=\"{&quot;134233117&quot;:false,&quot;134233118&quot;:false,&quot;335551550&quot;:0,&quot;335551620&quot;:0,&quot;335559738&quot;:240,&quot;335559739&quot;:240}\">\u00a0<\/span><\/p>\n<p>&nbsp;<\/p>\n","protected":false},"excerpt":{"rendered":"<p>Emprende un tour fotogr\u00e1fico privado y guiado por dos paisajes impresionantes en la espectacular Cordillera de la Sal del Desierto de Atacama. Descubrir\u00e1s los contrastes dram\u00e1ticos del vasto desierto chileno junto a un gu\u00eda y fot\u00f3grafo local con m\u00e1s de 10 a\u00f1os de experiencia, quien compartir\u00e1 consejos expertos de fotograf\u00eda y profundos conocimientos sobre el [&hellip;]<\/p>\n","protected":false},"featured_media":8249,"template":"","meta":{"_acf_changed":false,"inline_featured_image":false},"product_brand":[],"product_cat":[47],"product_tag":[],"class_list":{"0":"post-8244","1":"product","2":"type-product","3":"status-publish","4":"has-post-thumbnail","6":"product_cat-experiencias","8":"first","9":"instock","10":"virtual","11":"sold-individually","12":"purchasable","13":"product-type-booking"},"acf":[],"_links":{"self":[{"href":"https:\/\/experienciaslatam.com\/es\/wp-json\/wp\/v2\/product\/8244","targetHints":{"allow":["GET"]}}],"collection":[{"href":"https:\/\/experienciaslatam.com\/es\/wp-json\/wp\/v2\/product"}],"about":[{"href":"https:\/\/experienciaslatam.com\/es\/wp-json\/wp\/v2\/types\/product"}],"wp:featuredmedia":[{"embeddable":true,"href":"https:\/\/experienciaslatam.com\/es\/wp-json\/wp\/v2\/media\/8249"}],"wp:attachment":[{"href":"https:\/\/experienciaslatam.com\/es\/wp-json\/wp\/v2\/media?parent=8244"}],"wp:term":[{"taxonomy":"product_brand","embeddable":true,"href":"https:\/\/experienciaslatam.com\/es\/wp-json\/wp\/v2\/product_brand?post=8244"},{"taxonomy":"product_cat","embeddable":true,"href":"https:\/\/experienciaslatam.com\/es\/wp-json\/wp\/v2\/product_cat?post=8244"},{"taxonomy":"product_tag","embeddable":true,"href":"https:\/\/experienciaslatam.com\/es\/wp-json\/wp\/v2\/product_tag?post=8244"}],"curies":[{"name":"wp","href":"https:\/\/api.w.org\/{rel}","templated":true}]}}