{"id":8376,"date":"2025-08-13T08:48:37","date_gmt":"2025-08-13T13:48:37","guid":{"rendered":"https:\/\/experienciaslatam.com\/?post_type=product&#038;p=8376"},"modified":"2026-03-26T16:12:41","modified_gmt":"2026-03-26T21:12:41","slug":"camine-por-la-ruta-menos-transitada-hacia-el-cristo-redentor","status":"publish","type":"product","link":"https:\/\/experienciaslatam.com\/es\/experiencias\/camine-por-la-ruta-menos-transitada-hacia-el-cristo-redentor\/","title":{"rendered":"Camine por la ruta menos transitada hacia el Cristo Redentor"},"content":{"rendered":"<p><span class=\"TextRun SCXW73857561 BCX8\" lang=\"ES-ES\" xml:lang=\"ES-ES\" data-contrast=\"auto\"><span class=\"NormalTextRun SCXW73857561 BCX8\">Camine hasta el Cristo Redentor por una ruta menos transitada con un experto en ecoturismo certificado y disfrute de un delicioso desayuno brasile\u00f1o. Comenzar\u00e1 su ascenso por un tranquilo sendero en la selva tropical. Desde all\u00ed, recorrer\u00e1 el Parque Nacional de <\/span><span class=\"NormalTextRun SpellingErrorV2Themed SCXW73857561 BCX8\">Tijuca<\/span><span class=\"NormalTextRun SCXW73857561 BCX8\"> hasta un mirador aislado, donde degustar\u00e1 un desayuno que incluye s\u00e1ndwiches, frutas, caf\u00e9 y tradicionales tortas de tapioca. Luego, se dirigir\u00e1 a la cima para disfrutar de vistas panor\u00e1micas de R\u00edo. Concluir\u00e1 su recorrido con un viaje en el tren cl\u00e1sico desde el Corcovado. Exclusivo para tarjetahabientes <\/span><span class=\"NormalTextRun SpellingErrorV2Themed SCXW73857561 BCX8\">Mastercard<\/span><span class=\"NormalTextRun SCXW73857561 BCX8\">.<\/span><\/span><span class=\"EOP SCXW73857561 BCX8\" data-ccp-props=\"{&quot;134233117&quot;:false,&quot;134233118&quot;:false,&quot;335551550&quot;:0,&quot;335551620&quot;:0,&quot;335559738&quot;:240,&quot;335559739&quot;:240}\">\u00a0<\/span><\/p>\n","protected":false},"excerpt":{"rendered":"<p>Camine hasta el Cristo Redentor por una ruta menos transitada con un experto en ecoturismo certificado y disfrute de un delicioso desayuno brasile\u00f1o. Comenzar\u00e1 su ascenso por un tranquilo sendero en la selva tropical. Desde all\u00ed, recorrer\u00e1 el Parque Nacional de Tijuca hasta un mirador aislado, donde degustar\u00e1 un desayuno que incluye s\u00e1ndwiches, frutas, caf\u00e9 [&hellip;]<\/p>\n","protected":false},"featured_media":8397,"template":"","meta":{"_acf_changed":false,"inline_featured_image":false},"product_brand":[],"product_cat":[47],"product_tag":[],"class_list":{"0":"post-8376","1":"product","2":"type-product","3":"status-publish","4":"has-post-thumbnail","6":"product_cat-experiencias","8":"first","9":"instock","10":"virtual","11":"sold-individually","12":"purchasable","13":"product-type-booking"},"acf":[],"_links":{"self":[{"href":"https:\/\/experienciaslatam.com\/es\/wp-json\/wp\/v2\/product\/8376","targetHints":{"allow":["GET"]}}],"collection":[{"href":"https:\/\/experienciaslatam.com\/es\/wp-json\/wp\/v2\/product"}],"about":[{"href":"https:\/\/experienciaslatam.com\/es\/wp-json\/wp\/v2\/types\/product"}],"wp:featuredmedia":[{"embeddable":true,"href":"https:\/\/experienciaslatam.com\/es\/wp-json\/wp\/v2\/media\/8397"}],"wp:attachment":[{"href":"https:\/\/experienciaslatam.com\/es\/wp-json\/wp\/v2\/media?parent=8376"}],"wp:term":[{"taxonomy":"product_brand","embeddable":true,"href":"https:\/\/experienciaslatam.com\/es\/wp-json\/wp\/v2\/product_brand?post=8376"},{"taxonomy":"product_cat","embeddable":true,"href":"https:\/\/experienciaslatam.com\/es\/wp-json\/wp\/v2\/product_cat?post=8376"},{"taxonomy":"product_tag","embeddable":true,"href":"https:\/\/experienciaslatam.com\/es\/wp-json\/wp\/v2\/product_tag?post=8376"}],"curies":[{"name":"wp","href":"https:\/\/api.w.org\/{rel}","templated":true}]}}