{"id":8571,"date":"2025-08-20T13:31:30","date_gmt":"2025-08-20T18:31:30","guid":{"rendered":"https:\/\/experienciaslatam.com\/?post_type=product&#038;p=8571"},"modified":"2026-03-26T17:12:20","modified_gmt":"2026-03-26T22:12:20","slug":"cena-con-platos-emblematicos-y-corazon-ancestral-en-conclave-1929","status":"publish","type":"product","link":"https:\/\/experienciaslatam.com\/es\/experiencias\/cena-con-platos-emblematicos-y-corazon-ancestral-en-conclave-1929\/","title":{"rendered":"Cena con platos emblem\u00e1ticos y coraz\u00f3n ancestral en C\u00f3nclave 1929"},"content":{"rendered":"<p><span class=\"TextRun SCXW255238559 BCX8\" lang=\"ES-ES\" xml:lang=\"ES-ES\" data-contrast=\"auto\"><span class=\"NormalTextRun SCXW255238559 BCX8\">Est\u00e1s invitado a C\u00f3nclave 1929 para una cena \u00edntima con vino. A lo largo de cuatro irresistibles tiempos, vivir\u00e1s momentos clave en la vida de Renato Olmedo. Cada plato es un emotivo tributo a su abuela epic\u00farea y ha sido cuidadosamente maridado con vinos excepcionales. El propio Olmedo te guiar\u00e1 durante la velada, tejiendo un relato de sabor, memoria y significado. Adem\u00e1s, recibir\u00e1s una botella de vino chileno premium para llevar a casa. Exclusivo para tarjetahabientes <\/span><span class=\"NormalTextRun SpellingErrorV2Themed SCXW255238559 BCX8\">Mastercard<\/span><span class=\"NormalTextRun SCXW255238559 BCX8\">.<\/span><\/span><span class=\"EOP SCXW255238559 BCX8\" data-ccp-props=\"{&quot;134233117&quot;:false,&quot;134233118&quot;:false,&quot;335559738&quot;:240,&quot;335559739&quot;:240}\">\u00a0<\/span><\/p>\n<p>&nbsp;<\/p>\n","protected":false},"excerpt":{"rendered":"<p>Est\u00e1s invitado a C\u00f3nclave 1929 para una cena \u00edntima con vino. A lo largo de cuatro irresistibles tiempos, vivir\u00e1s momentos clave en la vida de Renato Olmedo. Cada plato es un emotivo tributo a su abuela epic\u00farea y ha sido cuidadosamente maridado con vinos excepcionales. El propio Olmedo te guiar\u00e1 durante la velada, tejiendo un [&hellip;]<\/p>\n","protected":false},"featured_media":8602,"template":"","meta":{"_acf_changed":false,"inline_featured_image":false},"product_brand":[],"product_cat":[47],"product_tag":[],"class_list":{"0":"post-8571","1":"product","2":"type-product","3":"status-publish","4":"has-post-thumbnail","6":"product_cat-experiencias","8":"first","9":"instock","10":"virtual","11":"sold-individually","12":"purchasable","13":"product-type-booking"},"acf":[],"_links":{"self":[{"href":"https:\/\/experienciaslatam.com\/es\/wp-json\/wp\/v2\/product\/8571","targetHints":{"allow":["GET"]}}],"collection":[{"href":"https:\/\/experienciaslatam.com\/es\/wp-json\/wp\/v2\/product"}],"about":[{"href":"https:\/\/experienciaslatam.com\/es\/wp-json\/wp\/v2\/types\/product"}],"wp:featuredmedia":[{"embeddable":true,"href":"https:\/\/experienciaslatam.com\/es\/wp-json\/wp\/v2\/media\/8602"}],"wp:attachment":[{"href":"https:\/\/experienciaslatam.com\/es\/wp-json\/wp\/v2\/media?parent=8571"}],"wp:term":[{"taxonomy":"product_brand","embeddable":true,"href":"https:\/\/experienciaslatam.com\/es\/wp-json\/wp\/v2\/product_brand?post=8571"},{"taxonomy":"product_cat","embeddable":true,"href":"https:\/\/experienciaslatam.com\/es\/wp-json\/wp\/v2\/product_cat?post=8571"},{"taxonomy":"product_tag","embeddable":true,"href":"https:\/\/experienciaslatam.com\/es\/wp-json\/wp\/v2\/product_tag?post=8571"}],"curies":[{"name":"wp","href":"https:\/\/api.w.org\/{rel}","templated":true}]}}