{"id":9601,"date":"2025-11-19T17:39:10","date_gmt":"2025-11-19T22:39:10","guid":{"rendered":"https:\/\/experienciaslatam.com\/?post_type=product&#038;p=9601"},"modified":"2025-11-25T15:47:29","modified_gmt":"2025-11-25T20:47:29","slug":"asiste-a-la-ceremonia-inaugural-en-la-final-de-la-conmebol-libertadores-2025","status":"publish","type":"product","link":"https:\/\/experienciaslatam.com\/es\/experiencias\/asiste-a-la-ceremonia-inaugural-en-la-final-de-la-conmebol-libertadores-2025\/","title":{"rendered":"Asiste a la ceremonia inaugural en la final de la CONMEBOL Libertadores 2025"},"content":{"rendered":"<p>Crea un recuerdo inolvidable del f\u00fatbol al pisar la cancha para presenciar la ceremonia previa al partido en la final de la CONMEBOL Libertadores en el Estadio Monumental el 29 de noviembre de 2025. Cortes\u00eda de Mastercard, t\u00fa y tu acompa\u00f1ante vivir\u00e1n la atm\u00f3sfera electrizante con coreograf\u00eda, fuegos artificiales y m\u00fasica, antes de dirigirse a sus asientos Categor\u00eda 1 en la zona baja para ver el partido. El paquete incluye transporte ida y vuelta desde el hotel Hyatt Centric y merchandising oficial de la CONMEBOL Libertadores. Exclusivo para tarjetahabientes Mastercard.<\/p>\n","protected":false},"excerpt":{"rendered":"<p>Crea un recuerdo inolvidable del f\u00fatbol al pisar la cancha para presenciar la ceremonia previa al partido en la final de la CONMEBOL Libertadores en el Estadio Monumental el 29 de noviembre de 2025. Cortes\u00eda de Mastercard, t\u00fa y tu acompa\u00f1ante vivir\u00e1n la atm\u00f3sfera electrizante con coreograf\u00eda, fuegos artificiales y m\u00fasica, antes de dirigirse a [&hellip;]<\/p>\n","protected":false},"featured_media":9607,"template":"","meta":{"_acf_changed":false,"inline_featured_image":false},"product_brand":[],"product_cat":[47,55],"product_tag":[],"class_list":{"0":"post-9601","1":"product","2":"type-product","3":"status-publish","4":"has-post-thumbnail","6":"product_cat-experiencias","7":"product_cat-libertadoresla","9":"first","10":"outofstock","11":"sold-individually","12":"shipping-taxable","13":"purchasable","14":"product-type-variable"},"acf":[],"_links":{"self":[{"href":"https:\/\/experienciaslatam.com\/es\/wp-json\/wp\/v2\/product\/9601","targetHints":{"allow":["GET"]}}],"collection":[{"href":"https:\/\/experienciaslatam.com\/es\/wp-json\/wp\/v2\/product"}],"about":[{"href":"https:\/\/experienciaslatam.com\/es\/wp-json\/wp\/v2\/types\/product"}],"wp:featuredmedia":[{"embeddable":true,"href":"https:\/\/experienciaslatam.com\/es\/wp-json\/wp\/v2\/media\/9607"}],"wp:attachment":[{"href":"https:\/\/experienciaslatam.com\/es\/wp-json\/wp\/v2\/media?parent=9601"}],"wp:term":[{"taxonomy":"product_brand","embeddable":true,"href":"https:\/\/experienciaslatam.com\/es\/wp-json\/wp\/v2\/product_brand?post=9601"},{"taxonomy":"product_cat","embeddable":true,"href":"https:\/\/experienciaslatam.com\/es\/wp-json\/wp\/v2\/product_cat?post=9601"},{"taxonomy":"product_tag","embeddable":true,"href":"https:\/\/experienciaslatam.com\/es\/wp-json\/wp\/v2\/product_tag?post=9601"}],"curies":[{"name":"wp","href":"https:\/\/api.w.org\/{rel}","templated":true}]}}